{"id":205857,"date":"2025-01-30T13:37:19","date_gmt":"2025-01-30T11:37:19","guid":{"rendered":"https:\/\/ownpowr.com\/?post_type=product&#038;p=205857"},"modified":"2025-01-31T10:08:34","modified_gmt":"2025-01-31T08:08:34","slug":"blauhoff-25k-50kwh-hv-3-phase-system-powerpack-ip55-100ah-1c-charge-discharge","status":"publish","type":"product","link":"https:\/\/ownpowr.com\/sv\/product\/blauhoff-25k-50kwh-hv-3-fas-system-powerpack-ip55-100ah-1c-laddning-urladdning\/","title":{"rendered":"Blauhoff 25K\/50kWh HV 3 Fas System Powerpack IP55 100aH 1C Laddning\/Utladdning"},"content":{"rendered":"<p>Blauhoff Home 25K\/50 kWh HV 3 Fas System Koboltfritt Powerpack IP55 Utomhus\/Ind\u00f6rr\/Koboltfritt 100aH 1C<\/p>\n<p>Det superrobusta och l\u00e4tt utbyggbara 3-fassystemet Blauhoff Home BLH-25k\/50 kWh fr\u00e5n det v\u00e4lk\u00e4nda varum\u00e4rket Blauhoff erbjuder en tillf\u00f6rlitlig och effektiv energilagringsl\u00f6sning f\u00f6r hush\u00e5ll med h\u00f6gre f\u00f6rbrukning. Med det h\u00e4r kraftfulla systemet kan du optimera energieffektiviteten i ditt hem, minska ditt beroende av eln\u00e4tet och dra nytta av n\u00f6dstr\u00f6msf\u00f6rs\u00f6rjning vid str\u00f6mavbrott. Systemet levereras dessutom med fri montering, vilket s\u00e4kerst\u00e4ller en problemfri installation. Kommunicerar efter behov med dynamisk kraft utan abonnemang och alltid fritt val av energileverant\u00f6r!<\/p>\n<p>V\u00e4xelriktaren har en l\u00e4ngd p\u00e5 780 mm och en vikt p\u00e5 33,6 kg. Med en extra kabel p\u00e5 300 mm mellan v\u00e4xelriktaren och batteriet kan du best\u00e4mma den optimala placeringen f\u00f6r ditt system, vilket s\u00e4kerst\u00e4ller effektiv energi\u00f6verf\u00f6ring och minimal energif\u00f6rlust.<\/p>\n<p>Home BLH-25k\/50 kWh 3-fassystem rekommenderas f\u00f6r hush\u00e5ll med en genomsnittlig \u00e5rlig f\u00f6rbrukning p\u00e5 cirka 18250 kWh. Med en effekt p\u00e5 25 kW kan du t\u00e4cka en betydande del av ditt energibehov genom att anv\u00e4nda den genererade solenergin och den energi som lagras i batteriet. Dessutom tillhandah\u00e5ller systemet n\u00f6dstr\u00f6m, s\u00e5 att viktiga enheter forts\u00e4tter att fungera under str\u00f6mavbrott och dina dagliga rutiner kan forts\u00e4tta utan avbrott. Systemet \u00e4r ocks\u00e5 utbyggbart upp till 600 kWh.<\/p>\n<p>Blauhoff Home BLH-25k\/50 kWh 3-fas system Powerpack \u00e4r utformat med flexibilitet i \u00e5tanke. Det har en port f\u00f6r generator\/vindkvarn, s\u00e5 att du kan l\u00e4gga till ytterligare str\u00f6mk\u00e4llor och ytterligare \u00f6ka ditt energioberoende. Med en minsta anslutning p\u00e5 3x25A och l\u00e4mplig f\u00f6r 3-faskonfigurationer \u00e4r det h\u00e4r systemet kompatibelt med de flesta eln\u00e4t f\u00f6r hush\u00e5ll.<\/p>\n<p>Med fri montering kan du f\u00f6rlita dig p\u00e5 en professionell installation som s\u00e4kerst\u00e4ller att ditt system fungerar optimalt fr\u00e5n f\u00f6rsta stund och att du kan njuta av en bekymmersfri upplevelse.<\/p>\n<p>Byt till en mer effektiv och h\u00e5llbar energif\u00f6rs\u00f6rjning med Blauhoff Home BLH-25k\/50 kWh 3-fassystem. Med kraftfull energilagring, reservkraft och flexibilitet i energik\u00e4llorna kan du lita p\u00e5 en tillf\u00f6rlitlig str\u00f6mf\u00f6rs\u00f6rjning, g\u00f6ra kostnadsbesparingar och minska ditt koldioxidavtryck. V\u00e4lj Blauhoff och f\u00f6rbered ditt hem f\u00f6r framtidens energibehov.<\/p>\n<p>Finns \u00e4ven med v\u00e4rme f\u00f6r montering i kylrum eller utomhus som tillval!<\/p>\n<p><a href=\"https:\/\/blauhoff.nl\/wp-content\/uploads\/2024\/10\/Blauhoff-Power-Pack-HV-V1.4-1.pdf\" target=\"_blank\" rel=\"noopener\">Blauhoff Power Pack HV V1.4 (1)<\/a><\/p>\n<div style=\"width: 640px;\" class=\"wp-video\"><video class=\"wp-video-shortcode\" id=\"video-205857-1\" width=\"640\" height=\"360\" preload=\"metadata\" controls=\"controls\"><source type=\"video\/mp4\" src=\"https:\/\/blauhoff.nl\/wp-content\/uploads\/2024\/12\/Blauhoff-PowerPack-Series.mp4?_=1\" \/><a href=\"https:\/\/blauhoff.nl\/wp-content\/uploads\/2024\/12\/Blauhoff-PowerPack-Series.mp4\">https:\/\/blauhoff.nl\/wp-content\/uploads\/2024\/12\/Blauhoff-PowerPack-Series.mp4<\/a><\/video><\/div>","protected":false},"excerpt":{"rendered":"<p>Blauhoff Home 25K\/50 kWh HV 3-fas system Koboltfritt Powerpack IP55 Utomhus\/Inomhus\/Koboltfritt 100aH 1C Det superrobusta och l\u00e4tt utbyggbara Blauhoff Home BLH-25k\/50 kWh 3-fas systemet, fr\u00e5n det v\u00e4lk\u00e4nda [...].<\/p>","protected":false},"featured_media":205860,"template":"","meta":{"_seopress_robots_primary_cat":"none","_seopress_titles_title":"","_seopress_titles_desc":"","_seopress_robots_index":"","_kad_blocks_custom_css":"","_kad_blocks_head_custom_js":"","_kad_blocks_body_custom_js":"","_kad_blocks_footer_custom_js":""},"product_cat":[17,19],"product_tag":[],"class_list":{"0":"post-205857","1":"product","2":"type-product","3":"status-publish","4":"has-post-thumbnail","6":"product_cat-home-batteries","7":"product_cat-sets-with-inverters","9":"first","10":"instock","11":"taxable","12":"shipping-taxable","13":"purchasable","14":"product-type-simple"},"taxonomy_info":{"product_cat":[{"value":17,"label":"Home batteries"},{"value":19,"label":"Sets with inverters"}]},"featured_image_src_large":["https:\/\/ownpowr.com\/wp-content\/uploads\/2025\/01\/bh3_12k_50kwh-480x480-2.png",480,480,false],"author_info":[],"comment_info":"","_links":{"self":[{"href":"https:\/\/ownpowr.com\/sv\/wp-json\/wp\/v2\/product\/205857","targetHints":{"allow":["GET"]}}],"collection":[{"href":"https:\/\/ownpowr.com\/sv\/wp-json\/wp\/v2\/product"}],"about":[{"href":"https:\/\/ownpowr.com\/sv\/wp-json\/wp\/v2\/types\/product"}],"wp:featuredmedia":[{"embeddable":true,"href":"https:\/\/ownpowr.com\/sv\/wp-json\/wp\/v2\/media\/205860"}],"wp:attachment":[{"href":"https:\/\/ownpowr.com\/sv\/wp-json\/wp\/v2\/media?parent=205857"}],"wp:term":[{"taxonomy":"product_cat","embeddable":true,"href":"https:\/\/ownpowr.com\/sv\/wp-json\/wp\/v2\/product_cat?post=205857"},{"taxonomy":"product_tag","embeddable":true,"href":"https:\/\/ownpowr.com\/sv\/wp-json\/wp\/v2\/product_tag?post=205857"}],"curies":[{"name":"wp","href":"https:\/\/api.w.org\/{rel}","templated":true}]}}