{"id":206803,"date":"2025-02-07T15:58:34","date_gmt":"2025-02-07T13:58:34","guid":{"rendered":"https:\/\/ownpowr.com\/?post_type=product&#038;p=206803"},"modified":"2025-02-14T16:28:57","modified_gmt":"2025-02-14T14:28:57","slug":"blauhoff-home-8k-20kwh-3-phase-system","status":"publish","type":"product","link":"https:\/\/ownpowr.com\/sv\/product\/blauhoff-home-8k-20kwh-3-fas-system\/","title":{"rendered":"Blauhoff Home 8K\/20kWh 1- eller 3-fas system"},"content":{"rendered":"<p>Blauhoff Hem 8K\/20kWh Fas-system<\/p>\n<p>Blauhoff Home 8K\/20kWh Phase System, fr\u00e5n det p\u00e5litliga varum\u00e4rket Blauhoff, erbjuder en avancerad l\u00f6sning f\u00f6r energilagring i hemmet. Systemet \u00e4r s\u00e4rskilt utformat f\u00f6r att tillgodose energibehoven hos hush\u00e5ll med betydande f\u00f6rbrukning. Med det h\u00e4r kraftfulla systemet kan du optimera effektiviteten i din energif\u00f6rbrukning, minska ditt beroende av eln\u00e4tet och till och med dra nytta av reservkraft i h\u00e4ndelse av str\u00f6mavbrott. Systemet levereras dessutom med kostnadsfri installation, vilket g\u00f6r installationen enkel och problemfri.<\/p>\n<p>V\u00e4xelriktaren har en l\u00e4ngd p\u00e5 580 mm och v\u00e4ger 33,6 kg. Med en extra kabel p\u00e5 300 mm mellan v\u00e4xelriktaren och batteriet kan du best\u00e4mma den optimala placeringen f\u00f6r ditt system, vilket s\u00e4kerst\u00e4ller effektiv energi\u00f6verf\u00f6ring och minimala energif\u00f6rluster.<\/p>\n<p>Batterisystemet Blauhoff \u00e4r robust och h\u00e5llbart med m\u00e5tten 580 mm x 387 mm x 1300 mm och en vikt p\u00e5 180 kg. Batteriet har en imponerande kapacitet p\u00e5 20 kWh, vilket g\u00f6r att du kan lagra \u00f6verskottsenergi som genereras av dina solpaneler. N\u00e4r det inte finns n\u00e5got solljus tillg\u00e4ngligt kan du anv\u00e4nda den lagrade energin f\u00f6r att t\u00e4cka din energif\u00f6rbrukning, vilket minskar ditt beroende av eln\u00e4tet och s\u00e4nker dina energikostnader ytterligare.<\/p>\n<p>Fasssystemet Blauhoff Home 8K\/20kWh rekommenderas f\u00f6r hush\u00e5ll med en genomsnittlig \u00e5rsf\u00f6rbrukning p\u00e5 cirka 7000 kWh. Med en kapacitet p\u00e5 8 kW kan du t\u00e4cka en betydande del av ditt energibehov med hj\u00e4lp av den solenergi som genereras och den energi som lagras i batteriet. Dessutom erbjuder detta system n\u00f6dstr\u00f6m, s\u00e5 att du kan forts\u00e4tta anv\u00e4nda viktiga apparater under str\u00f6mavbrott, vilket garanterar din komfort och sinnesfrid.<\/p>\n<p>Blauhoff Home 8K\/20kWh Fas-system \u00e4r utformat med flexibilitet i \u00e5tanke. Det har en port f\u00f6r generator\/vindkvarn, vilket ger dig m\u00f6jlighet att l\u00e4gga till ytterligare energik\u00e4llor och ytterligare \u00f6ka ditt energioberoende. Med en minsta anslutning p\u00e5 1x40A och l\u00e4mplig f\u00f6r 1-faskonfigurationer \u00e4r det h\u00e4r systemet kompatibelt med de flesta inhemska eln\u00e4t.<\/p>\n<p>Tack vare den kostnadsfria installationen kan du f\u00f6rlita dig p\u00e5 en professionell installation, vilket sparar tid och anstr\u00e4ngning och s\u00e4kerst\u00e4ller att ditt system fungerar optimalt fr\u00e5n f\u00f6rsta stund.<\/p>\n<p>Byt till en mer effektiv och h\u00e5llbar energif\u00f6rs\u00f6rjning med Blauhoff Home 8K\/20kWh Fas-system. Med kraftfull energilagring, n\u00f6dstr\u00f6msf\u00f6rs\u00f6rjning och flexibilitet n\u00e4r det g\u00e4ller energik\u00e4llor kan du njuta av tillf\u00f6rlitlig och kostnadseffektiv energihantering i ditt hem. V\u00e4lj Blauhoff och f\u00f6rbered ditt hem f\u00f6r framtidens energibehov.<\/p>\n<p><strong>Blauhoff Home 8K\/20 kWh 1-fassystem finns ocks\u00e5 tillg\u00e4ngligt p\u00e5 beg\u00e4ran!<\/strong><\/p>","protected":false},"excerpt":{"rendered":"<p>Blauhoff Home 8K\/20kWh Phase System Blauhoff Home 8K\/20kWh Phase System, fr\u00e5n det p\u00e5litliga varum\u00e4rket Blauhoff, erbjuder en avancerad l\u00f6sning f\u00f6r energilagring i hemmet. Detta system \u00e4r s\u00e4rskilt utformat f\u00f6r att uppfylla [...]<\/p>","protected":false},"featured_media":206806,"template":"","meta":{"_seopress_robots_primary_cat":"none","_seopress_titles_title":"","_seopress_titles_desc":"","_seopress_robots_index":"","_kad_blocks_custom_css":"","_kad_blocks_head_custom_js":"","_kad_blocks_body_custom_js":"","_kad_blocks_footer_custom_js":""},"product_cat":[17,19],"product_tag":[],"class_list":{"0":"post-206803","1":"product","2":"type-product","3":"status-publish","4":"has-post-thumbnail","6":"product_cat-home-batteries","7":"product_cat-sets-with-inverters","9":"first","10":"instock","11":"taxable","12":"shipping-taxable","13":"purchasable","14":"product-type-simple"},"taxonomy_info":{"product_cat":[{"value":17,"label":"Home batteries"},{"value":19,"label":"Sets with inverters"}]},"featured_image_src_large":["https:\/\/ownpowr.com\/wp-content\/uploads\/2025\/02\/blh_8k_20kwh.jpg",480,480,false],"author_info":[],"comment_info":"","_links":{"self":[{"href":"https:\/\/ownpowr.com\/sv\/wp-json\/wp\/v2\/product\/206803","targetHints":{"allow":["GET"]}}],"collection":[{"href":"https:\/\/ownpowr.com\/sv\/wp-json\/wp\/v2\/product"}],"about":[{"href":"https:\/\/ownpowr.com\/sv\/wp-json\/wp\/v2\/types\/product"}],"wp:featuredmedia":[{"embeddable":true,"href":"https:\/\/ownpowr.com\/sv\/wp-json\/wp\/v2\/media\/206806"}],"wp:attachment":[{"href":"https:\/\/ownpowr.com\/sv\/wp-json\/wp\/v2\/media?parent=206803"}],"wp:term":[{"taxonomy":"product_cat","embeddable":true,"href":"https:\/\/ownpowr.com\/sv\/wp-json\/wp\/v2\/product_cat?post=206803"},{"taxonomy":"product_tag","embeddable":true,"href":"https:\/\/ownpowr.com\/sv\/wp-json\/wp\/v2\/product_tag?post=206803"}],"curies":[{"name":"wp","href":"https:\/\/api.w.org\/{rel}","templated":true}]}}