{"id":207770,"date":"2025-02-14T12:09:30","date_gmt":"2025-02-14T10:09:30","guid":{"rendered":"https:\/\/ownpowr.com\/?post_type=product&#038;p=207770"},"modified":"2025-02-14T12:10:25","modified_gmt":"2025-02-14T10:10:25","slug":"blauhoff-home-3-6k-10kwh-1-phase-system","status":"publish","type":"product","link":"https:\/\/ownpowr.com\/sv\/product\/blauhoff-home-3-6k-10kwh-1-fas-system\/","title":{"rendered":"Blauhoff Home 3,6K\/10kWh 1-fas system"},"content":{"rendered":"<p>Blauhoff Home 3,6K\/10kWh 1-fas system<\/p>\n<p>Blauhoff Home 3,6K\/10kWh 1-fassystem \u00e4r ett revolutionerande energilagringssystem som \u00e4r utformat f\u00f6r att tillgodose behoven hos moderna hush\u00e5ll. Med avancerad teknik och imponerande kapacitet erbjuder det h\u00e4r systemet en tillf\u00f6rlitlig och effektiv l\u00f6sning f\u00f6r att hantera din energif\u00f6rbrukning.<\/p>\n<p>Det h\u00e4r systemet rekommenderas s\u00e4rskilt f\u00f6r en genomsnittlig \u00e5rlig f\u00f6rbrukning p\u00e5 3650 kWh, vilket g\u00f6r det perfekt f\u00f6r de flesta hush\u00e5ll. Oavsett om du vill driva dina elektriska apparater, driva ditt hem med solenergi eller optimera din energif\u00f6rbrukning \u00e4r Blauhoff Home-systemet utformat f\u00f6r att uppfylla dina behov.<\/p>\n<p>Med en gener\u00f6s kapacitet p\u00e5 10 kWh ger det h\u00e4r systemet gott om lagringsutrymme f\u00f6r \u00f6verskottsenergi som genereras av solpaneler eller andra f\u00f6rnybara k\u00e4llor. Det inneb\u00e4r att du kan lagra och anv\u00e4nda energi n\u00e4r du beh\u00f6ver den, \u00e4ven under rusningstid eller n\u00e4r det inte finns n\u00e5gon extern str\u00f6mf\u00f6rs\u00f6rjning tillg\u00e4nglig. Dessutom har systemet en n\u00f6dstr\u00f6msfunktion, s\u00e5 att du alltid har str\u00f6m, \u00e4ven vid str\u00f6mavbrott.<\/p>\n<p>En av de anm\u00e4rkningsv\u00e4rda egenskaperna hos Blauhoff Home-systemet \u00e4r dess kompatibilitet med generatorer och vindkraftverksportar. Detta g\u00f6r att du kan integrera olika k\u00e4llor till f\u00f6rnybar energi och ytterligare minska ditt koldioxidavtryck. Du kan dra nytta av gr\u00f6n energiproduktion och g\u00f6ra din elf\u00f6rbrukning mer h\u00e5llbar.<\/p>\n<p>Med en uteffekt p\u00e5 3,6 kW ger Blauhoff Home-systemet tillr\u00e4ckligt med str\u00f6m f\u00f6r dina dagliga behov. Oavsett om du vill ansluta lampor, kylsk\u00e5p, luftkonditionering eller andra elektriska apparater ger det h\u00e4r systemet tillf\u00f6rlitlig prestanda och s\u00e4kerst\u00e4ller att du aldrig \u00e4r utan str\u00f6m.<\/p>\n<p>Det \u00e4r enkelt att installera Blauhoff Home 3,6K\/10 kWh 1-fassystem och det kr\u00e4vs endast en anslutning p\u00e5 minst 1x25A. Dessutom levereras systemet med gratis installation, s\u00e5 att du kan b\u00f6rja njuta av f\u00f6rdelarna med din nya energil\u00f6sning direkt.<\/p>\n<p>V\u00e4lj Blauhoff Home 3,6K\/10 kWh 1-fassystem och uppt\u00e4ck ett avancerat och tillf\u00f6rlitligt s\u00e4tt att hantera din energif\u00f6rbrukning. Njut av friheten att generera, lagra och anv\u00e4nda din egen energi, samtidigt som du sparar p\u00e5 dina energikostnader och bidrar till en mer h\u00e5llbar framtid. Med Blauhoff Home har du kontroll \u00f6ver din energi.<\/p>","protected":false},"excerpt":{"rendered":"<p>Blauhoff Home 3,6K\/10kWh 1-fas-system Blauhoff Home 3,6K\/10kWh 1-fas-system \u00e4r ett revolutionerande energilagringssystem som \u00e4r utformat f\u00f6r att m\u00f6ta behoven hos moderna hush\u00e5ll. Med avancerad teknik [...]<\/p>","protected":false},"featured_media":207773,"template":"","meta":{"_seopress_robots_primary_cat":"none","_seopress_titles_title":"","_seopress_titles_desc":"","_seopress_robots_index":"","_kad_blocks_custom_css":"","_kad_blocks_head_custom_js":"","_kad_blocks_body_custom_js":"","_kad_blocks_footer_custom_js":""},"product_cat":[17,19],"product_tag":[],"class_list":{"0":"post-207770","1":"product","2":"type-product","3":"status-publish","4":"has-post-thumbnail","6":"product_cat-home-batteries","7":"product_cat-sets-with-inverters","9":"first","10":"instock","11":"taxable","12":"shipping-taxable","13":"purchasable","14":"product-type-simple"},"taxonomy_info":{"product_cat":[{"value":17,"label":"Home batteries"},{"value":19,"label":"Sets with inverters"}]},"featured_image_src_large":["https:\/\/ownpowr.com\/wp-content\/uploads\/2025\/02\/blh_1_phase_36_10.jpg",600,600,false],"author_info":[],"comment_info":"","_links":{"self":[{"href":"https:\/\/ownpowr.com\/sv\/wp-json\/wp\/v2\/product\/207770","targetHints":{"allow":["GET"]}}],"collection":[{"href":"https:\/\/ownpowr.com\/sv\/wp-json\/wp\/v2\/product"}],"about":[{"href":"https:\/\/ownpowr.com\/sv\/wp-json\/wp\/v2\/types\/product"}],"wp:featuredmedia":[{"embeddable":true,"href":"https:\/\/ownpowr.com\/sv\/wp-json\/wp\/v2\/media\/207773"}],"wp:attachment":[{"href":"https:\/\/ownpowr.com\/sv\/wp-json\/wp\/v2\/media?parent=207770"}],"wp:term":[{"taxonomy":"product_cat","embeddable":true,"href":"https:\/\/ownpowr.com\/sv\/wp-json\/wp\/v2\/product_cat?post=207770"},{"taxonomy":"product_tag","embeddable":true,"href":"https:\/\/ownpowr.com\/sv\/wp-json\/wp\/v2\/product_tag?post=207770"}],"curies":[{"name":"wp","href":"https:\/\/api.w.org\/{rel}","templated":true}]}}