{"id":207867,"date":"2025-02-14T16:18:18","date_gmt":"2025-02-14T14:18:18","guid":{"rendered":"https:\/\/ownpowr.com\/?post_type=product&#038;p=207867"},"modified":"2025-02-14T16:18:19","modified_gmt":"2025-02-14T14:18:19","slug":"blauhoff-home-5k-20-kwh-1-phase-system-lv","status":"publish","type":"product","link":"https:\/\/ownpowr.com\/sv\/product\/blauhoff-home-5k-20-kwh-1-fas-system-lv\/","title":{"rendered":"Blauhoff Hem 5K\/20 kWh 1-fas system LV"},"content":{"rendered":"<p>Blauhoff Hem 5K\/20 kWh 1-fas system<\/p>\n<p>Blauhoff Home 5K\/20 kWh 1 Phase System \u00e4r ett kompakt och effektivt energilagringssystem som \u00e4r utformat f\u00f6r att tillgodose hush\u00e5llens och sm\u00e5f\u00f6retagens energibehov. Med en rekommenderad genomsnittlig \u00e5rlig f\u00f6rbrukning p\u00e5 7300 kWh erbjuder detta system en h\u00e5llbar och tillf\u00f6rlitlig l\u00f6sning f\u00f6r att generera, lagra och anv\u00e4nda din egen energi.<\/p>\n<p>Med en kapacitet p\u00e5 20 kWh erbjuder det h\u00e4r systemet tillr\u00e4ckligt med lagringsutrymme f\u00f6r att lagra solenergi som genereras under dagen och anv\u00e4nda den p\u00e5 kv\u00e4llen och natten. Detta g\u00f6r att du kan minska ditt beroende av eln\u00e4tet och s\u00e4nka dina energikostnader. Dessutom \u00e4r systemet utrustat med n\u00f6dstr\u00f6m, s\u00e5 att du kan forts\u00e4tta att njuta av str\u00f6m under str\u00f6mavbrott.<\/p>\n<p>Blauhoff Home \u00e4r utformad med kompatibilitet i \u00e5tanke. Systemet \u00e4r utrustat med en generator och en vindturbinport, vilket ger dig m\u00f6jlighet att integrera alternativa energik\u00e4llor och generera \u00e4nnu mer gr\u00f6n energi. Detta ger dig flexibiliteten att ytterligare diversifiera din energiproduktion och minska ditt koldioxidavtryck.<\/p>\n<p>Med en kapacitet p\u00e5 5 kW \u00e4r Blauhoff Home l\u00e4mplig f\u00f6r ett brett spektrum av applikationer. Oavsett om du vill driva elektriska apparater i ditt hem eller beh\u00f6ver energi f\u00f6r din sm\u00e5skaliga aff\u00e4rsverksamhet kan det h\u00e4r systemet uppfylla dina behov. Systemet fungerar p\u00e5 en 1-fasanslutning med ett minimikrav p\u00e5 1x40A, vilket g\u00f6r det l\u00e4mpligt f\u00f6r hush\u00e5llsapplikationer.<\/p>\n<p>Blauhoff Home 5K\/20 kWh 1-fassystem har utformats med anv\u00e4ndarv\u00e4nlighet och tillf\u00f6rlitlighet i \u00e5tanke. V\u00e4xelriktarens kompakta storlek och l\u00e4tta design m\u00f6jligg\u00f6r enkel installation, medan det robusta batterisystemet s\u00e4kerst\u00e4ller h\u00e5llbarhet och l\u00e5ngvarig prestanda.<\/p>\n<p>V\u00e4lj Blauhoff Home 5K\/20 kWh 1-fassystem och f\u00e5 en p\u00e5litlig och effektiv l\u00f6sning f\u00f6r dina energibehov. Med det h\u00e4r systemet kan du dra nytta av gr\u00f6n energi, minska dina energir\u00e4kningar och bidra till en h\u00e5llbar framtid. Lita p\u00e5 Blauhoff f\u00f6r h\u00f6gkvalitativa energilagringsl\u00f6sningar som uppfyller dina behov och ger sinnesfrid.<\/p>","protected":false},"excerpt":{"rendered":"<p>Blauhoff Home 5K\/20 kWh 1-fassystem Blauhoff Home 5K\/20 kWh 1-fassystem \u00e4r ett kompakt och effektivt energilagringssystem som \u00e4r utformat f\u00f6r att tillgodose energibehovet hos [...].<\/p>","protected":false},"featured_media":207870,"template":"","meta":{"_seopress_robots_primary_cat":"","_seopress_titles_title":"","_seopress_titles_desc":"","_seopress_robots_index":"","_kad_blocks_custom_css":"","_kad_blocks_head_custom_js":"","_kad_blocks_body_custom_js":"","_kad_blocks_footer_custom_js":""},"product_cat":[17,19],"product_tag":[],"class_list":{"0":"post-207867","1":"product","2":"type-product","3":"status-publish","4":"has-post-thumbnail","6":"product_cat-home-batteries","7":"product_cat-sets-with-inverters","9":"first","10":"instock","11":"taxable","12":"shipping-taxable","13":"purchasable","14":"product-type-simple"},"taxonomy_info":{"product_cat":[{"value":17,"label":"Home batteries"},{"value":19,"label":"Sets with inverters"}]},"featured_image_src_large":["https:\/\/ownpowr.com\/wp-content\/uploads\/2025\/02\/blh_5k_20kwh.jpg",480,480,false],"author_info":[],"comment_info":"","_links":{"self":[{"href":"https:\/\/ownpowr.com\/sv\/wp-json\/wp\/v2\/product\/207867","targetHints":{"allow":["GET"]}}],"collection":[{"href":"https:\/\/ownpowr.com\/sv\/wp-json\/wp\/v2\/product"}],"about":[{"href":"https:\/\/ownpowr.com\/sv\/wp-json\/wp\/v2\/types\/product"}],"wp:featuredmedia":[{"embeddable":true,"href":"https:\/\/ownpowr.com\/sv\/wp-json\/wp\/v2\/media\/207870"}],"wp:attachment":[{"href":"https:\/\/ownpowr.com\/sv\/wp-json\/wp\/v2\/media?parent=207867"}],"wp:term":[{"taxonomy":"product_cat","embeddable":true,"href":"https:\/\/ownpowr.com\/sv\/wp-json\/wp\/v2\/product_cat?post=207867"},{"taxonomy":"product_tag","embeddable":true,"href":"https:\/\/ownpowr.com\/sv\/wp-json\/wp\/v2\/product_tag?post=207867"}],"curies":[{"name":"wp","href":"https:\/\/api.w.org\/{rel}","templated":true}]}}