{"id":208743,"date":"2025-02-20T09:41:35","date_gmt":"2025-02-20T07:41:35","guid":{"rendered":"https:\/\/ownpowr.com\/?post_type=product&#038;p=208743"},"modified":"2025-08-25T14:41:27","modified_gmt":"2025-08-25T12:41:27","slug":"new-blauhoff-maxus-all-in-one-125k-289-kwh-energy-storage-cabinet-liquid-cooled","status":"publish","type":"product","link":"https:\/\/ownpowr.com\/sv\/product\/nytt-blauhoff-maxus-all-in-one-125k-289-kwh-energilagringsskap-vatskekylt\/","title":{"rendered":"Ny! Blauhoff Maxus Allt i ett 125K\/289 kWh energilagringssk\u00e5p V\u00e4tskekylt"},"content":{"rendered":"<p>Ny Blauhoff Maxus 125K\/289kWh Allt i ett energilagringssk\u00e5p 10 \u00e5rs garanti 8000 cykler<\/p>\n<p>Alla Blauhoff-batterisystem har 10 \u00e5rs garanti p\u00e5 cellerna och 5 \u00e5rs garanti p\u00e5 v\u00e4xelriktaren utan n\u00e5gon extra betalning!<\/p>\n<p>Detta \u00e4r inte fallet med de flesta andra m\u00e4rken och garantin \u00e4r begr\u00e4nsad till endast 3-5 \u00e5r!<\/p>\n<p>Prismatiska celler f\u00f6r h\u00f6gsta kvalitet och l\u00e4ngsta livsl\u00e4ngd, 8000 cykler och 10 \u00e5rs garanti p\u00e5 cellerna utan extra kostnader och 5 \u00e5r p\u00e5 helheten.<\/p>\n<p>BLH-125K\/258KwH-Maxus-serien, en v\u00e4tskekyld all-in-one kommersiell och industriell ESS, \u00e4r<br \/>\nintegrerad med omriktare f\u00f6r energilagring, batteri, BMS, EMS, termisk hantering,<br \/>\nkraftdistribution, brandskydd etc. Allt-i-ett-konstruktionen \u00e4r enkel att installera och<br \/>\nDRIFT OCH UNDERH\u00c5LL. Samtidigt s\u00e4kerst\u00e4ller systemets s\u00e4kerhetsdesign b\u00e4ttre batteriprestanda<br \/>\noch l\u00e4ngre livsl\u00e4ngd. Flera upps\u00e4ttningar sk\u00e5p kan direktanslutas parallellt upp till 30 stycken f\u00f6r att realisera<br \/>\nutbyggnad av energilagringssystemet.<\/p>\n<p>Ekonomisk:<\/p>\n<p>H\u00f6gintegrerad ESS f\u00f6r enkel hantering<br \/>\ntransport och drift och underh\u00e5ll. Den<br \/>\nintegrerad design s\u00e4kerst\u00e4ller att anl\u00e4ggningen kan<br \/>\nst\u00e4lldes in och anv\u00e4ndes snabbt.<\/p>\n<p>Funktion f\u00f6r s\u00e4kerhetskopiering<\/p>\n<p>Peakshave-funktion<\/p>\n<p>PV-funktion<\/p>\n<p>V\u00e4tskekylning:<\/p>\n<p>Temperaturavvikelsen f\u00f6r<br \/>\nbattericeller i hela<br \/>\nsystemet \u00e4r inom 3\u00b0C, tack vare<br \/>\ndet intelligenta v\u00e4tskekylsystemet.<br \/>\nDen kan f\u00f6rl\u00e4nga<br \/>\nbattericellernas livsl\u00e4ngd med upp till 20%.<\/p>\n<p>S\u00e4ker:<\/p>\n<p>Systemet har fyra niv\u00e5er<br \/>\nledningsstruktur, vilket kan<br \/>\nnoggrann kontroll av kortslutningsskydd, \u00f6verstr\u00f6msskydd, \u00f6versp\u00e4nningsskydd, undersp\u00e4nningsskydd, \u00f6vertemperatur<br \/>\nskydd, etc.<\/p>\n<p>VDE4100<\/p>\n<p>IEC62619<\/p>\n<p>IEC61000<\/p>\n<p>UL9540A<\/p>\n<p>EN50549<\/p>\n<p><a href=\"https:\/\/blauhoff.nl\/wp-content\/uploads\/2025\/02\/NL-BLH-Maxus-125kW289kWh-Flyer-18-1-2025.pdf.pdf\" target=\"_blank\" rel=\"noopener\">NL BLH Maxus 125kW289kWh Broschyr 18-1-2025.pdf<\/a><\/p>\n<p><iframe title=\"Blauhoff ESS Allt i ett\" width=\"1140\" height=\"641\" src=\"https:\/\/www.youtube.com\/embed\/4ygzOwu-j7I?feature=oembed\" frameborder=\"0\" allow=\"accelerometer; autoplay; clipboard-write; encrypted-media; gyroscope; picture-in-picture; web-share\" referrerpolicy=\"strict-origin-when-cross-origin\" allowfullscreen><\/iframe><\/p>\n<p>&nbsp;<\/p>\n<p>&nbsp;<\/p>","protected":false},"excerpt":{"rendered":"<p>Ny Blauhoff Maxus 125K\/289kWh All In One Energy Storage Cabinet 10 \u00e5rs garanti 8000 cykler Alla Blauhoff-batterisystem har 10 \u00e5rs garanti p\u00e5 cellerna och 5 \u00e5rs garanti [...].<\/p>","protected":false},"featured_media":185452,"template":"","meta":{"_seopress_robots_primary_cat":"none","_seopress_titles_title":"","_seopress_titles_desc":"","_seopress_robots_index":"","_kad_blocks_custom_css":"","_kad_blocks_head_custom_js":"","_kad_blocks_body_custom_js":"","_kad_blocks_footer_custom_js":""},"product_cat":[17,19],"product_tag":[],"class_list":{"0":"post-208743","1":"product","2":"type-product","3":"status-publish","4":"has-post-thumbnail","6":"product_cat-home-batteries","7":"product_cat-sets-with-inverters","9":"first","10":"instock","11":"taxable","12":"shipping-taxable","13":"purchasable","14":"product-type-simple"},"taxonomy_info":{"product_cat":[{"value":17,"label":"Home batteries"},{"value":19,"label":"Sets with inverters"}]},"featured_image_src_large":["https:\/\/ownpowr.com\/wp-content\/uploads\/2024\/10\/maxus-.png",300,300,false],"author_info":[],"comment_info":"","_links":{"self":[{"href":"https:\/\/ownpowr.com\/sv\/wp-json\/wp\/v2\/product\/208743","targetHints":{"allow":["GET"]}}],"collection":[{"href":"https:\/\/ownpowr.com\/sv\/wp-json\/wp\/v2\/product"}],"about":[{"href":"https:\/\/ownpowr.com\/sv\/wp-json\/wp\/v2\/types\/product"}],"wp:featuredmedia":[{"embeddable":true,"href":"https:\/\/ownpowr.com\/sv\/wp-json\/wp\/v2\/media\/185452"}],"wp:attachment":[{"href":"https:\/\/ownpowr.com\/sv\/wp-json\/wp\/v2\/media?parent=208743"}],"wp:term":[{"taxonomy":"product_cat","embeddable":true,"href":"https:\/\/ownpowr.com\/sv\/wp-json\/wp\/v2\/product_cat?post=208743"},{"taxonomy":"product_tag","embeddable":true,"href":"https:\/\/ownpowr.com\/sv\/wp-json\/wp\/v2\/product_tag?post=208743"}],"curies":[{"name":"wp","href":"https:\/\/api.w.org\/{rel}","templated":true}]}}