{"id":221355,"date":"2025-04-17T14:50:19","date_gmt":"2025-04-17T12:50:19","guid":{"rendered":"https:\/\/ownpowr.com\/?post_type=product&#038;p=221355"},"modified":"2025-04-17T14:52:56","modified_gmt":"2025-04-17T12:52:56","slug":"afore-15k-hybrid-three-phase-inverter","status":"publish","type":"product","link":"https:\/\/ownpowr.com\/sv\/product\/afore-15k-hybrid-trefas-vaxelriktare\/","title":{"rendered":"Afore 15K Hybrid trefas v\u00e4xelriktare"},"content":{"rendered":"<p>Hybridv\u00e4xelriktare AF15K-THP, 2 MPPT, trefas, nominell uteffekt 15 kW<br \/>\nAfore AF15K-THP \u00e4r en trefas hybridv\u00e4xelriktare med en uteffekt p\u00e5 15 kW. Med ett h\u00f6gsp\u00e4nningsbatteri kan batteriet anv\u00e4ndas som ett frist\u00e5ende system\/off-grid eller som ett icke str\u00f6mf\u00f6rande system. Den har tv\u00e5 MPPT-trackers och m\u00f6jlighet att ansluta tv\u00e5 str\u00e4ngar med solcellsmoduler. Flera MPPT-sp\u00e4nningar finns ocks\u00e5 tillg\u00e4ngliga.<\/p>\n<p>H\u00f6jdpunkter<br \/>\nModern design<br \/>\n\u00d6vervakning under Wi-Fi-\u00f6vervakning<br \/>\nH\u00f6gre effektivitet p\u00e5 97,5%<br \/>\nEj tillg\u00e4nglig<br \/>\n2 MPPT:er med en str\u00e4ng<br \/>\nEnkel och snabb installation<br \/>\nKompakt storlek (370 x 598,5 x 1,92 mm)<br \/>\nKompatibel med batterireparationer<br \/>\nL\u00e4mplig f\u00f6r batterityper: Litiumjon<\/p>\n<p>Specifikation<br \/>\nBeskrivning av artikeln: AF15K-THP hybridv\u00e4xelriktare, 2 MPPT, trefas, nominell uteffekt 15 kW<\/p>\n<p>AC-utg\u00e5ngsdata<br \/>\nNominell effekt: 15 kW<br \/>\nMax. skenbar uteffekt: 16,5 kVA<br \/>\nV\u00e4xelsp\u00e4nning: 3P\/N\/PE 400 V<br \/>\nAC-frekvens: 50 Hz \/ 60 Hz<br \/>\nAC-str\u00f6m: 21,8 A<br \/>\nMax. AC-str\u00f6m: 27 A<\/p>\n<p>Inmatningsdata f\u00f6r PV-str\u00e4ng<br \/>\nMax. effekt Inmatad DC-effekt: 22,5 kW<br \/>\nMax. DC-ing\u00e5ngssp\u00e4nning: 1000 V<br \/>\nMax. DC-ing\u00e5ngsstr\u00f6m: 2 x 18,5 A<br \/>\nStartsp\u00e4nning: 160 V<br \/>\nMPPT-sp\u00e4nningsintervall: 500-850 V<br \/>\nMax. kortvarig effekt: 2 x 25 A<br \/>\nAntal MPPT-trackers\/antal str\u00e4ngar: 2\/2<\/p>\n<p>Inmatningsdata f\u00f6r batteri<br \/>\nBatterityp: Litiumjon \/ Bly-syra \/ Natriumklorid<br \/>\nNominell sp\u00e4nning: 500 V<br \/>\nSp\u00e4nningsomr\u00e5de: 80-600 V<br \/>\nMax. laddningsstr\u00f6m: 30 A<br \/>\nMax. urladdningsstr\u00f6m: 30 A<\/p>\n<p>Allm\u00e4nt<br \/>\nMax. verkningsgrad: 98,3%<br \/>\nEU:s effektivitetsgrad: 97,5%<br \/>\nKommunikation: Display, LED, RS485, CAN, Wi-Fi, GPRS, 4G<br \/>\nSkyddsklass: IP66<br \/>\nKylning: Intelligent fl\u00e4kt<br \/>\nTopologi: Transformatorl\u00f6s<br \/>\nM\u00e5tt (B x H x D): 370 x 598,5 x 192 mm<br \/>\nVikt: 22 kg<\/p>\n<p>Best\u00e5r av:<br \/>\n1 x Afore hybridv\u00e4xelriktare AF15K-THP<br \/>\n1 x Tillbeh\u00f6rssats<\/p>","protected":false},"excerpt":{"rendered":"<p>Hybridv\u00e4xelriktare AF15K-THP, 2 MPPT, trefas, nominell uteffekt 15 kW Afore AF15K-THP \u00e4r en trefas hybridv\u00e4xelriktare med en uteffekt p\u00e5 15 kW. Med ett h\u00f6gsp\u00e4nningsbatteri [...]<\/p>","protected":false},"featured_media":221359,"template":"","meta":{"_seopress_robots_primary_cat":"none","_seopress_titles_title":"","_seopress_titles_desc":"","_seopress_robots_index":"","_kad_blocks_custom_css":"","_kad_blocks_head_custom_js":"","_kad_blocks_body_custom_js":"","_kad_blocks_footer_custom_js":""},"product_cat":[18],"product_tag":[],"class_list":{"0":"post-221355","1":"product","2":"type-product","3":"status-publish","4":"has-post-thumbnail","6":"product_cat-hybrid-inverters","8":"first","9":"instock","10":"taxable","11":"shipping-taxable","12":"purchasable","13":"product-type-simple"},"taxonomy_info":{"product_cat":[{"value":18,"label":"Hybrid inverters"}]},"featured_image_src_large":["https:\/\/ownpowr.com\/wp-content\/uploads\/2025\/04\/afore-hybrid-three-phase-inverter.png",640,640,false],"author_info":[],"comment_info":"","_links":{"self":[{"href":"https:\/\/ownpowr.com\/sv\/wp-json\/wp\/v2\/product\/221355","targetHints":{"allow":["GET"]}}],"collection":[{"href":"https:\/\/ownpowr.com\/sv\/wp-json\/wp\/v2\/product"}],"about":[{"href":"https:\/\/ownpowr.com\/sv\/wp-json\/wp\/v2\/types\/product"}],"wp:featuredmedia":[{"embeddable":true,"href":"https:\/\/ownpowr.com\/sv\/wp-json\/wp\/v2\/media\/221359"}],"wp:attachment":[{"href":"https:\/\/ownpowr.com\/sv\/wp-json\/wp\/v2\/media?parent=221355"}],"wp:term":[{"taxonomy":"product_cat","embeddable":true,"href":"https:\/\/ownpowr.com\/sv\/wp-json\/wp\/v2\/product_cat?post=221355"},{"taxonomy":"product_tag","embeddable":true,"href":"https:\/\/ownpowr.com\/sv\/wp-json\/wp\/v2\/product_tag?post=221355"}],"curies":[{"name":"wp","href":"https:\/\/api.w.org\/{rel}","templated":true}]}}