{"id":221364,"date":"2025-04-17T15:19:16","date_gmt":"2025-04-17T13:19:16","guid":{"rendered":"https:\/\/ownpowr.com\/?post_type=product&#038;p=221364"},"modified":"2025-04-17T15:19:17","modified_gmt":"2025-04-17T13:19:17","slug":"afore-30kw-hybrid-three-phase-inverter","status":"publish","type":"product","link":"https:\/\/ownpowr.com\/sv\/product\/afore-30kw-hybrid-trefas-vaxelriktare\/","title":{"rendered":"Afore 30kw hybrid trefas v\u00e4xelriktare"},"content":{"rendered":"<p>Hybridv\u00e4xelriktare AF30K-TH, 2 MPPT, trefas, nominell uteffekt 30.000 W<br \/>\nAfore AF30K-TH \u00e4r en trefas hybridv\u00e4xelriktare med en uteffekt p\u00e5 30 kW. Med ett h\u00f6gsp\u00e4nningsbatteri kan v\u00e4xelriktaren anv\u00e4ndas som ett frist\u00e5ende system\/off-grid och som n\u00f6dstr\u00f6msf\u00f6rs\u00f6rjning. Den har tv\u00e5 MPPT-trackers och m\u00f6jlighet att ansluta flera str\u00e4ngar av fotovoltaiska moduler. Den har ett brett MPPT-sp\u00e4nningsintervall.<\/p>\n<p>H\u00f6jdpunkter<br \/>\nModern design<br \/>\n\u00d6vervakning via WiFi<br \/>\nH\u00f6g effektivitet p\u00e5 97,8%<br \/>\nKapacitet f\u00f6r reservkraft<br \/>\n2 MPPT:er med 2 str\u00e4ngar vardera<br \/>\nEnkel och snabb installation<br \/>\nKompakta m\u00e5tt (558 x 535 x 260 mm)<br \/>\nKompatibel med m\u00e5nga batteritillverkare<br \/>\nL\u00e4mplig f\u00f6r batterityper: Litiumjon<br \/>\nSpecifikationer<br \/>\nArtikelnamn: Hybridv\u00e4xelriktare AF30K-TH, 2 MPPT, trefas, m\u00e4rkeffekt 30.000 W<br \/>\nAC-utg\u00e5ngsdata<br \/>\nNominell uteffekt: 30.000 W<br \/>\nMax. skenbar uteffekt: 33.000 VA<br \/>\nV\u00e4xelsp\u00e4nning: 3\/N\/PE 400 V<br \/>\nAC-frekvens: 50 Hz \/ 60 Hz<br \/>\nNominell AC-str\u00f6m: 43,5 A<br \/>\nMax. AC-str\u00f6m: 48,0 A<br \/>\nInmatningsdata f\u00f6r PV-str\u00e4ng<br \/>\nMax. Inmatad DC-effekt: 45 kW<br \/>\nMax. DC-ing\u00e5ngssp\u00e4nning: 1000V<br \/>\nMax. DC-ing\u00e5ngsstr\u00f6m: 2 x 40A<br \/>\nStartsp\u00e4nning: 160V<br \/>\nMPPT-sp\u00e4nningsintervall: 150-850V<br \/>\nMax. kortslutningsstr\u00f6m: 2 x 60A<br \/>\nAntal MPP-sp\u00e5rare\/antal str\u00e4ngar: 2\/4<br \/>\nInmatningsdata f\u00f6r batteri<br \/>\nBatterityp: Litiumjon<br \/>\nNominell sp\u00e4nning: 500V<br \/>\nMax. laddningssp\u00e4nning: 150-800V<br \/>\nMax. laddningsstr\u00f6m: 60A<br \/>\nMax. urladdningsstr\u00f6m: 60A<br \/>\nAllm\u00e4nt<br \/>\nMax. verkningsgrad: 98,5%<br \/>\nEU:s effektivitet: 98.1%<br \/>\nKommunikation: Display, LED, RS485, CAN, Wi-Fi, GRPS, 4G<br \/>\nSkyddsklass: IP65<br \/>\nTopologi: Transformatorl\u00f6s<br \/>\nM\u00e5tt (B x H x D): 558x535x260 mm<br \/>\nVikt: 36 kg<br \/>\nLeveransens omfattning<br \/>\n1 x Afore Hybrid Inverter AF30K-TH<br \/>\n1 x tillbeh\u00f6rssats<\/p>","protected":false},"excerpt":{"rendered":"<p>Hybridv\u00e4xelriktare AF30K-TH, 2 MPPT, trefas, nominell uteffekt 30.000 W Afore AF30K-TH \u00e4r en trefas hybridv\u00e4xelriktare med en uteffekt p\u00e5 30 kW. Med ett h\u00f6gsp\u00e4nningsbatteri kan v\u00e4xelriktaren [...]<\/p>","protected":false},"featured_media":221359,"template":"","meta":{"_seopress_robots_primary_cat":"none","_seopress_titles_title":"","_seopress_titles_desc":"","_seopress_robots_index":"","_kad_blocks_custom_css":"","_kad_blocks_head_custom_js":"","_kad_blocks_body_custom_js":"","_kad_blocks_footer_custom_js":""},"product_cat":[18],"product_tag":[],"class_list":{"0":"post-221364","1":"product","2":"type-product","3":"status-publish","4":"has-post-thumbnail","6":"product_cat-hybrid-inverters","8":"first","9":"instock","10":"taxable","11":"shipping-taxable","12":"purchasable","13":"product-type-simple"},"taxonomy_info":{"product_cat":[{"value":18,"label":"Hybrid inverters"}]},"featured_image_src_large":["https:\/\/ownpowr.com\/wp-content\/uploads\/2025\/04\/afore-hybrid-three-phase-inverter.png",640,640,false],"author_info":[],"comment_info":"","_links":{"self":[{"href":"https:\/\/ownpowr.com\/sv\/wp-json\/wp\/v2\/product\/221364","targetHints":{"allow":["GET"]}}],"collection":[{"href":"https:\/\/ownpowr.com\/sv\/wp-json\/wp\/v2\/product"}],"about":[{"href":"https:\/\/ownpowr.com\/sv\/wp-json\/wp\/v2\/types\/product"}],"wp:featuredmedia":[{"embeddable":true,"href":"https:\/\/ownpowr.com\/sv\/wp-json\/wp\/v2\/media\/221359"}],"wp:attachment":[{"href":"https:\/\/ownpowr.com\/sv\/wp-json\/wp\/v2\/media?parent=221364"}],"wp:term":[{"taxonomy":"product_cat","embeddable":true,"href":"https:\/\/ownpowr.com\/sv\/wp-json\/wp\/v2\/product_cat?post=221364"},{"taxonomy":"product_tag","embeddable":true,"href":"https:\/\/ownpowr.com\/sv\/wp-json\/wp\/v2\/product_tag?post=221364"}],"curies":[{"name":"wp","href":"https:\/\/api.w.org\/{rel}","templated":true}]}}