{"id":265,"date":"2023-10-04T16:43:01","date_gmt":"2023-10-04T14:43:01","guid":{"rendered":"https:\/\/ownpowr.com\/product\/pylontech-force-l1-14-21\/"},"modified":"2025-12-30T14:50:46","modified_gmt":"2025-12-30T12:50:46","slug":"pylontech-force-l1-14-21","status":"publish","type":"product","link":"https:\/\/ownpowr.com\/sv\/product\/pylontech-force-l1-14-21\/","title":{"rendered":"Pylontech kraft L1 14.21"},"content":{"rendered":"<p>Pylontech Force L1 14.21 best\u00e5r av en Pylontech BMU batterihanteringsenhet och 4 Force L1 3.55kWh batterimoduler.<\/p>\n<p>M\u00f6jlighet att skala upp genom att senare l\u00e4gga till upp till 3 ytterligare Force L1-moduler<\/p>\n<div class=\"row\">\n<div class=\"col-lg-6\">\n<h3><strong>Pylontech Force L1 14.21 - L\u00e5g sp\u00e4nning<\/strong><\/h3>\n<p>Den <b>Kraft L1<\/b> \u00e4r det senaste HESS-batterisystemet som levererats av <strong>Pylontech<\/strong>. Den \"l\u00e5nga livsl\u00e4ngden\", den h\u00f6gsta energi- och effektdensiteten i branschen, den moderna designen, den enkla installationen och utbyggnaden - allt detta \u00e5terspeglar de verkliga kraven fr\u00e5n slutanv\u00e4ndarna och den starkaste tekniska kapaciteten hos <strong>Pylontech<\/strong>.<\/p>\n<p><strong>PylontechForceL1<\/strong>14.21 best\u00e5r av en <strong>Pylontech<\/strong> BMU-batterihanteringsenhet och 4 Force L1 3,55 kWh batterimoduler. M\u00f6jlighet att skala genom att senare l\u00e4gga till upp till 3 ytterligare Force L1-moduler parallellt med denna stack f\u00f6r att uppn\u00e5 en anv\u00e4ndbar uteffekt p\u00e5 upp till 24,86 kWh<\/p>\n<p><strong>Vertikal industriintegration s\u00e4kerst\u00e4ller mer \u00e4n 6 000 cykler med 90% DoD<\/strong><\/p>\n<p><strong>Modul\u00e4r design g\u00f6r att slutkunderna kan v\u00e4lja kapacitet<\/strong><\/p>\n<p><strong>Kompatibel med de flesta tillg\u00e4ngliga hybridv\u00e4xelriktare<\/strong><\/p>\n<p><strong>Snabbkoppling minimerar installationstid och -kostnad<\/strong><\/p>\n<p><strong>Vacker design - ut\u00f6ver b\u00e5de inomhus- och utomhusinstallation<\/strong><\/p>\n<\/div>\n<\/div>","protected":false},"excerpt":{"rendered":"<p>Pylontech Force L1 14.21 best\u00e5r av en batterihanteringsenhet Pylontech BMU och 4 batterimoduler Force L1 3,55 kWh. M\u00f6jlighet att skala genom att senare l\u00e4gga till upp till 3 ytterligare Force [...].<\/p>","protected":false},"featured_media":266,"template":"","meta":{"_seopress_robots_primary_cat":"none","_seopress_titles_title":"","_seopress_titles_desc":"","_seopress_robots_index":"","_kad_blocks_custom_css":"","_kad_blocks_head_custom_js":"","_kad_blocks_body_custom_js":"","_kad_blocks_footer_custom_js":""},"product_cat":[17],"product_tag":[],"class_list":{"0":"post-265","1":"product","2":"type-product","3":"status-publish","4":"has-post-thumbnail","6":"product_cat-home-batteries","8":"first","9":"outofstock","10":"sale","11":"taxable","12":"shipping-taxable","13":"purchasable","14":"product-type-simple"},"taxonomy_info":{"product_cat":[{"value":17,"label":"Home batteries"}]},"featured_image_src_large":["https:\/\/ownpowr.com\/wp-content\/uploads\/2022\/11\/SAM7623-0.jpeg",600,661,false],"author_info":[],"comment_info":"","_links":{"self":[{"href":"https:\/\/ownpowr.com\/sv\/wp-json\/wp\/v2\/product\/265","targetHints":{"allow":["GET"]}}],"collection":[{"href":"https:\/\/ownpowr.com\/sv\/wp-json\/wp\/v2\/product"}],"about":[{"href":"https:\/\/ownpowr.com\/sv\/wp-json\/wp\/v2\/types\/product"}],"wp:featuredmedia":[{"embeddable":true,"href":"https:\/\/ownpowr.com\/sv\/wp-json\/wp\/v2\/media\/266"}],"wp:attachment":[{"href":"https:\/\/ownpowr.com\/sv\/wp-json\/wp\/v2\/media?parent=265"}],"wp:term":[{"taxonomy":"product_cat","embeddable":true,"href":"https:\/\/ownpowr.com\/sv\/wp-json\/wp\/v2\/product_cat?post=265"},{"taxonomy":"product_tag","embeddable":true,"href":"https:\/\/ownpowr.com\/sv\/wp-json\/wp\/v2\/product_tag?post=265"}],"curies":[{"name":"wp","href":"https:\/\/api.w.org\/{rel}","templated":true}]}}