{"id":276,"date":"2023-10-05T01:24:52","date_gmt":"2023-10-04T23:24:52","guid":{"rendered":"https:\/\/ownpowr.com\/product\/pylontech-force-l1-7-10\/"},"modified":"2025-11-28T11:02:45","modified_gmt":"2025-11-28T09:02:45","slug":"pylontech-force-l1-7-10","status":"publish","type":"product","link":"https:\/\/ownpowr.com\/sv\/product\/pylontech-force-l1-7-10\/","title":{"rendered":"Pylontech kraft L1 7.10"},"content":{"rendered":"<p>Vi introducerar Pylontech Force L1 7,1 kWh l\u00e5gsp\u00e4nningsbatterisystem:<\/p>\n<p><strong>Viktiga egenskaper:<\/strong><\/p>\n<ul>\n<li><strong>Batteriets konfiguration:<\/strong> 2 x Force L1 3,55 kWh batterimoduler + 1 x Pylontech BMU batterihanteringsenhet<\/li>\n<li><strong>Total anv\u00e4ndbar kapacitet:<\/strong> 7,1 kWh<\/li>\n<li><strong>Skalbarhet:<\/strong> M\u00f6jlighet att skala upp genom att l\u00e4gga till upp till 2 ytterligare Force L1-moduler senare, vilket \u00f6kar den anv\u00e4ndbara kapaciteten till upp till 24,86 kWh.<\/li>\n<li><strong>Vertikal industriell integration:<\/strong> Ger \u00f6ver 6 000 cykler med 90% Depth of Discharge (DoD), vilket s\u00e4kerst\u00e4ller l\u00e5ngvarig prestanda.<\/li>\n<li><strong>Modul\u00e4r konstruktion:<\/strong> G\u00f6r det m\u00f6jligt f\u00f6r slutkunderna att v\u00e4lja \u00f6nskad kapacitet, vilket ger flexibilitet.<\/li>\n<li><strong>Kompatibilitet:<\/strong> Kompatibel med de flesta tillg\u00e4ngliga hybridomriktare, vilket s\u00e4kerst\u00e4ller s\u00f6ml\u00f6s integration med befintliga system.<\/li>\n<li><strong>Snabbkoppling:<\/strong> Minimerar installationstid och kostnader, vilket f\u00f6renklar installationen.<\/li>\n<li><strong>M\u00e5ngsidig design:<\/strong> L\u00e4mplig f\u00f6r b\u00e5de inomhus- och utomhusinstallationer, vilket ger flexibilitet vid placering.<\/li>\n<\/ul>\n<p><strong>Produktbeskrivning:<\/strong><\/p>\n<p>Pylontech Force L1 \u00e4r ett banbrytande HESS-batterisystem (High Energy Storage System) som har utformats f\u00f6r att uppfylla anv\u00e4ndarnas skiftande behov. Det har flera viktiga egenskaper som g\u00f6r det unikt:<\/p>\n<ul>\n<li><strong>L\u00e5ng livsl\u00e4ngd:<\/strong> Force L1 \u00e4r konstruerad f\u00f6r att vara h\u00e5llbar, s\u00e5 att den uppfyller kraven f\u00f6r l\u00e5ngsiktig energilagring.<\/li>\n<li><strong>H\u00f6g energi och effektt\u00e4thet:<\/strong> Detta batterisystem har branschens h\u00f6gsta energi- och effektdensitet, vilket maximerar energilagringen i en kompakt design.<\/li>\n<li><strong>Enkel installation:<\/strong> Systemet \u00e4r utformat f\u00f6r enkel installation och utbyggnad, vilket f\u00f6renklar installationsprocessen f\u00f6r slutanv\u00e4ndarna.<\/li>\n<li><strong>Skalbarhet:<\/strong> Anv\u00e4ndare kan b\u00f6rja med s\u00e5 f\u00e5 som 1 Force L1-modul och bygga ut med upp till 2 ytterligare moduler senare, vilket ger skalbarhet f\u00f6r att m\u00f6ta f\u00f6r\u00e4ndrade energikrav.<\/li>\n<li><strong>Tillverkarens garanti:<\/strong> Produkten levereras med en tillverkargaranti, vilket ger sinnesro och produkttillf\u00f6rlitlighet. Specifika garantiuppgifter b\u00f6r kontrolleras med Pylontech.<\/li>\n<\/ul>\n<p>Pylontech Force L1 \u00e4r ett utm\u00e4rkt val f\u00f6r energilagringsl\u00f6sningar i bost\u00e4der och kommersiella lokaler. Dess m\u00e5ngsidiga design, h\u00f6ga prestanda och skalbarhet g\u00f6r den till ett v\u00e4rdefullt tillskott till alla energihanteringssystem. Oavsett om det g\u00e4ller reservkraft under str\u00f6mavbrott eller optimering av energif\u00f6rbrukningen, levererar Force L1 en p\u00e5litlig och effektiv energilagringsl\u00f6sning.<\/p>","protected":false},"excerpt":{"rendered":"<p>Vi presenterar Pylontech Force L1 7,1 kWh l\u00e5gsp\u00e4nningsbatterisystem: Viktiga funktioner: Batterikonfiguration: 2 x Force L1 3,55 kWh batterimoduler + 1 x Pylontech BMU batterihanteringsmodul [...]<\/p>","protected":false},"featured_media":277,"template":"","meta":{"_seopress_robots_primary_cat":"none","_seopress_titles_title":"Pylontech Force L1 7.10 - High Energy Density HESS Battery System","_seopress_titles_desc":"Experience exceptional energy density and long-lasting performance with Pylontech Force L1 7.10. Expandable, easy to install, and compatible with hybrid inverters.","_seopress_robots_index":"","_kad_blocks_custom_css":"","_kad_blocks_head_custom_js":"","_kad_blocks_body_custom_js":"","_kad_blocks_footer_custom_js":""},"product_cat":[17],"product_tag":[],"class_list":{"0":"post-276","1":"product","2":"type-product","3":"status-publish","4":"has-post-thumbnail","6":"product_cat-home-batteries","8":"first","9":"instock","10":"sale","11":"taxable","12":"shipping-taxable","13":"purchasable","14":"product-type-simple"},"taxonomy_info":{"product_cat":[{"value":17,"label":"Home batteries"}]},"featured_image_src_large":["https:\/\/ownpowr.com\/wp-content\/uploads\/2022\/11\/SAM7621-0.jpeg",600,661,false],"author_info":[],"comment_info":"","_links":{"self":[{"href":"https:\/\/ownpowr.com\/sv\/wp-json\/wp\/v2\/product\/276","targetHints":{"allow":["GET"]}}],"collection":[{"href":"https:\/\/ownpowr.com\/sv\/wp-json\/wp\/v2\/product"}],"about":[{"href":"https:\/\/ownpowr.com\/sv\/wp-json\/wp\/v2\/types\/product"}],"wp:featuredmedia":[{"embeddable":true,"href":"https:\/\/ownpowr.com\/sv\/wp-json\/wp\/v2\/media\/277"}],"wp:attachment":[{"href":"https:\/\/ownpowr.com\/sv\/wp-json\/wp\/v2\/media?parent=276"}],"wp:term":[{"taxonomy":"product_cat","embeddable":true,"href":"https:\/\/ownpowr.com\/sv\/wp-json\/wp\/v2\/product_cat?post=276"},{"taxonomy":"product_tag","embeddable":true,"href":"https:\/\/ownpowr.com\/sv\/wp-json\/wp\/v2\/product_tag?post=276"}],"curies":[{"name":"wp","href":"https:\/\/api.w.org\/{rel}","templated":true}]}}