{"id":286,"date":"2023-10-05T01:24:51","date_gmt":"2023-10-04T23:24:51","guid":{"rendered":"https:\/\/ownpowr.com\/product\/pylontech-force-l1-3-55\/"},"modified":"2025-10-15T13:54:02","modified_gmt":"2025-10-15T11:54:02","slug":"pylontech-force-l1-3-55","status":"publish","type":"product","link":"https:\/\/ownpowr.com\/sv\/product\/pylontech-force-l1-3-55\/","title":{"rendered":"Pylontech kraft L1 3.55"},"content":{"rendered":"<h2><strong>Litiumbatterimodulen Pylontech Force L1 3,55 kWh bildar ett stapelbart batterisystem mellan 2 och 7 moduler med ett externt BMS.<\/strong><\/h2>\n<p>Pylontech Force L1 3.55 best\u00e5r av en Pylontech BMU batterihanteringsenhet och 1 Force L1 3,55 kWh batterimodul. M\u00f6jlighet att skala upp genom senare till\u00e4gg av upp till 6 ytterligare Force L1-moduler<\/p>\n<p>&nbsp;<\/p>\n<div class=\"row\">\n<div class=\"col-lg-6\">\n<h3><strong>Pylontech Kraft L1 3.55 <\/strong><strong>- L\u00e5g sp\u00e4nning<\/strong><\/h3>\n<p>Force L1 \u00e4r det senaste HESS-batterisystemet som levereras av Pylontech. Den \"l\u00e5nga livsl\u00e4ngden\", den h\u00f6gsta energi- och effektdensiteten i branschen, den moderna designen, den enkla installationen och utbyggnaden, allt \u00e5terspeglar de verkliga kraven fr\u00e5n slutanv\u00e4ndarna och den starkaste tekniska kapaciteten hos Pylontech.<\/p>\n<p><strong>PylontechForceL1<\/strong>3.55 best\u00e5r av en <strong>Pylontech<\/strong> BMU batterihanteringsenhet och 1 Force L1 3,55 kWh batterimodul. M\u00f6jlighet att skala upp genom att senare l\u00e4gga till upp till 6 ytterligare Force L1-moduler parallellt med denna stack f\u00f6r att uppn\u00e5 en anv\u00e4ndbar effekt p\u00e5 upp till 24,86 kWh.<\/p>\n<p><strong>Vertikal industriell integration s\u00e4kerst\u00e4ller mer \u00e4n 6 000 cykler med 90% DoD<\/strong><\/p>\n<p><strong>Modul\u00e4r design g\u00f6r att slutkunderna kan v\u00e4lja kapacitet<\/strong><\/p>\n<p><strong>Kompatibel med de flesta tillg\u00e4ngliga hybridomriktare<\/strong><\/p>\n<p><strong>Snabbkoppling minimerar installationstid och kostnader<\/strong><\/p>\n<p><strong>Vacker design - passar b\u00e5de inomhus och utomhus<\/strong><\/p>\n<div id=\"ProductInfoTabs\" class=\"ui-tabs ui-widget ui-widget-content ui-corner-all epProductInfoTabs ep-js\" data-js=\"\">\n<div id=\"tab-product-description\" class=\"ui-tabs-panel ui-widget-content ui-corner-bottom\" role=\"tabpanel\" aria-labelledby=\"ui-id-1\" aria-hidden=\"false\">\n<div class=\"description\">\n<p>&nbsp;<\/p>\n<p>Litiumbatterimodulen Pylontech Force L1 anv\u00e4nds f\u00f6r att ha ett Pylontech stapelbart batterisystem med mellan 2 och 7 moduler med ett externt BMS, s\u00e5 att det kan anpassas till olika konfigurationssystem. Med en nominell kapacitet p\u00e5 3,55 kWh och tillverkad av koboltfritt litiumferrofosfat.<\/p>\n<p>Den senaste versionen av HESS (Home Energy Storage System) har \u00e4rvt konceptet med modul\u00e4r design, kombinerat med enkel installation, enkla anslutningar och utomhuskompatibilitet.<\/p>\n<p>Det \u00e4r den senaste versionen av HESS (Home Energy Storage System), som bygger p\u00e5 konceptet med modul\u00e4r design i kombination med enkel installation, enkla anslutningar och utomhuskompatibilitet.<\/p>\n<p>Detta lagringssystem kan installeras utan behov av att ansluta kablar mellan batterierna och \u00e4r stapelbart, vilket g\u00f6r installationen enklare och snabbare. Detta \u00e4r den nya Pylontech-l\u00f6sningen f\u00f6r l\u00e5gsp\u00e4nningssektorn i bost\u00e4der i L-serien, som inkluderar Force L1 och L2.<\/p>\n<p>Dessa produkter best\u00e5r av flera stapelbara batterier mellan 2 och 7 med en extern BMS, s\u00e5 att de kan anpassas till olika konfigurationssystem.<\/p>\n<p>Den \u00e4r s\u00e4rskilt l\u00e4mplig f\u00f6r sm\u00e5 platser med begr\u00e4nsat utrymme, och \u00e4ven f\u00f6r installationer med mycket kraft och l\u00e5ng livsl\u00e4ngd. Denna modul installeras tillsammans med ett BMS FC0048M-100 med en nominell sp\u00e4nning p\u00e5 48V och en kapacitet p\u00e5 47Ah. Dessa system har ocks\u00e5 en laddnings- och urladdningsstr\u00f6m som kan uppg\u00e5 till totalt 60A och IP55-skydd.<\/p>\n<p>Systemets enkelhet och staplingsbarhet g\u00f6r det extremt flexibelt, med m\u00f6jlighet att expandera \u00f6ver tiden mycket enkelt. En annan viktig aspekt \u00e4r utan tvekan urladdningsdjupet, med 90%. Dessutom kan enheterna kombineras med olika typer av v\u00e4xelriktare, \u00e4ven med den integrerade EPS-funktionen.<\/p>\n<p>De viktigaste egenskaperna \u00e4r den modul\u00e4ra designen som ger maximal flexibilitet, den interna LFP-cellen som ger l\u00e4ngre livsl\u00e4ngd och h\u00f6gre s\u00e4kerhet, snabba anslutningar f\u00f6r att spara installationstid och ett bepr\u00f6vat BMS med den bredaste kompatibiliteten med v\u00e4xelriktare.<\/p>\n<p>Batteriet har en 3-\u00e5rig lagstadgad garanti och en 10-\u00e5rig tillverkargaranti.<\/p>\n<p>&nbsp;<\/p>\n<h3><strong>Tekniska data f\u00f6r Pylontech Force L1 litiumbatterimodul<\/strong><\/h3>\n<p>- Batterikapacitet: 3,55 kWh<br \/>\n- Sp\u00e4nningsomr\u00e5de: 44.5 -54h<br \/>\n- Anv\u00e4ndbar kapacitet: 4600W<br \/>\n- Grad av skydd: IP55<br \/>\n- Kommunikationsport: RS485<br \/>\n- Garanti: 10 \u00e5r (uppfyller tillverkarens krav).<\/p>\n<\/div>\n<\/div>\n<\/div>\n<\/div>\n<\/div>","protected":false},"excerpt":{"rendered":"<p>Litiumbatterimodulen Pylontech Force L1 3,55 kWh bildar ett stapelbart batterisystem med 2 till 7 moduler med extern BMS. Pylontech Force L1 3.55 best\u00e5r av en Pylontech BMU [...]<\/p>","protected":false},"featured_media":287,"template":"","meta":{"_seopress_robots_primary_cat":"none","_seopress_titles_title":"","_seopress_titles_desc":"","_seopress_robots_index":"","_kad_blocks_custom_css":"","_kad_blocks_head_custom_js":"","_kad_blocks_body_custom_js":"","_kad_blocks_footer_custom_js":""},"product_cat":[17],"product_tag":[],"class_list":{"0":"post-286","1":"product","2":"type-product","3":"status-publish","4":"has-post-thumbnail","6":"product_cat-home-batteries","8":"first","9":"outofstock","10":"sale","11":"taxable","12":"shipping-taxable","13":"purchasable","14":"product-type-simple"},"taxonomy_info":{"product_cat":[{"value":17,"label":"Home batteries"}]},"featured_image_src_large":["https:\/\/ownpowr.com\/wp-content\/uploads\/2022\/11\/Schermafbeelding-2022-10-15-om-12.07.40.png",822,504,false],"author_info":[],"comment_info":"","_links":{"self":[{"href":"https:\/\/ownpowr.com\/sv\/wp-json\/wp\/v2\/product\/286","targetHints":{"allow":["GET"]}}],"collection":[{"href":"https:\/\/ownpowr.com\/sv\/wp-json\/wp\/v2\/product"}],"about":[{"href":"https:\/\/ownpowr.com\/sv\/wp-json\/wp\/v2\/types\/product"}],"wp:featuredmedia":[{"embeddable":true,"href":"https:\/\/ownpowr.com\/sv\/wp-json\/wp\/v2\/media\/287"}],"wp:attachment":[{"href":"https:\/\/ownpowr.com\/sv\/wp-json\/wp\/v2\/media?parent=286"}],"wp:term":[{"taxonomy":"product_cat","embeddable":true,"href":"https:\/\/ownpowr.com\/sv\/wp-json\/wp\/v2\/product_cat?post=286"},{"taxonomy":"product_tag","embeddable":true,"href":"https:\/\/ownpowr.com\/sv\/wp-json\/wp\/v2\/product_tag?post=286"}],"curies":[{"name":"wp","href":"https:\/\/api.w.org\/{rel}","templated":true}]}}