{"id":3719,"date":"2023-10-19T17:21:57","date_gmt":"2023-10-19T15:21:57","guid":{"rendered":"https:\/\/ownpowr.com\/?post_type=product&#038;p=3719"},"modified":"2025-08-25T14:40:54","modified_gmt":"2025-08-25T12:40:54","slug":"blauhoff-maxus-100k-258kwh-all-in-one-8000-cycles-10-year-warantee","status":"publish","type":"product","link":"https:\/\/ownpowr.com\/sv\/product\/blauhoff-maxus-100k-258kwh-allt-i-ett-8000-cykler-10-ars-garanti\/","title":{"rendered":"Blauhoff Maxus 125K\/258kWh allt i ett energilagringssk\u00e5p"},"content":{"rendered":"<h3>Blauhoff Maxus 125K\/258kWh allt i ett energilagringssk\u00e5p 10 \u00e5rs garanti 8000 cykler<\/h3>\n<p><strong>Alla Blauhoff-batterisystem har 10 \u00e5rs garanti p\u00e5 cellerna och 5 \u00e5rs garanti p\u00e5 v\u00e4xelriktaren utan n\u00e5gon form av extra betalning!<\/strong><\/p>\n<p><strong>Detta \u00e4r inte fallet med de flesta andra m\u00e4rken och garantin \u00e4r begr\u00e4nsad till endast 3-5 \u00e5r!<\/strong><\/p>\n<p><strong>Prismatiska celler f\u00f6r h\u00f6gsta kvalitet och l\u00e4ngsta livsl\u00e4ngd, 8000 cykler och 10 \u00e5rs garanti p\u00e5 cellerna utan extra kostnad och 5 \u00e5r p\u00e5 helheten.<\/strong><\/p>\n<p>&nbsp;<\/p>\n<p>BLH-125K\/258KwH-Maxus-serien, en allt-i-ett ESS f\u00f6r kommersiell och industriell anv\u00e4ndning med v\u00e4tskekylning, \u00e4r<br \/>\nintegrerad med omvandlare f\u00f6r energilagring, batteri, BMS, EMS, termisk styrning,<br \/>\neldistribution, brandskydd, etc. Allt-i-ett-konstruktionen \u00e4r enkel att installera och<br \/>\nDRIFT OCH UNDERH\u00c5LL. Samtidigt s\u00e4kerst\u00e4ller systemets s\u00e4kerhetsdesign en b\u00e4ttre batteriprestanda<br \/>\noch l\u00e4ngre livsl\u00e4ngd. Flera upps\u00e4ttningar sk\u00e5p kan anslutas direkt i parallell upp till 30 stycken f\u00f6r att<br \/>\ngenomf\u00f6ra utbyggnad av energilagringssystem.<\/p>\n<h4>Ekonomisk:<\/h4>\n<p>H\u00f6gintegrerad ESS f\u00f6r enkel hantering<br \/>\ntransport och drift och underh\u00e5ll. Den<br \/>\nintegrerad design g\u00f6r det m\u00f6jligt f\u00f6r anl\u00e4ggningen att<br \/>\nsnabbt st\u00e4llas in och anv\u00e4ndas.<\/p>\n<p>Backup-funktion<\/p>\n<p>Peakshave Funktion<\/p>\n<p>PV-funktion<\/p>\n<h4>V\u00e4tskekylning:<\/h4>\n<p>Temperaturavvikelsen f\u00f6r<br \/>\nbattericeller i hela<br \/>\nsystemet \u00e4r inom 3\u00b0C, p\u00e5 grund av<br \/>\nintelligent v\u00e4tskekylningssystem.<br \/>\nDet kan f\u00f6rl\u00e4nga livsl\u00e4ngden f\u00f6r<br \/>\nbattericeller upp till 20%.<\/p>\n<h4>S\u00e4ker:<\/h4>\n<p>Systemet har fyra niv\u00e5er<br \/>\nledningsstruktur som<br \/>\nkan exakt tillhandah\u00e5lla korta<br \/>\nkretsskydd, \u00f6verstr\u00f6m<br \/>\nskydd mot \u00f6versp\u00e4nning<br \/>\nskydd, under sp\u00e4nning<br \/>\nskydd, \u00f6vertemperatur<br \/>\nskydd, etc.<\/p>\n<p>VDE4100<\/p>\n<p>IEC62619<\/p>\n<p>IEC61000<\/p>\n<p>UL9540A<\/p>\n<p>EN50549<\/p>\n<h4>Datablad :<\/h4>\n<p><a href=\"https:\/\/ownpowr.com\/wp-content\/uploads\/2023\/10\/blauhoff_sd-125-258_energy_storage_cabinet.pdf\">Blauhoff_SD-125-258_Energy_Storage_Cabinet<\/a><\/p>\n<p><iframe title=\"Blauhoff ESS Allt i ett\" width=\"1140\" height=\"641\" src=\"https:\/\/www.youtube.com\/embed\/4ygzOwu-j7I?feature=oembed\" frameborder=\"0\" allow=\"accelerometer; autoplay; clipboard-write; encrypted-media; gyroscope; picture-in-picture; web-share\" referrerpolicy=\"strict-origin-when-cross-origin\" allowfullscreen><\/iframe><\/p>","protected":false},"excerpt":{"rendered":"<p><a href=\"https:\/\/ownpowr.com\/wp-content\/uploads\/2023\/10\/blauhoff_sd-125-258_energy_storage_cabinet.pdf\">Blauhoff_SD-125-258_Energy_Storage_Cabinet<\/a><\/p>\n<p>Observera, priset \u00e4r utan moms och utan installation<\/p>","protected":false},"featured_media":3781,"template":"","meta":{"_seopress_robots_primary_cat":"none","_seopress_titles_title":"Blauhoff Maxus 100K\/258kWh All In One Energy Storage System","_seopress_titles_desc":"Get this Energy Storage System for commercial and industrial use with liquid cooling, easy installation, and outstanding safety features","_seopress_robots_index":"","_kad_blocks_custom_css":"","_kad_blocks_head_custom_js":"","_kad_blocks_body_custom_js":"","_kad_blocks_footer_custom_js":""},"product_cat":[17,19],"product_tag":[],"class_list":{"0":"post-3719","1":"product","2":"type-product","3":"status-publish","4":"has-post-thumbnail","6":"product_cat-home-batteries","7":"product_cat-sets-with-inverters","9":"first","10":"instock","11":"sale","12":"taxable","13":"shipping-taxable","14":"purchasable","15":"product-type-simple"},"taxonomy_info":{"product_cat":[{"value":17,"label":"Home batteries"},{"value":19,"label":"Sets with inverters"}]},"featured_image_src_large":["https:\/\/ownpowr.com\/wp-content\/uploads\/2023\/10\/platte-tekst-toevoegen-1-2-1024x1024.png",1024,1024,true],"author_info":[],"comment_info":"","_links":{"self":[{"href":"https:\/\/ownpowr.com\/sv\/wp-json\/wp\/v2\/product\/3719","targetHints":{"allow":["GET"]}}],"collection":[{"href":"https:\/\/ownpowr.com\/sv\/wp-json\/wp\/v2\/product"}],"about":[{"href":"https:\/\/ownpowr.com\/sv\/wp-json\/wp\/v2\/types\/product"}],"wp:featuredmedia":[{"embeddable":true,"href":"https:\/\/ownpowr.com\/sv\/wp-json\/wp\/v2\/media\/3781"}],"wp:attachment":[{"href":"https:\/\/ownpowr.com\/sv\/wp-json\/wp\/v2\/media?parent=3719"}],"wp:term":[{"taxonomy":"product_cat","embeddable":true,"href":"https:\/\/ownpowr.com\/sv\/wp-json\/wp\/v2\/product_cat?post=3719"},{"taxonomy":"product_tag","embeddable":true,"href":"https:\/\/ownpowr.com\/sv\/wp-json\/wp\/v2\/product_tag?post=3719"}],"curies":[{"name":"wp","href":"https:\/\/api.w.org\/{rel}","templated":true}]}}