{"id":4033,"date":"2025-01-30T09:44:02","date_gmt":"2025-01-30T07:44:02","guid":{"rendered":"https:\/\/ownpowr.com\/?post_type=product&#038;p=4033"},"modified":"2025-08-25T15:02:32","modified_gmt":"2025-08-25T13:02:32","slug":"blauhoff-maxus-all-in-one-375k-774kwh-energy-storage-cabinet-liquid-cooled","status":"publish","type":"product","link":"https:\/\/ownpowr.com\/sv\/product\/blauhoff-maxus-allt-i-ett-375k-774kwh-energilagringsskap-vatskekylt\/","title":{"rendered":"Blauhoff Maxus Allt i ett 375K\/867kWh energilagringssk\u00e5p V\u00e4tskekyld"},"content":{"rendered":"<p><strong>Alla Blauhoff-batterisystem har 10 \u00e5rs garanti p\u00e5 cellerna och 5 \u00e5rs garanti p\u00e5 v\u00e4xelriktaren utan n\u00e5gon form av extra betalning!<\/strong><\/p>\n<p><strong>Detta \u00e4r inte fallet med de flesta andra m\u00e4rken och garantin \u00e4r begr\u00e4nsad till endast 3-5 \u00e5r!<\/strong><\/p>\n<p><strong>Prismatiska celler f\u00f6r h\u00f6gsta kvalitet och l\u00e4ngsta livsl\u00e4ngd, 8000 cykler och 10 \u00e5rs garanti p\u00e5 cellerna utan extra kostnad och 5 \u00e5r p\u00e5 helheten.<\/strong><\/p>\n<p>&nbsp;<\/p>\n<p>Blauhoff Maxus All in One 375K-867kWh = 2 mWh V\u00e4tskekyld 10 \u00e5rs garanti 8000 cykler<\/p>\n<p>Prismatiska celler f\u00f6r h\u00f6gsta kvalitet och l\u00e4ngsta livsl\u00e4ngd och 8000 cykler<\/p>\n<p>Helt integrerad ESS f\u00f6r enkel transport och drift och underh\u00e5ll.<\/p>\n<p>Integrerad och modul\u00e4r design g\u00f6r den snabb att installera och anv\u00e4nda, 2-3 timmars arbete per enhet<\/p>\n<p>Blauhoff BLH-100K-2064kWh-Maxus, en allt-i-ett kommersiell och industriell ESS med v\u00e4tskekylning, \u00e4r integrerad med energilagringsomvandlare, batteri, BMS, EMS, termisk styrning, kraftdistribution, brandskydd etc.<\/p>\n<p>I detta fall 8 st.<\/p>\n<p>Allt-i-ett-designen \u00e4r enkel att installera och drift- och underh\u00e5lla och utrustad med backup-funktion och PV-funktion.<\/p>\n<p>Systemets s\u00e4kerhetsdesign ger b\u00e4ttre batteriprestanda och l\u00e4ngre livsl\u00e4ngd<br \/>\nliv. Flera sk\u00e5p kan anslutas direkt i parallell upp till 30 stycken f\u00f6r att m\u00f6jligg\u00f6ra energilagring<br \/>\nsystemutvidgning. Den \u00e4r superenkel, skalbar och portabel.<\/p>\n<p>V\u00e4tskekylning :<br \/>\nBattericellernas temperaturdrift<br \/>\ni hela systemet ligger inom \u00b11,5\u00b0C p\u00e5 grund av<br \/>\nintelligent system f\u00f6r v\u00e4tskekylning. Det kan<br \/>\nf\u00f6rl\u00e4nga systemets livsl\u00e4ngd med upp till<br \/>\n30%, \u00f6ka den l\u00e5ngsiktiga systemeffektiviteten<br \/>\nupp till 88.5%.<\/p>\n<p>S\u00e4ker<br \/>\nSystemet har fyra ledningsniv\u00e5er<br \/>\nstruktur som kan ge exakta<br \/>\nkortslutningsskydd, \u00f6verstr\u00f6msskydd<br \/>\nskydd, skydd mot \u00f6versp\u00e4nning,<br \/>\nskydd mot undersp\u00e4nning, \u00f6vertemperatur<br \/>\nskydd, etc.<\/p>\n<p>VDE4100<\/p>\n<p>IEC62619<\/p>\n<p>IEC61000<\/p>\n<p>UL9540A<\/p>\n<p>EN50549<\/p>\n<h3><span style=\"font-size: 16px\">Datablad :<\/span><\/h3>\n<p><a href=\"https:\/\/blauhoff.nl\/wp-content\/uploads\/2023\/10\/Blauhoff_SD-125-258_Energy_Storage_Cabinet.pdf\" target=\"_blank\" rel=\"noopener\">Blauhoff_SD-125-258_Energy_Storage_Cabinet<\/a><\/p>\n<p>OBSERVERA!<\/p>\n<p>P\u00e5 grund av integration och komplexitet \u00e4r detta pris exklusive moms och exklusive montering.<\/p>\n<p>Monteringen utf\u00f6rs av din lokala installat\u00f6r med hj\u00e4lp av v\u00e5r tekniska personal.<\/p>\n<p><iframe title=\"Blauhoff ESS Allt i ett\" width=\"1140\" height=\"641\" src=\"https:\/\/www.youtube.com\/embed\/4ygzOwu-j7I?feature=oembed\" frameborder=\"0\" allow=\"accelerometer; autoplay; clipboard-write; encrypted-media; gyroscope; picture-in-picture; web-share\" referrerpolicy=\"strict-origin-when-cross-origin\" allowfullscreen><\/iframe><\/p>","protected":false},"excerpt":{"rendered":"<p>Alla Blauhoff-batterisystem har 10 \u00e5rs garanti p\u00e5 cellerna och 5 \u00e5rs garanti p\u00e5 v\u00e4xelriktaren utan n\u00e5gon form av extra betalning! Detta \u00e4r inte fallet [...]<\/p>","protected":false},"featured_media":4028,"template":"","meta":{"_seopress_robots_primary_cat":"none","_seopress_titles_title":"Blauhoff Maxus All in One 375K\/867kWh Energy Storage Cabinet Liquid cooled","_seopress_titles_desc":"Looking for a game-changer? Check out our groundbreaking product that will transform the way you live. Get ready to experience a whole new level of innovation!","_seopress_robots_index":"","_kad_blocks_custom_css":"","_kad_blocks_head_custom_js":"","_kad_blocks_body_custom_js":"","_kad_blocks_footer_custom_js":""},"product_cat":[17,19],"product_tag":[],"class_list":{"0":"post-4033","1":"product","2":"type-product","3":"status-publish","4":"has-post-thumbnail","6":"product_cat-home-batteries","7":"product_cat-sets-with-inverters","9":"first","10":"instock","11":"taxable","12":"shipping-taxable","13":"purchasable","14":"product-type-simple"},"taxonomy_info":{"product_cat":[{"value":17,"label":"Home batteries"},{"value":19,"label":"Sets with inverters"}]},"featured_image_src_large":["https:\/\/ownpowr.com\/wp-content\/uploads\/2023\/10\/blauhoff-maxus.png",300,300,false],"author_info":[],"comment_info":"","_links":{"self":[{"href":"https:\/\/ownpowr.com\/sv\/wp-json\/wp\/v2\/product\/4033","targetHints":{"allow":["GET"]}}],"collection":[{"href":"https:\/\/ownpowr.com\/sv\/wp-json\/wp\/v2\/product"}],"about":[{"href":"https:\/\/ownpowr.com\/sv\/wp-json\/wp\/v2\/types\/product"}],"wp:featuredmedia":[{"embeddable":true,"href":"https:\/\/ownpowr.com\/sv\/wp-json\/wp\/v2\/media\/4028"}],"wp:attachment":[{"href":"https:\/\/ownpowr.com\/sv\/wp-json\/wp\/v2\/media?parent=4033"}],"wp:term":[{"taxonomy":"product_cat","embeddable":true,"href":"https:\/\/ownpowr.com\/sv\/wp-json\/wp\/v2\/product_cat?post=4033"},{"taxonomy":"product_tag","embeddable":true,"href":"https:\/\/ownpowr.com\/sv\/wp-json\/wp\/v2\/product_tag?post=4033"}],"curies":[{"name":"wp","href":"https:\/\/api.w.org\/{rel}","templated":true}]}}