{"id":405,"date":"2023-10-05T01:24:56","date_gmt":"2023-10-04T23:24:56","guid":{"rendered":"https:\/\/ownpowr.com\/product\/pytes-e-box-48100r\/"},"modified":"2024-10-16T15:58:23","modified_gmt":"2024-10-16T13:58:23","slug":"pytes-e-box-48100r","status":"publish","type":"product","link":"https:\/\/ownpowr.com\/sv\/product\/pytes-e-box-48100r\/","title":{"rendered":"PYTES E-BOX 48100R"},"content":{"rendered":"<p>Pytes hemmabatteri f\u00f6r dina solpaneler \u00e4r den nya generationens LFP litiumbatteri f\u00f6r energilagring i hemmet.<\/p>\n<p>Detta hemmabatteri \u00e4r ett s\u00e4kert, v\u00e4lkonstruerat och kraftfullt LFP-standardbatteri f\u00f6r ditt hem eller f\u00f6retag.<br \/>\nBatteriet \u00e4r kompakt och modul\u00e4rt och passar f\u00f6r dina solpaneler \u00e4r kompakt, enkelt att installera, underh\u00e5llsfritt och kan anv\u00e4ndas som byggsten i ett energilagringssystem n\u00e4r det monteras parallellt. Det anv\u00e4nds ofta i hush\u00e5ll f\u00f6r energilagring, eller i<br \/>\nsm\u00e5 kommersiella och industriella energilagringssystem, t.ex. telekommunikationsstationer.<\/p>\n<p>Maximalt monterbara parallellt \u00e4r 8 * 5.12kwh = 40.96 kwh, och med en HUB tillagd 56 * 5.12 kwh = 280 KwH<\/p>\n<p>Funktioner i PYTES E-BOX 48100R hemmabatteri:<\/p>\n<ol>\n<li><strong>Imponerande 10 \u00e5rs garanti:<\/strong> Du kan lita p\u00e5 att detta hemmabatteri h\u00e5ller i l\u00e4ngden, med en gedigen 10-\u00e5rsgaranti.<\/li>\n<li><strong>Smart energif\u00f6rvaltning:<\/strong> PYTES E-BOX 48100R ger dig m\u00f6jlighet att helt sj\u00e4lv hantera dina energibehov. Den lagrar effektivt \u00f6verskottsenergi som genereras fr\u00e5n dina solpaneler genom att noggrant m\u00e4ta, \u00f6vervaka och hantera processen. Energin finns tillg\u00e4nglig n\u00e4r du beh\u00f6ver den som mest, tack vare intelligenta algoritmer som optimerar systemets livsl\u00e4ngd.<\/li>\n<li><strong>Reserv- och n\u00f6dkraft:<\/strong> Du kan vara trygg i vetskapen om att detta hemmabatteri ger tillf\u00f6rlitlig reserv- och n\u00f6dstr\u00f6m n\u00e4r eln\u00e4tet inte fungerar eller genomg\u00e5r mer \u00e4n 6000 cykler, vilket garanterar b\u00e5de livsl\u00e4ngd och s\u00e4kerhet.<\/li>\n<li><strong>Bred kompatibilitet:<\/strong> PYTES E-BOX 48100R hemmabatteri \u00e4r utformat med bred kompatibilitet i \u00e5tanke och integreras s\u00f6ml\u00f6st med olika installationer.<\/li>\n<li><strong>Besparingar p\u00e5 energir\u00e4kningen:<\/strong> Under l\u00e5gtrafik laddas batteriet intelligent med hj\u00e4lp av en v\u00e4xelriktare och laddas ur under h\u00f6gtrafik. Denna strategi leder till en betydande minskning av din energir\u00e4kning \u00f6ver tid.<\/li>\n<\/ol>\n<p>Tekniska specifikationer:<\/p>\n<ul>\n<li><strong>Modell:<\/strong> 48100R<\/li>\n<li><strong>Batteriets kemi:<\/strong> Litiumj\u00e4rnfosfat (LFP)<\/li>\n<li><strong>Nominell sp\u00e4nning:<\/strong> 51.2V<\/li>\n<li><strong>Sp\u00e4nningsintervall:<\/strong> 47,5V-57,6V<\/li>\n<li><strong>Nominell kapacitet:<\/strong> 100Ah<\/li>\n<li><strong>Nominell energi:<\/strong> 5,12 kWh<\/li>\n<li><strong>Enhetens dimensioner:<\/strong> L440mm x B620mm x H117mm (2,6U)<\/li>\n<li><strong>Enhetens vikt:<\/strong> 51 kg<\/li>\n<li><strong>Standard laddningsstr\u00f6m:<\/strong> 50A<\/li>\n<li><strong>Maximal laddningsstr\u00f6m:<\/strong> 50A<\/li>\n<li><strong>Standard urladdningsstr\u00f6m:<\/strong> 50A<\/li>\n<li><strong>Maximal urladdningshastighet:<\/strong> 50A<\/li>\n<li><strong>Effektivitet tur och retur:<\/strong> \u226595%<\/li>\n<li><strong>Kommunikationsprotokoll:<\/strong> RS232, RS485, KAN<\/li>\n<li><strong>Cykel Liv:<\/strong> \u22656000 cykler<\/li>\n<li><strong>Kalenderliv:<\/strong> \u226510 \u00e5r<\/li>\n<li><strong>Driftstemperatur:<\/strong> -10\u00b0C till 50\u00b0C<\/li>\n<li><strong>Anslutningstyp:<\/strong> Parallell<\/li>\n<li><strong>Lagringstemperatur:<\/strong> Inom 1 m\u00e5nad: -20\u00b0C till 55\u00b0C, 1-3 m\u00e5nader: 0\u00b0C till 35\u00b0C, 3-12 m\u00e5nader: 20\u00b0C till 25\u00b0C<\/li>\n<li><strong>Kontrollpanel:<\/strong> Enkla installationsalternativ inkluderar individuell v\u00e4ggmontering med medf\u00f6ljande f\u00e4sten eller ihopkoppling med den eleganta homeboxen.<\/li>\n<\/ul>","protected":false},"excerpt":{"rendered":"<p>Hemmabatteriet Pytes f\u00f6r dina solpaneler \u00e4r den nya generationens LFP-litiumbatteri f\u00f6r energilagring i hemmet. Detta hemmabatteri \u00e4r ett s\u00e4kert, v\u00e4ldesignat och kraftfullt standardbatteri [...].<\/p>","protected":false},"featured_media":406,"template":"","meta":{"_seopress_robots_primary_cat":"none","_seopress_titles_title":"The Pytes Home Battery: A Safe, Powerful LFP Lithium Battery for Solar Panels","_seopress_titles_desc":"Experience complete energy self-management with this compact, easy-to-install home battery. Store excess energy, reduce bills, and enjoy a 10-year warranty!","_seopress_robots_index":"","_kad_blocks_custom_css":"","_kad_blocks_head_custom_js":"","_kad_blocks_body_custom_js":"","_kad_blocks_footer_custom_js":""},"product_cat":[17],"product_tag":[],"class_list":{"0":"post-405","1":"product","2":"type-product","3":"status-publish","4":"has-post-thumbnail","6":"product_cat-home-batteries","8":"first","9":"instock","10":"sale","11":"taxable","12":"shipping-taxable","13":"purchasable","14":"product-type-simple"},"taxonomy_info":{"product_cat":[{"value":17,"label":"Home batteries"}]},"featured_image_src_large":["https:\/\/ownpowr.com\/wp-content\/uploads\/2022\/11\/48100R\u8be6\u60c5-920x640_08-420x420-1.jpeg",420,420,false],"author_info":[],"comment_info":"","_links":{"self":[{"href":"https:\/\/ownpowr.com\/sv\/wp-json\/wp\/v2\/product\/405","targetHints":{"allow":["GET"]}}],"collection":[{"href":"https:\/\/ownpowr.com\/sv\/wp-json\/wp\/v2\/product"}],"about":[{"href":"https:\/\/ownpowr.com\/sv\/wp-json\/wp\/v2\/types\/product"}],"wp:featuredmedia":[{"embeddable":true,"href":"https:\/\/ownpowr.com\/sv\/wp-json\/wp\/v2\/media\/406"}],"wp:attachment":[{"href":"https:\/\/ownpowr.com\/sv\/wp-json\/wp\/v2\/media?parent=405"}],"wp:term":[{"taxonomy":"product_cat","embeddable":true,"href":"https:\/\/ownpowr.com\/sv\/wp-json\/wp\/v2\/product_cat?post=405"},{"taxonomy":"product_tag","embeddable":true,"href":"https:\/\/ownpowr.com\/sv\/wp-json\/wp\/v2\/product_tag?post=405"}],"curies":[{"name":"wp","href":"https:\/\/api.w.org\/{rel}","templated":true}]}}