{"id":4066,"date":"2023-10-27T15:05:46","date_gmt":"2023-10-27T13:05:46","guid":{"rendered":"https:\/\/ownpowr.com\/?post_type=product&#038;p=4066"},"modified":"2025-02-27T12:52:29","modified_gmt":"2025-02-27T10:52:29","slug":"deye-micro-inverter-sun600","status":"publish","type":"product","link":"https:\/\/ownpowr.com\/sv\/product\/deye-micro-inverter-sun600-endast-i-lada-4-st\/","title":{"rendered":"Deye mikroinverterare-SUN600"},"content":{"rendered":"<div class=\"left column\">\n<h1>DEYE SUN600\/800\/1000G3-US-220\/EU-230 |600-1000W| enfas | 2 MPPT | mikro-inverterare | snabb avst\u00e4ngning<\/h1>\n<p>H\u00f6gre avkastning \/ S\u00e4kert \/ Smart \/ Anv\u00e4ndarv\u00e4nligt<\/p>\n<div class=\"text\">\n<p>SUN 600\/800\/1000G3 \u00e4r en ny generation n\u00e4tanslutna mikrov\u00e4xelriktare med intelligenta n\u00e4tverks- och \u00f6vervakningssystem f\u00f6r att s\u00e4kerst\u00e4lla maximal effektivitet. SUN 600\/800\/1000G3 \u00e4r optimerad f\u00f6r dagens h\u00f6geffektiva PV-moduler med upp till 500 W uteffekt och dubbel MPPT. Den har ocks\u00e5 st\u00f6d f\u00f6r snabb avst\u00e4ngning, vilket g\u00f6r din investering s\u00e4ker.<\/p>\n<\/div>\n<\/div>\n<div class=\"prodet-2\">\n<div class=\"ui container\">\n<div class=\"box grid-box\">\n<div class=\"right column\">\n<h2 class=\"titleBig\">Funktion f\u00f6r avst\u00e4ngning p\u00e5 distans<\/h2>\n<h4>Plattform f\u00f6r smart \u00f6vervakning<\/h4>\n<p>Tack vare den smarta \u00f6vervakningsplattformen kan Deye-v\u00e4xelriktarprodukter i hela serien st\u00e4ngas av p\u00e5 distans omedelbart n\u00e4r olyckan \u00e4r framme.inst\u00e4llningsparametrar och FW-uppdatering p\u00e5 distans, vilket underl\u00e4ttar drift och underh\u00e5ll av solcellsanl\u00e4ggningar.<\/p>\n<\/div>\n<\/div>\n<\/div>\n<\/div>\n<div class=\"prodet-3\">\n<div class=\"ui container\">\n<div class=\"box grid-box\">\n<div class=\"left column\">\n<div class=\"slick-list draggable\">\n<div class=\"slick-track\">\n<div class=\"slick-slide slick-cloned\" data-slick-index=\"-2\" aria-hidden=\"true\">\n<ul>\n<li>Modulniv\u00e5\u00f6vervakning, s\u00e4krare och smartare<\/li>\n<li>Max. DC-ing\u00e5ngsstr\u00f6m 13A, anpassad till 500W PV-modul<\/li>\n<li>Funktion f\u00f6r snabb avst\u00e4ngning<\/li>\n<li>IP67 skyddsgrad\uff0c10 \u00e5rs garanti<\/li>\n<li>PLC, Zigbee eller WIFI kommunikation<\/li>\n<li>2 MPP-trackers, \u00f6vervakning p\u00e5 modulniv\u00e5<\/li>\n<\/ul>\n<\/div>\n<div class=\"slick-slide slick-cloned\" data-slick-index=\"-1\" aria-hidden=\"true\">\n<div id=\"av_articleherstbezeichnung\">\n<h1 class=\"av_fontnormal\">DEYE SUN600<\/h1>\n<\/div>\n<div id=\"av_articletext\" class=\"clearfix\"><span class=\"artbesch\">Liten v\u00e4xelriktare med h\u00f6g prestanda<br \/>\nIntelligent mikrov\u00e4xelriktare f\u00f6r inmatning till hemman\u00e4tet. Denna v\u00e4xelriktare \u00e4r enkel att installera och konfigurera. Solpaneler fr\u00e5n n\u00e4stan alla tillverkare kan monteras. Idealisk f\u00f6r sm\u00e5 solcellsanl\u00e4ggningar, t.ex. p\u00e5 balkonger, tr\u00e4dg\u00e5rdshus, garage eller skuggiga omr\u00e5den.<\/span><b>Leverans f\u00f6r n\u00e4rvarande utan Betteri koppling och lock! V\u00e4nligen best\u00e4ll direkt<\/b><\/p>\n<ul type=\"disc\">\n<li>Gr\u00e4nssnitt: WiFi<\/li>\n<li>kompakt design<\/li>\n<li>Montering utomhus, direkt p\u00e5 solcellsmodulen<\/li>\n<li>Kylning genom konvektion<\/li>\n<li>Sp\u00e5rning av maximal effektpunkt (MPPT)<\/li>\n<li>snabb startfunktion upp till 12 sekunder<\/li>\n<li>s\u00e4ker tack vare snabb avst\u00e4ngningsfunktion<\/li>\n<li>\u00d6vervakning av jordfel<\/li>\n<li>\u00d6vervakning av n\u00e4tsp\u00e4nning<\/li>\n<li>\u00d6vervakning av residualstr\u00f6m<\/li>\n<li>Skyddsklass IP 67<\/li>\n<\/ul>\n<p>&nbsp;<\/p>\n<p><b>Smart \u00f6vervakning:<\/b><br \/>\nF\u00f6lj dina framg\u00e5ngar n\u00e4r som helst! Det integrerade WLAN-gr\u00e4nssnittet g\u00f6r att du kan integrera denna v\u00e4xelriktare i ditt n\u00e4tverk.<br \/>\n\u00c5tkomst via SOLARMAN-appen \u00e4r m\u00f6jlig med din smartphone eller surfplatta. Dessutom \u00e4r webbl\u00e4sarbaserad \u00e5tkomst m\u00f6jlig med din slutenhet.<\/p>\n<p><b>MPPT-sp\u00e5rning:<\/b><br \/>\nMaximal avkastning i alla v\u00e4derf\u00f6rh\u00e5llanden. Oavsett om det \u00e4r d\u00e5ligt v\u00e4der eller delvis skuggigt, s\u00e4kerst\u00e4ller den moderna tekniken och den senaste str\u00e4ngtekniken hos v\u00e4xelriktaren optimal avkastning.<\/p>\n<p><b>Enkelt utbyggbar:<\/b><br \/>\nEtt system med denna mikrov\u00e4xelriktare kan n\u00e4r som helst ut\u00f6kas med ytterligare mikrov\u00e4xelriktare. Den extra v\u00e4xelriktaren ansluts helt enkelt till den befintliga mikrov\u00e4xelriktaren med Betteri-kontakten.<\/p>\n<p><b>Certifierad enligt VDE:<\/b><br \/>\nMikroinvertern \u00e4r certifierad enligt VDE-AR-N-4105:2018 och f\u00e5r anv\u00e4ndas i Tyskland. Den har ett NA-skydd och st\u00e4ngs omedelbart av n\u00e4r den kopplas bort fr\u00e5n eln\u00e4tet.<\/p>\n<p><b>WLAN:<\/b><br \/>\nEn WLAN-modul \u00e4r integrerad i mikroinverteraren. Detta inneb\u00e4r att ingen ytterligare h\u00e5rdvara kr\u00e4vs f\u00f6r att uppr\u00e4tta en anslutning. Med SOLARMAN-appen kan du sp\u00e5ra din avkastning live och visualisera och analysera den grafiskt. WLAN-l\u00f6senordet f\u00f6r Deye-v\u00e4xelriktaren \u00e4r \"12345678\" och m\u00e5ste anges en g\u00e5ng under integrationen i Solarman-appen. Inga ytterligare enheter beh\u00f6vs f\u00f6r energim\u00e4tning!<\/p>\n<p><b>Montering:<\/b><br \/>\nV\u00e4xelriktaren har IP 67-klassning och \u00e4r extremt robust och t\u00e5lig. V\u00e4xelriktaren monteras enkelt utomhus tillsammans med din solcellsmodul.<\/p>\n<p><b>AC-anslutning:<\/b><br \/>\nF\u00f6r anslutning till husets n\u00e4tverk medf\u00f6ljer en Betteri-kontakt p\u00e5 enhetens sida f\u00f6r fri montering.<\/p>\n<p><b>DC-ing\u00e5ng - solsidan:<\/b><br \/>\nIng\u00e5ngseffekt: 210 Watt - 400 Watt<br \/>\nMax. Ing\u00e5ngssp\u00e4nning: 60 V DC<br \/>\nMax. Ing\u00e5ngsstr\u00f6m: 16 A<br \/>\nMPP-kontroll: Ja<br \/>\nDC-anslutningar: Ja<br \/>\nAnslutning: MC4<\/p>\n<p><b>AC-utg\u00e5ng - N\u00e4tutg\u00e5ng:<\/b><br \/>\nNominell effekt: 600 watt (230 V\/50 Hz)<br \/>\nNominell utsp\u00e4nning: 230 V<br \/>\nUtg\u00e5ngsstr\u00f6m: max. 2.9 A<br \/>\nAnslutning: B\u00e4ttrei<\/p>\n<p><b>Enhet:<\/b><br \/>\nM\u00e5tt (HxWxD): 229 x 212 x 40 mm<br \/>\nVikt: 3,5 kg<br \/>\nNattf\u00f6rbrukning: &lt; 50 mW<\/p>\n<p><b>Omfattning av leveransen:<\/b><br \/>\n1x SUN600<br \/>\n1x WLAN-antenn<br \/>\n1x manual (engelska)<\/p>\n<p><b>Viktigt:<\/b><br \/>\nF\u00f6r konfiguration, anpassning av kraftledningar \/ husanslutningsledningar rekommenderar vi att du alltid r\u00e5dfr\u00e5gar kvalificerad personal. F\u00f6retaget reichelt elektronik GmbH &amp; Co. KG tar inte p\u00e5 sig n\u00e5got ansvar. V\u00e4nligen informera dig f\u00f6re k\u00f6p och anslutning.<\/p>\n<div id=\"clipvideo\"><strong>Mer information finns h\u00e4r:<\/strong><\/div>\n<div><a href=\"https:\/\/storeyourownpower.com\/wp-content\/uploads\/2022\/12\/Datasheet-English-microinverter.pdf\" target=\"_blank\" rel=\"noopener\">Datablad Engelska mikroinverterare<\/a><\/div>\n<div><a href=\"https:\/\/storeyourownpower.com\/wp-content\/uploads\/2022\/12\/User-Manual-Deye-microinverter.pdf\" target=\"_blank\" rel=\"noopener\">Anv\u00e4ndarmanual Deye mikroinverterare<\/a><\/div>\n<\/div>\n<\/div>\n<\/div>\n<\/div>\n<\/div>\n<\/div>\n<\/div>\n<\/div>","protected":false},"excerpt":{"rendered":"<p>DEYE SUN600\/800\/1000G3-US-220\/EU-230 |600-1000W| Single Phase | 2 MPPT | Micro-Inverter | Rapid Shutdown H\u00f6gre avkastning \/ S\u00e4ker \/ Smart \/ Anv\u00e4ndarv\u00e4nlig SUN 600\/800\/1000G3 \u00e4r en ny generation n\u00e4tanslutna mikroinverterare med [...].<\/p>","protected":false},"featured_media":4069,"template":"","meta":{"_seopress_robots_primary_cat":"none","_seopress_titles_title":"DEYE SUN600\/800\/1000G3-US-220\/EU-230 |600-1000W| Single Phase | 2 MPPT | Micro-Inverter | Rapid Shutdown","_seopress_titles_desc":"Get the DEYE SUN600\/800\/1000G3 microinverter for maximum efficiency and safe solar energy production. Supports rapid shutdown and smart monitoring.","_seopress_robots_index":"","_kad_blocks_custom_css":"","_kad_blocks_head_custom_js":"","_kad_blocks_body_custom_js":"","_kad_blocks_footer_custom_js":""},"product_cat":[18],"product_tag":[],"class_list":{"0":"post-4066","1":"product","2":"type-product","3":"status-publish","4":"has-post-thumbnail","6":"product_cat-hybrid-inverters","8":"first","9":"instock","10":"sale","11":"taxable","12":"shipping-taxable","13":"purchasable","14":"product-type-simple"},"taxonomy_info":{"product_cat":[{"value":18,"label":"Hybrid inverters"}]},"featured_image_src_large":["https:\/\/ownpowr.com\/wp-content\/uploads\/2023\/10\/deye-microinveretr.webp",420,420,false],"author_info":[],"comment_info":"","_links":{"self":[{"href":"https:\/\/ownpowr.com\/sv\/wp-json\/wp\/v2\/product\/4066","targetHints":{"allow":["GET"]}}],"collection":[{"href":"https:\/\/ownpowr.com\/sv\/wp-json\/wp\/v2\/product"}],"about":[{"href":"https:\/\/ownpowr.com\/sv\/wp-json\/wp\/v2\/types\/product"}],"wp:featuredmedia":[{"embeddable":true,"href":"https:\/\/ownpowr.com\/sv\/wp-json\/wp\/v2\/media\/4069"}],"wp:attachment":[{"href":"https:\/\/ownpowr.com\/sv\/wp-json\/wp\/v2\/media?parent=4066"}],"wp:term":[{"taxonomy":"product_cat","embeddable":true,"href":"https:\/\/ownpowr.com\/sv\/wp-json\/wp\/v2\/product_cat?post=4066"},{"taxonomy":"product_tag","embeddable":true,"href":"https:\/\/ownpowr.com\/sv\/wp-json\/wp\/v2\/product_tag?post=4066"}],"curies":[{"name":"wp","href":"https:\/\/api.w.org\/{rel}","templated":true}]}}