{"id":418,"date":"2023-10-04T16:42:57","date_gmt":"2023-10-04T14:42:57","guid":{"rendered":"https:\/\/ownpowr.com\/product\/pylontech-force-h1-21-31\/"},"modified":"2025-06-03T11:10:17","modified_gmt":"2025-06-03T09:10:17","slug":"pylontech-force-h1-21-31","status":"publish","type":"product","link":"https:\/\/ownpowr.com\/sv\/product\/pylontech-force-h1-21-31\/","title":{"rendered":"Pylontech Force H1 21.31 V2"},"content":{"rendered":"<p>Vi introducerar Pylontech Force H1 21,31 kWh h\u00f6gsp\u00e4nningsbatterimodul:<\/p>\n<p><strong>Viktiga egenskaper:<\/strong><\/p>\n<ul>\n<li><strong>Batteriets konfiguration:<\/strong> 6 x Force H1 3,55 kWh-moduler + 1 x BMU Force H1-bas<\/li>\n<li><strong>Total anv\u00e4ndbar kapacitet:<\/strong> 21,31 kWh<\/li>\n<li><strong>Vertikal industriell integration:<\/strong> Ger \u00f6ver 6000 cykler med 90% Depth of Discharge (DoD), vilket s\u00e4kerst\u00e4ller l\u00e5ngvarig prestanda.<\/li>\n<li><strong>Modul\u00e4r konstruktion:<\/strong> G\u00f6r det m\u00f6jligt f\u00f6r slutkunderna att v\u00e4lja \u00f6nskad kapacitet, vilket g\u00f6r det flexibelt att skala upp.<\/li>\n<li><strong>Kompatibilitet:<\/strong> Kompatibel med de flesta tillg\u00e4ngliga hybridomriktare, vilket s\u00e4kerst\u00e4ller s\u00f6ml\u00f6s integration med befintliga system.<\/li>\n<li><strong>Genv\u00e4g Installation:<\/strong> Minimerar installationstid och -kostnad och effektiviserar installationsprocessen.<\/li>\n<li><strong>M\u00e5ngsidig design:<\/strong> L\u00e4mplig f\u00f6r b\u00e5de inomhus- och utomhusinstallationer, vilket ger flexibilitet vid placering.<\/li>\n<\/ul>\n<p><strong>Produktbeskrivning:<\/strong><\/p>\n<p>Pylontech Force H1 \u00e4r den senaste batterimodulen f\u00f6r High Energy Storage System (HESS) och har utformats f\u00f6r att m\u00f6ta slutanv\u00e4ndarnas skiftande behov. Den har flera viktiga egenskaper som g\u00f6r den unik:<\/p>\n<ul>\n<li><strong>L\u00e5ng livsl\u00e4ngd:<\/strong> \"Long life\"-karakt\u00e4ren s\u00e4kerst\u00e4ller systemets h\u00e5llbarhet, vilket g\u00f6r det till ett tillf\u00f6rlitligt val f\u00f6r l\u00e5ngsiktiga energilagringsbehov.<\/li>\n<li><strong>H\u00f6g energi och effektt\u00e4thet:<\/strong> Force H1 har den h\u00f6gsta energi- och effektdensiteten i branschen, vilket maximerar energilagringskapaciteten i en kompakt design.<\/li>\n<li><strong>Enkel installation:<\/strong> Systemet \u00e4r utformat f\u00f6r enkel installation och utbyggnad, vilket f\u00f6renklar installationsprocessen f\u00f6r slutanv\u00e4ndarna.<\/li>\n<li><strong>Skalbarhet:<\/strong> Anv\u00e4ndarna kan b\u00f6rja med s\u00e5 f\u00e5 som 2 Force H1-batterimoduler och senare bygga ut med fler moduler, vilket ger skalbarhet f\u00f6r att m\u00f6ta f\u00f6r\u00e4ndrade energikrav.<\/li>\n<li><strong>Tillverkarens garanti:<\/strong> Produkten levereras med en 10-\u00e5rig tillverkargaranti, vilket garanterar sinnesro och produkttillf\u00f6rlitlighet. Registrering kr\u00e4vs f\u00f6r att garantin ska aktiveras, och mer information finns p\u00e5 tillverkarens webbplats.<\/li>\n<\/ul>\n<p>Pylontech Force H1 \u00e4r ett perfekt val f\u00f6r energilagringsl\u00f6sningar i bost\u00e4der och kommersiella lokaler. Dess m\u00e5ngsidiga design, h\u00f6ga prestanda och skalbarhet g\u00f6r den till ett v\u00e4rdefullt tillskott till alla energihanteringssystem. Oavsett om det g\u00e4ller reservkraft vid str\u00f6mavbrott eller optimering av energif\u00f6rbrukningen levererar Force H1 en p\u00e5litlig och effektiv energilagringsl\u00f6sning.<\/p>\n<p><a href=\"https:\/\/storeyourownpower.com\/wp-content\/uploads\/2022\/10\/Datasheet-English-2.pdf\" target=\"_blank\" rel=\"noopener\">Datablad Engelska<\/a><br \/>\n<a href=\"https:\/\/storeyourownpower.com\/wp-content\/uploads\/2022\/10\/Compatibility-list-English.pdf\" target=\"_blank\" rel=\"noopener\">Kompatibilitetslista Engelska<\/a><br \/>\n<a href=\"https:\/\/storeyourownpower.com\/wp-content\/uploads\/2022\/10\/Operation-manual-English.pdf\" target=\"_blank\" rel=\"noopener\">Bruksanvisning Engelska<\/a><br \/>\n<a href=\"https:\/\/storeyourownpower.com\/wp-content\/uploads\/2022\/10\/Consumer-Warranty.pdf\" target=\"_blank\" rel=\"noopener\">Konsumentgaranti<\/a><\/p>","protected":false},"excerpt":{"rendered":"<p>Vi presenterar Pylontech Force H1 21,31 kWh h\u00f6gsp\u00e4nningsbatterimodul: Viktiga funktioner: Batterikonfiguration: 6 x Force H1 3,55 kWh-moduler + 1 x BMU Force H1 bas Totalt [...]]<\/p>","protected":false},"featured_media":419,"template":"","meta":{"_seopress_robots_primary_cat":"none","_seopress_titles_title":"Pylontech Force H1 21.31kWh Battery Module - High Voltage","_seopress_titles_desc":"The latest HESS battery system with long life, highest energy density, easy installation, and compatibility with most hybrid inverters.","_seopress_robots_index":"","_kad_blocks_custom_css":"","_kad_blocks_head_custom_js":"","_kad_blocks_body_custom_js":"","_kad_blocks_footer_custom_js":""},"product_cat":[17],"product_tag":[],"class_list":{"0":"post-418","1":"product","2":"type-product","3":"status-publish","4":"has-post-thumbnail","6":"product_cat-home-batteries","8":"first","9":"instock","10":"sale","11":"taxable","12":"shipping-taxable","13":"purchasable","14":"product-type-simple"},"taxonomy_info":{"product_cat":[{"value":17,"label":"Home batteries"}]},"featured_image_src_large":["https:\/\/ownpowr.com\/wp-content\/uploads\/2022\/11\/Pylontech-Force-H1-10501-img-1.jpg",553,371,false],"author_info":[],"comment_info":"","_links":{"self":[{"href":"https:\/\/ownpowr.com\/sv\/wp-json\/wp\/v2\/product\/418","targetHints":{"allow":["GET"]}}],"collection":[{"href":"https:\/\/ownpowr.com\/sv\/wp-json\/wp\/v2\/product"}],"about":[{"href":"https:\/\/ownpowr.com\/sv\/wp-json\/wp\/v2\/types\/product"}],"wp:featuredmedia":[{"embeddable":true,"href":"https:\/\/ownpowr.com\/sv\/wp-json\/wp\/v2\/media\/419"}],"wp:attachment":[{"href":"https:\/\/ownpowr.com\/sv\/wp-json\/wp\/v2\/media?parent=418"}],"wp:term":[{"taxonomy":"product_cat","embeddable":true,"href":"https:\/\/ownpowr.com\/sv\/wp-json\/wp\/v2\/product_cat?post=418"},{"taxonomy":"product_tag","embeddable":true,"href":"https:\/\/ownpowr.com\/sv\/wp-json\/wp\/v2\/product_tag?post=418"}],"curies":[{"name":"wp","href":"https:\/\/api.w.org\/{rel}","templated":true}]}}