{"id":4519,"date":"2023-11-01T11:34:21","date_gmt":"2023-11-01T09:34:21","guid":{"rendered":"https:\/\/ownpowr.com\/?post_type=product&#038;p=4519"},"modified":"2026-04-16T13:25:20","modified_gmt":"2026-04-16T11:25:20","slug":"deye-gb-lm4-0-battery-module","status":"publish","type":"product","link":"https:\/\/ownpowr.com\/sv\/product\/deye-gb-lm4-0-batterimodul\/","title":{"rendered":"Deye GB-LM4.0 batterimodul"},"content":{"rendered":"<p>H\u00f6gsp\u00e4nningsbatterimodulen Deye GB-LM4.0 \u00e4r stapelbar (se datablad) p\u00e5 deye-serierna GB-SL och GB-L.<\/p>\n<p>GB-LM4.0 Batterimodul f\u00f6r h\u00f6gsp\u00e4nningsbatteri GB-L 4kWh (HV) LiFePO4 | 40ah solcellsbatteri<br \/>\n<strong>S\u00e4kerhet och trygghet<\/strong><br \/>\nInbyggd explosionsventilationsanordning f\u00f6r att avl\u00e4gsna gas och inbyggd brandskyddsanordning f\u00f6r att st\u00e4nga av brandk\u00e4llan i 3 sekunder<br \/>\n<strong>H\u00f6gsp\u00e4nningsstack<\/strong><br \/>\nModulerna seriekopplas utan kabelanslutning och h\u00f6gsp\u00e4nningsplattformen f\u00f6rb\u00e4ttrar systemeffektiviteten.<br \/>\n<strong>V\u00e4rmehantering<\/strong><br \/>\nTemperaturdetektering av viktiga delar, celler, str\u00f6mkontakter etc.<br \/>\n<strong>Drift inom ett brett temperaturomr\u00e5de<\/strong><br \/>\nUppv\u00e4rmningsfunktionen \u00e4r valfri f\u00f6r att uppfylla applikationsscenarierna med l\u00e5g temperatur och nosens.<br \/>\n<strong>Milj\u00f6v\u00e4nlighet<\/strong><br \/>\nIP-skyddsgrad 65, korrosionsskyddsgrad \u2265C2, milj\u00f6skyddsbatteri<br \/>\n<strong>Intelligent och visuell<\/strong><br \/>\nSt\u00f6d f\u00f6r fj\u00e4rruppgradering, realtidsinformation om batterivarning och LCD-datavisning.<\/p>\n<p>Allm\u00e4n information:<\/p>\n<p>Batterityp: LiFePO4 (LFP)<br \/>\nNominell sp\u00e4nning: 102,4 Vdc<br \/>\nNominell kapacitet: 40Ah<br \/>\nNominell energi: 4,09 kWh<br \/>\nMax. laddnings-\/urladdningsstr\u00f6m Laddnings-\/urladdningsstr\u00f6m: 40A<br \/>\nH\u00f6gsta laddnings-\/urladdningsstr\u00f6m: 50A<br \/>\nLaddningstemperatur: 0~55\u00b0C<br \/>\nUrladdningstemperatur: -20\u00b0C~55\u00b0C<br \/>\nLagringstemperatur: 0\u00b0C~35\u00b0C<br \/>\nSkydd mot intr\u00e5ng: IP65<br \/>\nDimension (B\/D\/H): 540*385*220mm<br \/>\nUngef\u00e4rlig vikt: 39 kg<\/p>\n<p><a href=\"https:\/\/ownpowr.com\/wp-content\/uploads\/2023\/11\/datasheet-gb-sl-eu.pdf\" target=\"_blank\" rel=\"noopener\">Datablad GB-SL-EU<\/a><\/p>\n<p>&nbsp;<\/p>","protected":false},"excerpt":{"rendered":"<p>H\u00f6gsp\u00e4nningsbatterimodulen Deye GB-LM4.0 \u00e4r stapelbar (se datablad) p\u00e5 GB-SL och GB-L deye-serierna. GB-LM4.0 Batterimodul f\u00f6r h\u00f6gsp\u00e4nningsbatteri i kluster GB-L 4kWh (HV) LiFePO4 [...]<\/p>","protected":false},"featured_media":4528,"template":"","meta":{"_seopress_robots_primary_cat":"none","_seopress_titles_title":"Deye GB-LM4.0 High Voltage, Stackable LiFePO4 Battery Module","_seopress_titles_desc":"Discover the stackable high-voltage GB-LM4.0 battery module by Deye featuring LiFePO4(LFP) type, 102.4Vdc voltage, 40Ah capacity, and 4.09kWh energy.","_seopress_robots_index":"","_kad_blocks_custom_css":"","_kad_blocks_head_custom_js":"","_kad_blocks_body_custom_js":"","_kad_blocks_footer_custom_js":""},"product_cat":[17],"product_tag":[],"class_list":{"0":"post-4519","1":"product","2":"type-product","3":"status-publish","4":"has-post-thumbnail","6":"product_cat-home-batteries","8":"first","9":"instock","10":"sale","11":"taxable","12":"shipping-taxable","13":"purchasable","14":"product-type-simple"},"taxonomy_info":{"product_cat":[{"value":17,"label":"Home batteries"}]},"featured_image_src_large":["https:\/\/ownpowr.com\/wp-content\/uploads\/2023\/11\/gb-lm4.0.jpg",550,322,false],"author_info":[],"comment_info":"","_links":{"self":[{"href":"https:\/\/ownpowr.com\/sv\/wp-json\/wp\/v2\/product\/4519","targetHints":{"allow":["GET"]}}],"collection":[{"href":"https:\/\/ownpowr.com\/sv\/wp-json\/wp\/v2\/product"}],"about":[{"href":"https:\/\/ownpowr.com\/sv\/wp-json\/wp\/v2\/types\/product"}],"wp:featuredmedia":[{"embeddable":true,"href":"https:\/\/ownpowr.com\/sv\/wp-json\/wp\/v2\/media\/4528"}],"wp:attachment":[{"href":"https:\/\/ownpowr.com\/sv\/wp-json\/wp\/v2\/media?parent=4519"}],"wp:term":[{"taxonomy":"product_cat","embeddable":true,"href":"https:\/\/ownpowr.com\/sv\/wp-json\/wp\/v2\/product_cat?post=4519"},{"taxonomy":"product_tag","embeddable":true,"href":"https:\/\/ownpowr.com\/sv\/wp-json\/wp\/v2\/product_tag?post=4519"}],"curies":[{"name":"wp","href":"https:\/\/api.w.org\/{rel}","templated":true}]}}