{"id":4588,"date":"2023-11-01T15:23:32","date_gmt":"2023-11-01T13:23:32","guid":{"rendered":"https:\/\/ownpowr.com\/?post_type=product&#038;p=4588"},"modified":"2025-02-27T11:22:43","modified_gmt":"2025-02-27T09:22:43","slug":"deye-gb-l-16-36-kwh","status":"publish","type":"product","link":"https:\/\/ownpowr.com\/sv\/product\/deye-gb-l-16-36-kwh\/","title":{"rendered":"Deye GB-L-16,36 kWh"},"content":{"rendered":"<p>Deye GB-L-16.36 kWh \u00e4r ett batteri med bms fr\u00e5n h\u00f6gsp\u00e4nningsserien GB-L deye.<\/p>\n<p>Satsen inneh\u00e5ller:<br \/>\n4x GB-LM4.0<br \/>\n1x GB-LBS<br \/>\n1x GB-LBase<\/p>\n<p>GB-LM16.36 Batterimodul f\u00f6r h\u00f6gsp\u00e4nningsbatteri GB-L 4kWh (HV) LiFePO4 | 40ah solbatteri<br \/>\n<strong>S\u00e4kerhet och trygghet<\/strong><br \/>\nInbyggd explosionsventilationsanordning f\u00f6r att avl\u00e4gsna gas och inbyggd brandskyddsanordning f\u00f6r att st\u00e4nga av brandk\u00e4llan i 3 sekunder<br \/>\n<strong>H\u00f6gsp\u00e4nningsstack<\/strong><br \/>\nModulerna seriekopplas utan kabelanslutning och h\u00f6gsp\u00e4nningsplattformen f\u00f6rb\u00e4ttrar systemeffektiviteten.<br \/>\n<strong>V\u00e4rmehantering<\/strong><br \/>\nTemperaturdetektering av viktiga delar, celler, str\u00f6mkontakter etc.<br \/>\n<strong>Drift inom ett brett temperaturomr\u00e5de<\/strong><br \/>\nUppv\u00e4rmningsfunktionen \u00e4r valfri f\u00f6r att uppfylla applikationsscenarierna med l\u00e5g temperatur och nosens.<br \/>\n<strong>Milj\u00f6v\u00e4nlighet<\/strong><br \/>\nIP-skyddsgrad 65, korrosionsskyddsgrad \u2265C2, milj\u00f6skyddsbatteri<br \/>\n<strong>Intelligent och visuell<\/strong><br \/>\nSt\u00f6d f\u00f6r fj\u00e4rruppgradering, realtidsinformation om batterivarning och LCD-datavisning.<\/p>\n<p>&nbsp;<\/p>\n<p><a href=\"https:\/\/ownpowr.com\/wp-content\/uploads\/2023\/11\/gb-l-v1.3.pdf\" target=\"_blank\" rel=\"noopener\">GB-L-V1.3<\/a><\/p>","protected":false},"excerpt":{"rendered":"<p>Deye GB-L-16,36 kWh \u00e4r ett batteri med bms fr\u00e5n h\u00f6gsp\u00e4nningsserien GB-L deye. Satsen inneh\u00e5ller: 4x GB-LM4.0 1x GB-LBS 1x GB-LBase GB-LM16.36 Batterimodul f\u00f6r kluster [...]<\/p>","protected":false},"featured_media":4592,"template":"","meta":{"_seopress_robots_primary_cat":"none","_seopress_titles_title":"High-Efficiency Deye GB-L-16.36 kWh Battery with BMS","_seopress_titles_desc":"Discover Deye GB-L-16.36 kWh - a high-voltage, environmentally friendly battery with BMS. Enhanced safety measures, thermal management, and remote upgrades.","_seopress_robots_index":"","_kad_blocks_custom_css":"","_kad_blocks_head_custom_js":"","_kad_blocks_body_custom_js":"","_kad_blocks_footer_custom_js":""},"product_cat":[17],"product_tag":[],"class_list":{"0":"post-4588","1":"product","2":"type-product","3":"status-publish","4":"has-post-thumbnail","6":"product_cat-home-batteries","8":"first","9":"instock","10":"sale","11":"taxable","12":"shipping-taxable","13":"purchasable","14":"product-type-simple"},"taxonomy_info":{"product_cat":[{"value":17,"label":"Home batteries"}]},"featured_image_src_large":["https:\/\/ownpowr.com\/wp-content\/uploads\/2023\/11\/image-5.png",1000,1000,false],"author_info":[],"comment_info":"","_links":{"self":[{"href":"https:\/\/ownpowr.com\/sv\/wp-json\/wp\/v2\/product\/4588","targetHints":{"allow":["GET"]}}],"collection":[{"href":"https:\/\/ownpowr.com\/sv\/wp-json\/wp\/v2\/product"}],"about":[{"href":"https:\/\/ownpowr.com\/sv\/wp-json\/wp\/v2\/types\/product"}],"wp:featuredmedia":[{"embeddable":true,"href":"https:\/\/ownpowr.com\/sv\/wp-json\/wp\/v2\/media\/4592"}],"wp:attachment":[{"href":"https:\/\/ownpowr.com\/sv\/wp-json\/wp\/v2\/media?parent=4588"}],"wp:term":[{"taxonomy":"product_cat","embeddable":true,"href":"https:\/\/ownpowr.com\/sv\/wp-json\/wp\/v2\/product_cat?post=4588"},{"taxonomy":"product_tag","embeddable":true,"href":"https:\/\/ownpowr.com\/sv\/wp-json\/wp\/v2\/product_tag?post=4588"}],"curies":[{"name":"wp","href":"https:\/\/api.w.org\/{rel}","templated":true}]}}