{"id":48386,"date":"2024-03-29T11:33:07","date_gmt":"2024-03-29T09:33:07","guid":{"rendered":"https:\/\/ownpowr.com\/?post_type=product&#038;p=48386"},"modified":"2025-01-31T10:47:14","modified_gmt":"2025-01-31T08:47:14","slug":"blauhoff-home-6k-11-4-kwh-3-fase-systeem-slim-line-ip65","status":"publish","type":"product","link":"https:\/\/ownpowr.com\/sv\/product\/blauhoff-home-6k-11-4-kwh-3-fase-system-slim-line-ip65\/","title":{"rendered":"Blauhoff Home 6K\/11,4 kWh 3-fas system Slim Line IP65"},"content":{"rendered":"<p>Blauhoff Home 6K\/11.4kWh 3 Fas System Slim Line IP65 17 cm tunn Utomhus\/Inomhus !<\/p>\n<p>Det supertunna Blauhoff Home 6K\/11kWh 3-fassystemet, fr\u00e5n det v\u00e4lk\u00e4nda varum\u00e4rket Blauhoff, erbjuder en tillf\u00f6rlitlig och effektiv l\u00f6sning f\u00f6r energilagring i hush\u00e5ll med medelh\u00f6g f\u00f6rbrukning. Med detta kraftfulla system kan du optimera energieffektiviteten i ditt hem, minska ditt beroende av eln\u00e4tet och dra nytta av n\u00f6dstr\u00f6mf\u00f6rs\u00f6rjning i h\u00e4ndelse av str\u00f6mavbrott. Dessutom levereras detta system med gratis montering, vilket garanterar en problemfri installation.<\/p>\n<p>V\u00e4xelriktaren har en l\u00e4ngd p\u00e5 780 mm och en vikt p\u00e5 33,6 kg. En extra 300 mm kabel mellan v\u00e4xelriktaren och batteriet g\u00f6r att du kan best\u00e4mma den optimala placeringen f\u00f6r ditt system, vilket garanterar effektiv energi\u00f6verf\u00f6ring och minimala energif\u00f6rluster.<\/p>\n<p>Batterisystemet Blauhoff \u00e4r h\u00e5llbart och ultrakompakt och platt, med m\u00e5tten 670 mm x 900 mm x 170 mm och en vikt p\u00e5 90 kg. Batteriet har en kapacitet p\u00e5 11 kWh, vilket g\u00f6r att du kan lagra \u00f6verskottsenergi som genereras av dina solpaneler eller andra energik\u00e4llor. N\u00e4r det inte finns n\u00e5gon energiproduktion kan du anv\u00e4nda den lagrade energin f\u00f6r att t\u00e4cka din energif\u00f6rbrukning, vilket minskar ditt beroende av eln\u00e4tet och s\u00e4nker dina energikostnader ytterligare. Allt detta sker automatiskt i samband med dynamiska energiavtal. Du kan sedan dra nytta av billig el p\u00e5 vintern och anv\u00e4nda den hela dagen och p\u00e5 sommaren anv\u00e4nda gratis laddning p\u00e5 eftermiddagen och anv\u00e4nda den p\u00e5 kv\u00e4llen och ladda bilen med den p\u00e5 morgonen eller p\u00e5 natten.<\/p>\n<p>Home 6K\/11kWh 3-fas system rekommenderas f\u00f6r hush\u00e5ll med en genomsnittlig \u00e5rlig f\u00f6rbrukning p\u00e5 ca 3000 kWh. Med en effekt p\u00e5 6 kW kan du t\u00e4cka en betydande del av ditt energibehov med hj\u00e4lp av den solenergi som genereras och den energi som lagras i batteriet. Dessutom ger detta system n\u00f6dstr\u00f6m s\u00e5 att viktiga enheter kan forts\u00e4tta att fungera under str\u00f6mavbrott och dina dagliga rutiner kan forts\u00e4tta utan avbrott.<\/p>\n<p>Blauhoff Home 6K\/11kWh 3 Phase System Slim Line \u00e4r utformad med flexibilitet i \u00e5tanke. Det har en generator-\/vindkvarnport som ger dig m\u00f6jlighet att l\u00e4gga till ytterligare str\u00f6mk\u00e4llor och ytterligare \u00f6ka ditt energioberoende. Med en minsta anslutning p\u00e5 3x25A och l\u00e4mplig f\u00f6r 3-fas konfigurationer \u00e4r detta system kompatibelt med de flesta hush\u00e5lls eln\u00e4t.<\/p>\n<p>Med fri montering kan du lita p\u00e5 professionell installation, vilket s\u00e4kerst\u00e4ller att ditt system fungerar optimalt fr\u00e5n f\u00f6rsta stund och att du kan njuta av en bekymmersfri upplevelse.<\/p>\n<p>Byt till en mer effektiv och h\u00e5llbar energif\u00f6rs\u00f6rjning med Blauhoff Home 6K\/11kWh 3-fas system. Med kraftfull energilagring, reservkraft och flexibla energik\u00e4llor kan du lita p\u00e5 en tillf\u00f6rlitlig str\u00f6mf\u00f6rs\u00f6rjning, uppn\u00e5 kostnadsbesparingar och minska ditt koldioxidavtryck. V\u00e4lj Blauhoff och f\u00f6rbered ditt hem f\u00f6r framtidens energibehov.<\/p>\n<p>&nbsp;<\/p>\n<p><a href=\"https:\/\/blauhoff.nl\/wp-content\/uploads\/2024\/02\/Datasheet-Blauhoff-RESS-HV-Slim-Line.pdf\" target=\"_blank\" rel=\"noopener\">Datablad Blauhoff RESS HV Slim Line<\/a><\/p>\n<p>&nbsp;<\/p>\n<p>&nbsp;<\/p>","protected":false},"excerpt":{"rendered":"<p>Blauhoff Home 6K\/11.4kWh 3-fas system Slim Line IP65 17 cm tunn Utomhus\/Inomhus ! Det supersmala Blauhoff Home 6K\/11kWh 3-fassystemet, fr\u00e5n det v\u00e4lk\u00e4nda varum\u00e4rket Blauhoff, erbjuder en [...]<\/p>","protected":false},"featured_media":48389,"template":"","meta":{"_seopress_robots_primary_cat":"none","_seopress_titles_title":"Blauhoff Home 6K\/11kWh 3 Phase Slim line","_seopress_titles_desc":"Ease your energy concerns with Blauhoff Home 6K\/11.4kWh 3 Phase System. Amplify your home efficiency, cut costs and boost reliability. Enjoy free assembly for effortless installation.","_seopress_robots_index":"","_kad_blocks_custom_css":"","_kad_blocks_head_custom_js":"","_kad_blocks_body_custom_js":"","_kad_blocks_footer_custom_js":""},"product_cat":[17,19],"product_tag":[],"class_list":{"0":"post-48386","1":"product","2":"type-product","3":"status-publish","4":"has-post-thumbnail","6":"product_cat-home-batteries","7":"product_cat-sets-with-inverters","9":"first","10":"instock","11":"taxable","12":"shipping-taxable","13":"purchasable","14":"product-type-simple"},"taxonomy_info":{"product_cat":[{"value":17,"label":"Home batteries"},{"value":19,"label":"Sets with inverters"}]},"featured_image_src_large":["https:\/\/ownpowr.com\/wp-content\/uploads\/2024\/03\/3-phase-6k-battery-11kwh-480x480-1.png",480,480,false],"author_info":[],"comment_info":"","_links":{"self":[{"href":"https:\/\/ownpowr.com\/sv\/wp-json\/wp\/v2\/product\/48386","targetHints":{"allow":["GET"]}}],"collection":[{"href":"https:\/\/ownpowr.com\/sv\/wp-json\/wp\/v2\/product"}],"about":[{"href":"https:\/\/ownpowr.com\/sv\/wp-json\/wp\/v2\/types\/product"}],"wp:featuredmedia":[{"embeddable":true,"href":"https:\/\/ownpowr.com\/sv\/wp-json\/wp\/v2\/media\/48389"}],"wp:attachment":[{"href":"https:\/\/ownpowr.com\/sv\/wp-json\/wp\/v2\/media?parent=48386"}],"wp:term":[{"taxonomy":"product_cat","embeddable":true,"href":"https:\/\/ownpowr.com\/sv\/wp-json\/wp\/v2\/product_cat?post=48386"},{"taxonomy":"product_tag","embeddable":true,"href":"https:\/\/ownpowr.com\/sv\/wp-json\/wp\/v2\/product_tag?post=48386"}],"curies":[{"name":"wp","href":"https:\/\/api.w.org\/{rel}","templated":true}]}}