{"id":48405,"date":"2024-03-29T14:22:38","date_gmt":"2024-03-29T12:22:38","guid":{"rendered":"https:\/\/ownpowr.com\/?post_type=product&#038;p=48405"},"modified":"2025-01-31T10:26:04","modified_gmt":"2025-01-31T08:26:04","slug":"blauhoff-home-10k-15-2-kwh-3-fase-systeem-slim-line-ip65","status":"publish","type":"product","link":"https:\/\/ownpowr.com\/sv\/product\/blauhoff-home-10k-15-2-kwh-3-fase-system-slim-line-ip65\/","title":{"rendered":"Blauhoff Home 10K\/15,2 kWh 3-fassystem Slim Line IP65 HV"},"content":{"rendered":"<p>Blauhoff Home 10K\/15.2kWh 3 Fas System Slim Line IP65 17 cm tunn Utomhus\/Inomhus !<br \/>\nDet supertunna Blauhoff Home 10K\/15kWh 3 Phase System, fr\u00e5n det v\u00e4lk\u00e4nda varum\u00e4rket Blauhoff, erbjuder en tillf\u00f6rlitlig och effektiv l\u00f6sning f\u00f6r energilagring i hush\u00e5ll med medelh\u00f6g f\u00f6rbrukning.med detta kraftfulla system kan du optimera energieffektiviteten i ditt hem, minska ditt beroende av eln\u00e4tet och dra nytta av n\u00f6dstr\u00f6mf\u00f6rs\u00f6rjning vid str\u00f6mavbrott.dessutom levereras detta system med gratis montering, vilket garanterar en problemfri installation. Kommunicerar med dynamisk kraft efter behov utan abonnemang och alltid fritt val av energileverant\u00f6r!<\/p>\n<p>V\u00e4xelriktaren har en l\u00e4ngd p\u00e5 780 mm och en vikt p\u00e5 33,6 kg. En extra 300 mm kabel mellan v\u00e4xelriktaren och batteriet g\u00f6r att du kan best\u00e4mma den optimala placeringen f\u00f6r ditt system, vilket garanterar effektiv energi\u00f6verf\u00f6ring och minimala energif\u00f6rluster.<\/p>\n<p>Batterisystemet Blauhoff \u00e4r h\u00e5llbart och Ultrakompakt och platt, med m\u00e5tten 670 mm x 900 mm x 170 mm och en vikt p\u00e5 90 kg.batteriet har en kapacitet p\u00e5 15,2 kWh, vilket g\u00f6r att du kan lagra \u00f6verskottsenergi som genereras av dina solpaneler eller andra energik\u00e4llor.vid tidpunkter d\u00e5 det inte finns n\u00e5gon energiproduktion kan du anv\u00e4nda den lagrade energin f\u00f6r att t\u00e4cka din energif\u00f6rbrukning, minska ditt beroende av eln\u00e4tet och ytterligare minska dina energikostnader.allt detta sker automatiskt i samband med dynamiska energiavtal som f\u00f6r n\u00e4rvarande. Du kan d\u00e5 dra nytta av billig str\u00f6m p\u00e5 natten p\u00e5 vintern och anv\u00e4nda den hela dagen och p\u00e5 sommaren anv\u00e4nda gratis laddning p\u00e5 eftermiddagen och anv\u00e4nda den p\u00e5 kv\u00e4llen och ladda bilen med den p\u00e5 morgonen eller p\u00e5 natten.<\/p>\n<p>Home 10K\/15kWh 3-fassystem rekommenderas f\u00f6r hush\u00e5ll med en genomsnittlig \u00e5rlig f\u00f6rbrukning p\u00e5 ca 5500 kWh. 10 kW effekt g\u00f6r att du kan t\u00e4cka en betydande del av ditt energibehov med hj\u00e4lp av den solenergi som genereras och den energi som lagras i batteriet. Dessutom tillhandah\u00e5ller detta system n\u00f6dstr\u00f6m s\u00e5 att viktiga enheter forts\u00e4tter att fungera under str\u00f6mavbrott och dina dagliga rutiner kan forts\u00e4tta utan avbrott.<\/p>\n<p>Blauhoff Home 10K\/15kWh 3 Phase System Slim Line \u00e4r utformat med flexibilitet i \u00e5tanke och har en generator-\/vindkvarnport som ger dig m\u00f6jlighet att l\u00e4gga till ytterligare str\u00f6mk\u00e4llor och ytterligare \u00f6ka ditt energioberoende. Med en minsta anslutning p\u00e5 3x25A och l\u00e4mplig f\u00f6r 3-fas konfigurationer \u00e4r detta system kompatibelt med de flesta hush\u00e5lls eln\u00e4t.<br \/>\nMed fri montering kan du lita p\u00e5 professionell installation, vilket s\u00e4kerst\u00e4ller att ditt system fungerar optimalt fr\u00e5n f\u00f6rsta stund och att du kan njuta av en bekymmersfri upplevelse.<\/p>\n<p>Byt till en mer effektiv och h\u00e5llbar energif\u00f6rs\u00f6rjning med Blauhoff Home 10K\/15kWh 3-fas system.med kraftfull energilagring, reservkraft och flexibilitet i energik\u00e4llor kan du lita p\u00e5 en tillf\u00f6rlitlig str\u00f6mf\u00f6rs\u00f6rjning, realisera kostnadsbesparingar och minska ditt koldioxidavtryck.<br \/>\nV\u00e4lj Blauhoff och f\u00f6rbered ditt hem f\u00f6r framtidens energibehov.<\/p>\n<p><a href=\"https:\/\/blauhoff.nl\/wp-content\/uploads\/2024\/02\/Datasheet-Blauhoff-RESS-HV-Slim-Line.pdf\" target=\"_blank\" rel=\"noopener\">Datablad Blauhoff RESS HV Slim Line<\/a><\/p>\n<p>&nbsp;<\/p>","protected":false},"excerpt":{"rendered":"<p>Blauhoff Home 10K\/15.2kWh 3-fas system Slim Line IP65 17 cm tunn Utomhus\/Inomhus ! Det supersmala Blauhoff Home 10K\/15kWh 3-fassystemet, fr\u00e5n det v\u00e4lk\u00e4nda varum\u00e4rket Blauhoff, erbjuder en [...]<\/p>","protected":false},"featured_media":48408,"template":"","meta":{"_seopress_robots_primary_cat":"none","_seopress_titles_title":"Maximize Energy Efficiency with Blauhoff Slim Line Home System","_seopress_titles_desc":"Maximize home energy efficiency with the slim Blauhoff Home 10K\/15.2kWh 3 phase system. Enjoy free assembly, optimal energy transfer and emergency power supply.","_seopress_robots_index":"","_kad_blocks_custom_css":"","_kad_blocks_head_custom_js":"","_kad_blocks_body_custom_js":"","_kad_blocks_footer_custom_js":""},"product_cat":[17,19],"product_tag":[],"class_list":{"0":"post-48405","1":"product","2":"type-product","3":"status-publish","4":"has-post-thumbnail","6":"product_cat-home-batteries","7":"product_cat-sets-with-inverters","9":"first","10":"instock","11":"taxable","12":"shipping-taxable","13":"purchasable","14":"product-type-simple"},"taxonomy_info":{"product_cat":[{"value":17,"label":"Home batteries"},{"value":19,"label":"Sets with inverters"}]},"featured_image_src_large":["https:\/\/ownpowr.com\/wp-content\/uploads\/2024\/03\/3-phase-12k-battery-11kwh-1-1024x1024.png",1024,1024,true],"author_info":[],"comment_info":"","_links":{"self":[{"href":"https:\/\/ownpowr.com\/sv\/wp-json\/wp\/v2\/product\/48405","targetHints":{"allow":["GET"]}}],"collection":[{"href":"https:\/\/ownpowr.com\/sv\/wp-json\/wp\/v2\/product"}],"about":[{"href":"https:\/\/ownpowr.com\/sv\/wp-json\/wp\/v2\/types\/product"}],"wp:featuredmedia":[{"embeddable":true,"href":"https:\/\/ownpowr.com\/sv\/wp-json\/wp\/v2\/media\/48408"}],"wp:attachment":[{"href":"https:\/\/ownpowr.com\/sv\/wp-json\/wp\/v2\/media?parent=48405"}],"wp:term":[{"taxonomy":"product_cat","embeddable":true,"href":"https:\/\/ownpowr.com\/sv\/wp-json\/wp\/v2\/product_cat?post=48405"},{"taxonomy":"product_tag","embeddable":true,"href":"https:\/\/ownpowr.com\/sv\/wp-json\/wp\/v2\/product_tag?post=48405"}],"curies":[{"name":"wp","href":"https:\/\/api.w.org\/{rel}","templated":true}]}}