{"id":49941,"date":"2024-04-05T08:59:30","date_gmt":"2024-04-05T06:59:30","guid":{"rendered":"https:\/\/ownpowr.com\/?post_type=product&#038;p=49941"},"modified":"2025-03-28T13:11:33","modified_gmt":"2025-03-28T11:11:33","slug":"blauhoff-megapack-container-ess-3-85mwh","status":"publish","type":"product","link":"https:\/\/ownpowr.com\/sv\/product\/blauhoff-megapack-container-ess-3-85mwh\/","title":{"rendered":"Blauhoff MegaPack Container ESS 3,85MWh"},"content":{"rendered":"<p>Blauhoff Megapack Container ESS 3.85 \u00e4r ett nyckelf\u00e4rdigt batterisystem i en container (pris utan moms och utan montage).<\/p>\n<p><strong>L\u00e4gre kostnader<\/strong><\/p>\n<p>Enkel att installera och l\u00e5gt underh\u00e5ll<\/p>\n<p>St\u00f6rre celler, m\u00e5nga kWh d\u00e4rf\u00f6r 50% starkare \u00e4n vanliga l\u00f6sningar och mer kompakt<\/p>\n<p><strong>F\u00f6rb\u00e4ttrad effektivitet<\/strong><\/p>\n<p>Baserat p\u00e5 en 1500V-plattform har DC-sidan en verkningsgrad p\u00e5 93%.<\/p>\n<p>C4H standard korrosionsskyddad beh\u00e5llare har en livsl\u00e4ngd p\u00e5 minst 15 \u00e5r<\/p>\n<p><strong>S\u00e4ker<\/strong><\/p>\n<p>Multipel balansering ger s\u00e4ker och l\u00e5ng batteritid<\/p>\n<p>Integrerade gas- och vattensl\u00e4ckningssystem garanterar s\u00e4kerhet under extrema f\u00f6rh\u00e5llanden<\/p>\n<p><strong>Smart<\/strong><\/p>\n<p>Icloud AI \u00f6vervakning i realtid<\/p>\n<p><strong>Godk\u00e4nnande<\/strong><\/p>\n<p>CE-LVD:EN IEC62477-1, CE-EMC:EN IEC61000-6-2 , EN IEC 61000-6-4, UKCA: EN IEC 62477-1<\/p>\n<p>IEC62619-2022 (funktionss\u00e4kerhet IEC UL 60730-1 bilaga H, inklusive cell)<\/p>\n<p>IEC 63056:2020<\/p>\n<p>NFPA855, Fcc-ID, UL1973:2022, UL9540A Enhet<\/p>\n<p>VDE4100<\/p>\n<p>&nbsp;<\/p>","protected":false},"excerpt":{"rendered":"<p>Blauhoff Megapack Container ESS 3.85 \u00e4r ett nyckelf\u00e4rdigt batterisystem i en container (pris utan moms och utan montage). L\u00e4gre kostnad L\u00e4tt att installera och l\u00e5gt underh\u00e5llsbehov St\u00f6rre celler, [...].<\/p>","protected":false},"featured_media":214720,"template":"","meta":{"_seopress_robots_primary_cat":"none","_seopress_titles_title":"Blauhoff Megapack ESS 3.85MWh: High-Efficiency, Low-Cost, Battery System","_seopress_titles_desc":"Discover Blauhoff Megapack ESS 3.85 MWh container system - 50% stronger, efficient, safe, and smart with AI monitoring. Easy to install, low maintenance.","_seopress_robots_index":"","_kad_blocks_custom_css":"","_kad_blocks_head_custom_js":"","_kad_blocks_body_custom_js":"","_kad_blocks_footer_custom_js":""},"product_cat":[17],"product_tag":[],"class_list":{"0":"post-49941","1":"product","2":"type-product","3":"status-publish","4":"has-post-thumbnail","6":"product_cat-home-batteries","8":"first","9":"instock","10":"sale","11":"taxable","12":"shipping-taxable","13":"purchasable","14":"product-type-simple"},"taxonomy_info":{"product_cat":[{"value":17,"label":"Home batteries"}]},"featured_image_src_large":["https:\/\/ownpowr.com\/wp-content\/uploads\/2024\/04\/blauhoff-megawatt-420x420-1.jpg",420,420,false],"author_info":[],"comment_info":"","_links":{"self":[{"href":"https:\/\/ownpowr.com\/sv\/wp-json\/wp\/v2\/product\/49941","targetHints":{"allow":["GET"]}}],"collection":[{"href":"https:\/\/ownpowr.com\/sv\/wp-json\/wp\/v2\/product"}],"about":[{"href":"https:\/\/ownpowr.com\/sv\/wp-json\/wp\/v2\/types\/product"}],"wp:featuredmedia":[{"embeddable":true,"href":"https:\/\/ownpowr.com\/sv\/wp-json\/wp\/v2\/media\/214720"}],"wp:attachment":[{"href":"https:\/\/ownpowr.com\/sv\/wp-json\/wp\/v2\/media?parent=49941"}],"wp:term":[{"taxonomy":"product_cat","embeddable":true,"href":"https:\/\/ownpowr.com\/sv\/wp-json\/wp\/v2\/product_cat?post=49941"},{"taxonomy":"product_tag","embeddable":true,"href":"https:\/\/ownpowr.com\/sv\/wp-json\/wp\/v2\/product_tag?post=49941"}],"curies":[{"name":"wp","href":"https:\/\/api.w.org\/{rel}","templated":true}]}}