{"id":506,"date":"2023-10-04T16:37:56","date_gmt":"2023-10-04T14:37:56","guid":{"rendered":"https:\/\/ownpowr.com\/product\/growatt-1ph-hybrid-inverter-sph6000\/"},"modified":"2025-03-27T13:31:36","modified_gmt":"2025-03-27T11:31:36","slug":"growatt-1ph-hybrid-inverter-sph6000","status":"publish","type":"product","link":"https:\/\/ownpowr.com\/sv\/product\/growatt-1ph-hybrid-vaxelriktare-sph6000\/","title":{"rendered":"Growatt 1PH hybrid v\u00e4xelriktare SPH6000 inte f\u00f6r Tyskland"},"content":{"rendered":"<p>Hybridv\u00e4xelriktaren Growatt SPH6000 \u00e4r kompatibel med solcellssystem upp till 4000 Wp. Hybridv\u00e4xelriktaren \u00e4r avsedd f\u00f6r lagring av str\u00f6m i batterier. Batterierna kan best\u00e4llas separat och ing\u00e5r inte i standardleveransen. Med detta praktiska system \u00e4r solcellsanl\u00e4ggningen inte beroende av eln\u00e4tet och kan sk\u00f6ta sig sj\u00e4lv Systemet kan anv\u00e4ndas utan batteri och det \u00e4r m\u00f6jligt att ansluta till eln\u00e4tet.<\/p>\n<p>Batteriv\u00e4xelriktaren inneh\u00e5ller 2 MPPT s\u00e5 att totalt 2 str\u00e4ngar kan anslutas<\/p>\n<p><strong>Tystg\u00e5ende v\u00e4xelriktare<\/strong><br \/>\nV\u00e4xelriktaren Growatt SPH6000 saknar fl\u00e4kt och transformator, vilket g\u00f6r den mycket tystg\u00e5ende. Detta g\u00f6r hybridv\u00e4xelriktaren perfekt f\u00f6r bostadsinstallationer V\u00e4xelriktaren anv\u00e4nder naturlig kylning vilket ger den en extra l\u00e5ng livsl\u00e4ngd.<\/p>\n<p><strong>Avkastning<\/strong><br \/>\nSPH6000 har en maximal verkningsgrad p\u00e5 97,5% Detta g\u00f6r att v\u00e4xelriktaren kan uppn\u00e5 maximalt energiutbyte. V\u00e4xelriktaren \u00e4r en av de mest s\u00e5lda v\u00e4xelriktarna i v\u00e4rlden.<\/p>\n<p><strong>Growatt online-tj\u00e4nst<\/strong><br \/>\nV\u00e4xelriktaren har stabila \u00f6vervakningssystem som LAN, WiFi eller en kombination av RF\/UTP (Shinelink).Growatt erbjuder en smart onlinetj\u00e4nst f\u00f6r att l\u00f6sa tekniska problem och utf\u00f6ra uppdateringar p\u00e5 distans. Detta f\u00f6rb\u00e4ttrar omriktarens anv\u00e4ndarv\u00e4nlighet och effektivitet. Dessa funktioner och tj\u00e4nster g\u00f6r v\u00e4xelriktaren till ett b\u00e4ttre val f\u00f6r ditt solcellssystem<\/p>\n<p><a href=\"https:\/\/storeyourownpower.com\/wp-content\/uploads\/2022\/11\/Datasheet-Growatt-SPH6000.pdf\" target=\"_blank\" rel=\"noopener\">Datablad Growatt SPH6000<\/a><\/p>","protected":false},"excerpt":{"rendered":"<p>Hybridv\u00e4xelriktaren Growatt SPH6000 \u00e4r kompatibel med solcellssystem upp till 4000 Wp. Hybridv\u00e4xelriktaren \u00e4r avsedd f\u00f6r lagring av str\u00f6m i batterier. Batterierna kan best\u00e4llas separat och [...]<\/p>","protected":false},"featured_media":507,"template":"","meta":{"_seopress_robots_primary_cat":"none","_seopress_titles_title":"Growatt SPH6000 Hybrid Inverter: Efficient and Silent with Battery Compatibility","_seopress_titles_desc":"Maximize your energy yield with this silent, efficient inverter. Connect to the grid or store power in batteries for a self-sufficient system. Enjoy reliable monitoring and remote updates with Growatt's online service.","_seopress_robots_index":"","_kad_blocks_custom_css":"","_kad_blocks_head_custom_js":"","_kad_blocks_body_custom_js":"","_kad_blocks_footer_custom_js":""},"product_cat":[18],"product_tag":[],"class_list":{"0":"post-506","1":"product","2":"type-product","3":"status-publish","4":"has-post-thumbnail","6":"product_cat-hybrid-inverters","8":"first","9":"instock","10":"sale","11":"taxable","12":"shipping-taxable","13":"purchasable","14":"product-type-simple"},"taxonomy_info":{"product_cat":[{"value":18,"label":"Hybrid inverters"}]},"featured_image_src_large":["https:\/\/ownpowr.com\/wp-content\/uploads\/2022\/11\/Growatt_SPH_3000_6000_d63d-1024x1024.webp",1024,1024,true],"author_info":[],"comment_info":"","_links":{"self":[{"href":"https:\/\/ownpowr.com\/sv\/wp-json\/wp\/v2\/product\/506","targetHints":{"allow":["GET"]}}],"collection":[{"href":"https:\/\/ownpowr.com\/sv\/wp-json\/wp\/v2\/product"}],"about":[{"href":"https:\/\/ownpowr.com\/sv\/wp-json\/wp\/v2\/types\/product"}],"wp:featuredmedia":[{"embeddable":true,"href":"https:\/\/ownpowr.com\/sv\/wp-json\/wp\/v2\/media\/507"}],"wp:attachment":[{"href":"https:\/\/ownpowr.com\/sv\/wp-json\/wp\/v2\/media?parent=506"}],"wp:term":[{"taxonomy":"product_cat","embeddable":true,"href":"https:\/\/ownpowr.com\/sv\/wp-json\/wp\/v2\/product_cat?post=506"},{"taxonomy":"product_tag","embeddable":true,"href":"https:\/\/ownpowr.com\/sv\/wp-json\/wp\/v2\/product_tag?post=506"}],"curies":[{"name":"wp","href":"https:\/\/api.w.org\/{rel}","templated":true}]}}