{"id":545,"date":"2023-10-04T16:37:39","date_gmt":"2023-10-04T14:37:39","guid":{"rendered":"https:\/\/ownpowr.com\/product\/encharge-3t-35-kwh\/"},"modified":"2025-03-20T13:35:02","modified_gmt":"2025-03-20T11:35:02","slug":"encharge-3t-35-kwh","status":"publish","type":"product","link":"https:\/\/ownpowr.com\/sv\/product\/laddning-3t-35-kwh\/","title":{"rendered":"Enphase Encharge 3T endast lock"},"content":{"rendered":"<p>Enphase Encharge 3T med 15 \u00e5rs garanti<\/p>\n<p>Viktig anm\u00e4rkning: Installat\u00f6rscertifiering kr\u00e4vs! Bes\u00f6k Enphase University f\u00f6r att f\u00e5 din certifiering.<\/p>\n<p>Enphase IQ-batteri 3T\/10T Funktioner:<\/p>\n<ul>\n<li>Fullt integrerat AC-batterisystem med inbyggda IQ 8X-BAT mikroinverterare.<\/li>\n<li>S\u00f6ml\u00f6s anslutning till v\u00e4xelstr\u00f6msn\u00e4tet i en vanlig hush\u00e5llsinstallation.<\/li>\n<li>Optimala systemanpassningar skr\u00e4ddarsydda efter anv\u00e4ndarens behov.<\/li>\n<li>Bekv\u00e4m styrning och \u00f6vervakning via en mobilapp.<\/li>\n<li>Passiv kylning (inga r\u00f6rliga delar eller fl\u00e4ktar).<\/li>\n<li>L\u00e5ng livsl\u00e4ngd med 10 \u00e5rs garanti.<\/li>\n<\/ul>\n<p>Observera att installat\u00f6rscertifiering \u00e4r obligatorisk f\u00f6r batteriinstallation. Du kan kontakta din Enphase account manager f\u00f6r mer information om certifiering.<\/p>\n<p>N\u00f6dv\u00e4ndig enhet: Enphase IQ Gateway-S Uppm\u00e4tt.<\/p>\n<p>Enphase IQ 3T har en total lagringskapacitet p\u00e5 3,5 kWh och har fyra integrerade mikroinverterare med en sammanlagd uteffekt p\u00e5 1,28 kW.<\/p>\n<p>Installat\u00f6rerna kan effektivt utforma system f\u00f6r att tillgodose energibehovet hos b\u00e5de nya kunder och kunder med befintliga solcellsinstallationer.<\/p>\n<p>Batterilagringssystemet Encharge 3T inneh\u00e5ller integrerade mikroinverterare i Enphase IQ-serien och en batterihanteringsenhet (BMU).<\/p>\n<p>F\u00f6rpackningens inneh\u00e5ll:<\/p>\n<ul>\n<li>1x Encharge 3T basenhet (ENP-B03-T01-INT00-1-2)<\/li>\n<li>1x Encharge 3T skyddssats med tillbeh\u00f6r (ENP-B03T-C-0430-O)<\/li>\n<\/ul>\n<p><strong>Mer information finns h\u00e4r:<\/strong><\/p>\n<ul>\n<li><a href=\"https:\/\/storeyourownpower.com\/wp-content\/uploads\/2022\/12\/Datenblatt-German-Encharge-3T.pdf\" target=\"_blank\" rel=\"noopener\">Datenblatt Tyska Laddning 3T<\/a><\/li>\n<li><a href=\"https:\/\/storeyourownpower.com\/wp-content\/uploads\/2022\/12\/Datasheet-English-Encharge-3T.pdf\" target=\"_blank\" rel=\"noopener\">Datablad Engelska Encharge 3T<\/a><\/li>\n<li><a href=\"https:\/\/storeyourownpower.com\/wp-content\/uploads\/2022\/12\/Warranty-terms-English-Encharge-3T.pdf\" target=\"_blank\" rel=\"noopener\">Garantivillkor Engelska Ladda 3T<\/a><\/li>\n<li><a href=\"https:\/\/storeyourownpower.com\/wp-content\/uploads\/2022\/12\/Warranty-terms-German-Encharge-3T.pdf\" target=\"_blank\" rel=\"noopener\">Garantivillkor tyska Encharge 3T<\/a><\/li>\n<li><a href=\"https:\/\/storeyourownpower.com\/wp-content\/uploads\/2022\/12\/Mounting-instructions-English-Encharge-3T.pdf\" target=\"_blank\" rel=\"noopener\">Monteringsanvisning Engelska Encharge 3T<\/a><\/li>\n<\/ul>","protected":false},"excerpt":{"rendered":"<p>15 \u00e5rs garanti i detta pris!<\/p>","protected":false},"featured_media":546,"template":"","meta":{"_seopress_robots_primary_cat":"none","_seopress_titles_title":"Enphase Encharge 3T: Long-lasting battery storage system with integrated microinverters and warranty","_seopress_titles_desc":"Installer certification required! Optimal AC battery system with mobile app control, passive cooling, and 10-year warranty. Get certified at Enphase University.","_seopress_robots_index":"","_kad_blocks_custom_css":"","_kad_blocks_head_custom_js":"","_kad_blocks_body_custom_js":"","_kad_blocks_footer_custom_js":""},"product_cat":[17],"product_tag":[],"class_list":{"0":"post-545","1":"product","2":"type-product","3":"status-publish","4":"has-post-thumbnail","6":"product_cat-home-batteries","8":"first","9":"instock","10":"sale","11":"taxable","12":"shipping-taxable","13":"purchasable","14":"product-type-simple"},"taxonomy_info":{"product_cat":[{"value":17,"label":"Home batteries"}]},"featured_image_src_large":["https:\/\/ownpowr.com\/wp-content\/uploads\/2022\/12\/1-8-2-6-18265324d3fe1b03cc0df847668d9c62cbe673aa_det_bp_ee_encharge_3t-jpg_600x600@2x.jpeg",600,540,false],"author_info":[],"comment_info":"","_links":{"self":[{"href":"https:\/\/ownpowr.com\/sv\/wp-json\/wp\/v2\/product\/545","targetHints":{"allow":["GET"]}}],"collection":[{"href":"https:\/\/ownpowr.com\/sv\/wp-json\/wp\/v2\/product"}],"about":[{"href":"https:\/\/ownpowr.com\/sv\/wp-json\/wp\/v2\/types\/product"}],"wp:featuredmedia":[{"embeddable":true,"href":"https:\/\/ownpowr.com\/sv\/wp-json\/wp\/v2\/media\/546"}],"wp:attachment":[{"href":"https:\/\/ownpowr.com\/sv\/wp-json\/wp\/v2\/media?parent=545"}],"wp:term":[{"taxonomy":"product_cat","embeddable":true,"href":"https:\/\/ownpowr.com\/sv\/wp-json\/wp\/v2\/product_cat?post=545"},{"taxonomy":"product_tag","embeddable":true,"href":"https:\/\/ownpowr.com\/sv\/wp-json\/wp\/v2\/product_tag?post=545"}],"curies":[{"name":"wp","href":"https:\/\/api.w.org\/{rel}","templated":true}]}}