{"id":547,"date":"2023-10-04T16:37:38","date_gmt":"2023-10-04T14:37:38","guid":{"rendered":"https:\/\/ownpowr.com\/product\/encharge-10t-105-kwh\/"},"modified":"2025-03-24T11:29:54","modified_gmt":"2025-03-24T09:29:54","slug":"encharge-10t-cover-kit","status":"publish","type":"product","link":"https:\/\/ownpowr.com\/sv\/product\/laddning-10t-105-kwh\/","title":{"rendered":"Enphase Encharge 10T t\u00e4ckningssats"},"content":{"rendered":"<p>Enphase Encharge 10T k\u00e5pa med tillbeh\u00f6r<\/p>","protected":false},"excerpt":{"rendered":"<p>15 \u00e5rs garanti till detta pris !!!<\/p>","protected":false},"featured_media":548,"template":"","meta":{"_seopress_robots_primary_cat":"none","_seopress_titles_title":"Enphase Encharge 10T - 15Y Warranty: Integrated Battery Storage System with Microinverters","_seopress_titles_desc":"Discover the Enphase Encharge 10T - a fully integrated battery storage system with IQ Series microinverters and a 15-year warranty for efficient energy management.","_seopress_robots_index":"","_kad_blocks_custom_css":"","_kad_blocks_head_custom_js":"","_kad_blocks_body_custom_js":"","_kad_blocks_footer_custom_js":""},"product_cat":[33],"product_tag":[],"class_list":{"0":"post-547","1":"product","2":"type-product","3":"status-publish","4":"has-post-thumbnail","6":"product_cat-accessories","8":"first","9":"outofstock","10":"sale","11":"taxable","12":"shipping-taxable","13":"purchasable","14":"product-type-simple"},"taxonomy_info":{"product_cat":[{"value":33,"label":"Accessories"}]},"featured_image_src_large":["https:\/\/ownpowr.com\/wp-content\/uploads\/2022\/12\/a-4-0-e-a40efa04d8ff89a05a7e5b6e5dfd3234b656e04e_det_bp_ee_encharge_10t-jpg_600x600@2x.jpeg",600,540,false],"author_info":[],"comment_info":"","_links":{"self":[{"href":"https:\/\/ownpowr.com\/sv\/wp-json\/wp\/v2\/product\/547","targetHints":{"allow":["GET"]}}],"collection":[{"href":"https:\/\/ownpowr.com\/sv\/wp-json\/wp\/v2\/product"}],"about":[{"href":"https:\/\/ownpowr.com\/sv\/wp-json\/wp\/v2\/types\/product"}],"wp:featuredmedia":[{"embeddable":true,"href":"https:\/\/ownpowr.com\/sv\/wp-json\/wp\/v2\/media\/548"}],"wp:attachment":[{"href":"https:\/\/ownpowr.com\/sv\/wp-json\/wp\/v2\/media?parent=547"}],"wp:term":[{"taxonomy":"product_cat","embeddable":true,"href":"https:\/\/ownpowr.com\/sv\/wp-json\/wp\/v2\/product_cat?post=547"},{"taxonomy":"product_tag","embeddable":true,"href":"https:\/\/ownpowr.com\/sv\/wp-json\/wp\/v2\/product_tag?post=547"}],"curies":[{"name":"wp","href":"https:\/\/api.w.org\/{rel}","templated":true}]}}