{"id":549,"date":"2022-12-01T12:58:41","date_gmt":"2022-12-01T10:58:41","guid":{"rendered":"https:\/\/ownpowr.com\/product\/sungrow-sh10-0rt-v112\/"},"modified":"2025-03-30T21:03:00","modified_gmt":"2025-03-30T19:03:00","slug":"sungrow-sh10-0rt-v112","status":"publish","type":"product","link":"https:\/\/ownpowr.com\/sv\/product\/sungrow-sh10-0rt-v112\/","title":{"rendered":"Sungrow Hybridomriktare SH10.0RT 10 kW"},"content":{"rendered":"<p>Sungrow SH10.0RT-V112<\/p>\n<p>Flexibel till\u00e4mpning:<\/p>\n<p>- 150-600V brett batterisp\u00e4nningsomr\u00e5de<\/p>\n<p>- St\u00f6der parallell anslutning med master-slave-styrning<\/p>\n<p>- Tillhandah\u00e5ller 100%-str\u00f6m f\u00f6r att balansera laster i reservl\u00e4ge<\/p>\n<p>Smart f\u00f6rvaltning:<\/p>\n<p>- H\u00f6g egenf\u00f6rbrukning med optimerad inbyggd EMS<\/p>\n<p>- Kostnadsfri online\u00f6vervakning f\u00f6r att f\u00f6rb\u00e4ttra energihanteringen f\u00f6r slutanv\u00e4ndare, installat\u00f6rer och \u00e5terf\u00f6rs\u00e4ljare<\/p>\n<p>- Fj\u00e4rruppdatering av firmware och anpassningsbara inst\u00e4llningar<\/p>\n<p>Energioberoende:<\/p>\n<p>- S\u00f6ml\u00f6s \u00f6verg\u00e5ng till reservl\u00e4ge f\u00f6r skydd mot str\u00f6mavbrott<\/p>\n<p>- Snabb laddning\/urladdning f\u00f6r att m\u00f6ta kraven p\u00e5 h\u00f6gre f\u00f6rbrukning<\/p>\n<p>Enkel installation:<\/p>\n<p>- Unika push-in-kontakter f\u00f6r tidsbesparande installation<\/p>\n<p>- Ber\u00f6ringsfri drifts\u00e4ttning med smartphone<\/p>\n<p>- L\u00e4tt och kompakt<\/p>\n<p><a href=\"https:\/\/storeyourownpower.com\/wp-content\/uploads\/2022\/12\/Datasheet-English-2.pdf\" target=\"_blank\" rel=\"noopener\">Datablad p\u00e5 engelska<\/a><br \/>\n<a href=\"https:\/\/storeyourownpower.com\/wp-content\/uploads\/2022\/12\/Datasheet-German-2.pdf\" target=\"_blank\" rel=\"noopener\">Datablad p\u00e5 tyska<\/a><br \/>\n<a href=\"https:\/\/storeyourownpower.com\/wp-content\/uploads\/2022\/11\/DE-FS-SHRT-und-SBR-Unterschiede-und-Kompatibilita\u0308t-Versionen.pdf\" target=\"_blank\" rel=\"noopener\">Skillnader och kompatibilitet mellan SHRT- och SBR-versioner<\/a><\/p>","protected":false},"excerpt":{"rendered":"<p>Sungrow SH10.0RT-V112 Flexibel applikation: - 150-600V brett batterisp\u00e4nningsomr\u00e5de - St\u00f6der parallell anslutning med master-slave-kontroll - Ger 100%-str\u00f6m till obalanserade belastningar i reservl\u00e4ge Smart hantering: - [...].<\/p>","protected":false},"featured_media":550,"template":"","meta":{"_seopress_robots_primary_cat":"none","_seopress_titles_title":"Sungrow SH10.0RT-V112: Flexible Application, Smart Management, Energy Independence, Easy Installation","_seopress_titles_desc":"Discover the Sungrow SH10.0RT-V112 with wide battery voltage range, smart management features, seamless backup mode, and easy installation for energy independence.","_seopress_robots_index":"","_kad_blocks_custom_css":"","_kad_blocks_head_custom_js":"","_kad_blocks_body_custom_js":"","_kad_blocks_footer_custom_js":""},"product_cat":[18],"product_tag":[],"class_list":{"0":"post-549","1":"product","2":"type-product","3":"status-publish","4":"has-post-thumbnail","6":"product_cat-hybrid-inverters","8":"first","9":"outofstock","10":"sale","11":"taxable","12":"shipping-taxable","13":"purchasable","14":"product-type-simple"},"taxonomy_info":{"product_cat":[{"value":18,"label":"Hybrid inverters"}]},"featured_image_src_large":["https:\/\/ownpowr.com\/wp-content\/uploads\/2022\/12\/b-1-1-f-b11f61014011a7497a53e4a35156c0f10529e03c_det_ivh_sung_shx-xrt-jpg_600x600@2x.jpeg",600,540,false],"author_info":[],"comment_info":"","_links":{"self":[{"href":"https:\/\/ownpowr.com\/sv\/wp-json\/wp\/v2\/product\/549","targetHints":{"allow":["GET"]}}],"collection":[{"href":"https:\/\/ownpowr.com\/sv\/wp-json\/wp\/v2\/product"}],"about":[{"href":"https:\/\/ownpowr.com\/sv\/wp-json\/wp\/v2\/types\/product"}],"wp:featuredmedia":[{"embeddable":true,"href":"https:\/\/ownpowr.com\/sv\/wp-json\/wp\/v2\/media\/550"}],"wp:attachment":[{"href":"https:\/\/ownpowr.com\/sv\/wp-json\/wp\/v2\/media?parent=549"}],"wp:term":[{"taxonomy":"product_cat","embeddable":true,"href":"https:\/\/ownpowr.com\/sv\/wp-json\/wp\/v2\/product_cat?post=549"},{"taxonomy":"product_tag","embeddable":true,"href":"https:\/\/ownpowr.com\/sv\/wp-json\/wp\/v2\/product_tag?post=549"}],"curies":[{"name":"wp","href":"https:\/\/api.w.org\/{rel}","templated":true}]}}