{"id":610,"date":"2023-01-12T07:31:13","date_gmt":"2023-01-12T05:31:13","guid":{"rendered":"https:\/\/ownpowr.com\/product\/sungrow-sbr-accessories-bms\/"},"modified":"2025-02-27T10:14:26","modified_gmt":"2025-02-27T08:14:26","slug":"sungrow-sbr-accessories-bms","status":"publish","type":"product","link":"https:\/\/ownpowr.com\/sv\/product\/sungrow-sbr-tillbehor-bms\/","title":{"rendered":"Sungrow SBR-batteri premium BMS + tillbeh\u00f6r V2\/V1 (v114)"},"content":{"rendered":"<p>Sungrow SBR BATTERI PREMIUM TILLBEH\u00d6R Batterihanteringssystem + tillbeh\u00f6r V2 Bl\u00e5 V1 Orange<\/p>\n<p>Detta batterisystem \u00e4r s\u00e4rskilt konstruerat f\u00f6r energilagringsl\u00f6sningar i bost\u00e4der.<\/p>\n<p>Det integrerade batterihanteringssystemet \u00f6vervakar kontinuerligt dess prestanda och s\u00e4kerst\u00e4ller s\u00e4ker drift inom definierade parametrar.<\/p>\n<p>Inkluderade komponenter:<\/p>\n<ul>\n<li>1x batterih\u00e5llare<\/li>\n<li>1x batterilucka<\/li>\n<li>1x batteribrytare<\/li>\n<li>1x h\u00e5llare<\/li>\n<li>1x ledningsn\u00e4t<\/li>\n<li>1x skruv<\/li>\n<li>2x expansionsankarsats<\/li>\n<li>4x fot<\/li>\n<li>6x Skruv M5<\/li>\n<li>4x Coilover M5<\/li>\n<li>2x brickor M6<\/li>\n<li>1x Dokumentation<\/li>\n<\/ul>","protected":false},"excerpt":{"rendered":"<p>Sungrow SBR BATTERI PREMIUMTILLBEH\u00d6R Batterihanteringssystem + tillbeh\u00f6r V2 Bl\u00e5 V1 Orange Detta batterisystem \u00e4r s\u00e4rskilt konstruerat f\u00f6r energilagringsl\u00f6sningar i bost\u00e4der. Det integrerade batterihanteringssystemet [...]<\/p>","protected":false},"featured_media":611,"template":"","meta":{"_seopress_robots_primary_cat":"none","_seopress_titles_title":"","_seopress_titles_desc":"","_seopress_robots_index":"","_kad_blocks_custom_css":"","_kad_blocks_head_custom_js":"","_kad_blocks_body_custom_js":"","_kad_blocks_footer_custom_js":""},"product_cat":[33,17],"product_tag":[],"class_list":{"0":"post-610","1":"product","2":"type-product","3":"status-publish","4":"has-post-thumbnail","6":"product_cat-accessories","7":"product_cat-home-batteries","9":"first","10":"instock","11":"sale","12":"taxable","13":"shipping-taxable","14":"purchasable","15":"product-type-simple"},"taxonomy_info":{"product_cat":[{"value":33,"label":"Accessories"},{"value":17,"label":"Home batteries"}]},"featured_image_src_large":["https:\/\/ownpowr.com\/wp-content\/uploads\/2023\/01\/Sungrow-Management-System.jpeg",420,420,false],"author_info":[],"comment_info":"","_links":{"self":[{"href":"https:\/\/ownpowr.com\/sv\/wp-json\/wp\/v2\/product\/610","targetHints":{"allow":["GET"]}}],"collection":[{"href":"https:\/\/ownpowr.com\/sv\/wp-json\/wp\/v2\/product"}],"about":[{"href":"https:\/\/ownpowr.com\/sv\/wp-json\/wp\/v2\/types\/product"}],"wp:featuredmedia":[{"embeddable":true,"href":"https:\/\/ownpowr.com\/sv\/wp-json\/wp\/v2\/media\/611"}],"wp:attachment":[{"href":"https:\/\/ownpowr.com\/sv\/wp-json\/wp\/v2\/media?parent=610"}],"wp:term":[{"taxonomy":"product_cat","embeddable":true,"href":"https:\/\/ownpowr.com\/sv\/wp-json\/wp\/v2\/product_cat?post=610"},{"taxonomy":"product_tag","embeddable":true,"href":"https:\/\/ownpowr.com\/sv\/wp-json\/wp\/v2\/product_tag?post=610"}],"curies":[{"name":"wp","href":"https:\/\/api.w.org\/{rel}","templated":true}]}}