{"id":620,"date":"2023-10-04T16:36:05","date_gmt":"2023-10-04T14:36:05","guid":{"rendered":"https:\/\/ownpowr.com\/product\/byd-premium-lvs-pdu-base\/"},"modified":"2025-10-15T14:01:34","modified_gmt":"2025-10-15T12:01:34","slug":"byd-premium-lvs-pdu-base","status":"publish","type":"product","link":"https:\/\/ownpowr.com\/sv\/product\/byd-premium-lvs-pdu-base\/","title":{"rendered":"BYD premium LVS PDU + bas"},"content":{"rendered":"<p>BYD Premium LVS batterikontrollsystem med bas<\/p>\n<p>BYD Premium LVS PDU (Power Distribution Unit) med bas \u00e4r en styrenhet avsedd f\u00f6r LVS-batterisatsen. Varje batteristapel kr\u00e4ver en PDU f\u00f6r optimal drift.<\/p>\n<p>Viktiga egenskaper:<\/p>\n<ul>\n<li>Skalbar kapacitet fr\u00e5n 4 kWh till 256 kWh<\/li>\n<li>Maximal flexibilitet med st\u00f6d f\u00f6r upp till 64 batterimoduler<\/li>\n<li>M\u00f6jlighet till parallellkoppling<\/li>\n<li>Kompatibel med ledande 1- och 3-fas v\u00e4xelriktare<\/li>\n<li>Anv\u00e4nder koboltfri litiumj\u00e4rnfosfatbatteriteknik (LFP) f\u00f6r \u00f6kad s\u00e4kerhet, l\u00e4ngre livscykler och \u00f6verl\u00e4gsen kraftprestanda<\/li>\n<li>Kapabel till kraftfull reservkraft och off-grid-funktionalitet<\/li>\n<li>Patenterad intern kontaktdesign eliminerar behovet av ytterligare kabeldragning<\/li>\n<li>Optimering av egenf\u00f6rbrukning l\u00e4mplig f\u00f6r bost\u00e4der och kommersiella applikationer<\/li>\n<\/ul>\n<p>BATTERIL\u00c5DA PREMIUM LVS<\/p>\n<p>4 kWh-modul F\u00f6renklad transport och installation med modul\u00e4r design<\/p>\n<p>BYD Battery-Box Premium LVS \u00e4r ett m\u00e5ngsidigt litiumj\u00e4rnfosfatbatteripaket (LFP) f\u00f6r anv\u00e4ndning med en extern v\u00e4xelriktare. Varje Battery-Box Premium LVS best\u00e5r av 1 till 6 parallellt staplade batterimoduler, vilket ger en anv\u00e4ndbar kapacitet p\u00e5 4 till 24,0 kWh i ett enda torn. Tillg\u00e4ngliga konfigurationer inkluderar:<\/p>\n<ul>\n<li>Batteril\u00e5da LVS 4.0 (4 kWh)<\/li>\n<li>Batteril\u00e5da LVS 8.0 (8 kWh)<\/li>\n<li>Batteril\u00e5da LVS 12.0 (12 kWh)<\/li>\n<li>Batteril\u00e5da LVS 16.0 (16 kWh)<\/li>\n<li>Batteribox LVS 20.0 (20 kWh - endast f\u00f6r enstaka torn)<\/li>\n<li>Batteribox LVS 24.0 (24 kWh - endast f\u00f6r enstaka torn)<\/li>\n<\/ul>\n<p>F\u00f6r st\u00f6rre energilagringsbehov kan du parallellkoppla upp till 16 Battery-Box LVS 16.0-enheter, vilket ger en maximal kapacitet p\u00e5 256 kWh. Dessutom erbjuder systemet skalbarhet genom att man i ett senare skede kan l\u00e4gga till LVS-moduler eller parallella torn som inneh\u00e5ller 1 till 4 moduler.<\/p>\n<h2><strong style=\"font-size: 16px\">Mer information finns h\u00e4r:<\/strong><\/h2>\n<ul>\n<li><a href=\"https:\/\/storeyourownpower.com\/wp-content\/uploads\/2023\/01\/Datasheet-English-LVS.pdf\" target=\"_blank\" rel=\"noopener\">Datablad Engelska LVS<\/a><\/li>\n<li><a href=\"https:\/\/storeyourownpower.com\/wp-content\/uploads\/2023\/01\/Datenblatt-German-LVS.pdf\" target=\"_blank\" rel=\"noopener\">Datenblatt tyska LVS<\/a><\/li>\n<li><a href=\"https:\/\/storeyourownpower.com\/wp-content\/uploads\/2023\/01\/Mounting-instructions-English-LVS.pdf\" target=\"_blank\" rel=\"noopener\">Monteringsanvisning Engelska LVS<\/a><\/li>\n<li><a href=\"https:\/\/storeyourownpower.com\/wp-content\/uploads\/2023\/01\/Mounting-instructions-German-LVS.pdf\" target=\"_blank\" rel=\"noopener\">Monteringsanvisningar tyska LVS<\/a><\/li>\n<li><a href=\"https:\/\/storeyourownpower.com\/wp-content\/uploads\/2023\/01\/Warranty-terms-English.pdf\" target=\"_blank\" rel=\"noopener\">Garantivillkor Engelska<\/a><\/li>\n<li><a href=\"https:\/\/storeyourownpower.com\/wp-content\/uploads\/2023\/01\/Warranty-terms-German-LVS.pdf\" target=\"_blank\" rel=\"noopener\">Garantivillkor Tyska LVS<\/a><\/li>\n<\/ul>","protected":false},"excerpt":{"rendered":"<p>BYD Premium LVS batterikontrollsystem med bas BYD Premium LVS PDU (Power Distribution Unit) med bas \u00e4r en kontrollenhet avsedd f\u00f6r LVS-batterisatsen. Varje stack [...]<\/p>","protected":false},"featured_media":621,"template":"","meta":{"_seopress_robots_primary_cat":"none","_seopress_titles_title":"BYD Premium LVS PDU + base | Maximum Flexibility for any Application","_seopress_titles_desc":"The BYD Battery-Box Premium LVS offers scalable power storage from 4 kWh to 256 kWh with safety, flexibility, and high-powered capabilities for residential and commercial applications.","_seopress_robots_index":"","_kad_blocks_custom_css":"","_kad_blocks_head_custom_js":"","_kad_blocks_body_custom_js":"","_kad_blocks_footer_custom_js":""},"product_cat":[17],"product_tag":[],"class_list":{"0":"post-620","1":"product","2":"type-product","3":"status-publish","4":"has-post-thumbnail","6":"product_cat-home-batteries","8":"first","9":"instock","10":"sale","11":"taxable","12":"shipping-taxable","13":"purchasable","14":"product-type-simple"},"taxonomy_info":{"product_cat":[{"value":17,"label":"Home batteries"}]},"featured_image_src_large":["https:\/\/ownpowr.com\/wp-content\/uploads\/2023\/01\/BYD-LVS-BMU.jpeg",600,540,false],"author_info":[],"comment_info":"","_links":{"self":[{"href":"https:\/\/ownpowr.com\/sv\/wp-json\/wp\/v2\/product\/620","targetHints":{"allow":["GET"]}}],"collection":[{"href":"https:\/\/ownpowr.com\/sv\/wp-json\/wp\/v2\/product"}],"about":[{"href":"https:\/\/ownpowr.com\/sv\/wp-json\/wp\/v2\/types\/product"}],"wp:featuredmedia":[{"embeddable":true,"href":"https:\/\/ownpowr.com\/sv\/wp-json\/wp\/v2\/media\/621"}],"wp:attachment":[{"href":"https:\/\/ownpowr.com\/sv\/wp-json\/wp\/v2\/media?parent=620"}],"wp:term":[{"taxonomy":"product_cat","embeddable":true,"href":"https:\/\/ownpowr.com\/sv\/wp-json\/wp\/v2\/product_cat?post=620"},{"taxonomy":"product_tag","embeddable":true,"href":"https:\/\/ownpowr.com\/sv\/wp-json\/wp\/v2\/product_tag?post=620"}],"curies":[{"name":"wp","href":"https:\/\/api.w.org\/{rel}","templated":true}]}}