{"id":629,"date":"2023-10-05T01:25:11","date_gmt":"2023-10-04T23:25:11","guid":{"rendered":"https:\/\/ownpowr.com\/product\/sofar-solar-hyd-6ktl-3ph\/"},"modified":"2025-03-27T13:00:36","modified_gmt":"2025-03-27T11:00:36","slug":"sofar-solar-hyd-6ktl-3ph","status":"publish","type":"product","link":"https:\/\/ownpowr.com\/sv\/product\/sofar-solenergi-hyd-6ktl-3ph\/","title":{"rendered":"Sofar Solar HYD 6KTL-3PH Hybrid Wechselrichter 3-fas. Energim\u00e4tare i leverans"},"content":{"rendered":"<p>V\u00e5rt senaste tillskott inom v\u00e4xelriktarsegmentet, den kinesiska tillverkaren Sofar Solar, lanserar ett fullfj\u00e4drat produktsortiment.<\/p>\n<p>Hybridomriktarna i HYD KTL-3PH-serien gl\u00e4nser med ett brett sp\u00e4nningsomr\u00e5de f\u00f6r kraftfulla modulgenerationer och upp till 2 batterianslutningar. Integrerat AC + DC \u00f6versp\u00e4nningsskydd och skugghantering \u00e4r ocks\u00e5 en del av standardutrustningen h\u00e4r. Med effektklasser fr\u00e5n 5 till 20 kW hittar du alltid den r\u00e4tta.<\/p>\n<p>Kompatibla batterier:<\/p>\n<p>- Pylontech Kraft H1 14,2 till 24,86<\/p>\n<p>- Pylontech Force H2 7.1 till 14.2<\/p>\n<p>- Axitec AXIstorage Li SV1 13,5 till 23,6<\/p>\n<p>- Axitec AXIstorage Li SV2 6.7 till 13.5<\/p>\n<p>Produktens f\u00f6rdelar:<\/p>\n<p>- Brett MPPT-sp\u00e4nningsomr\u00e5de fr\u00e5n 180 till 960 V<\/p>\n<p>- Integrerat \u00f6versp\u00e4nningsskydd AC \/ DC typ II<\/p>\n<p>- Aktiv hantering av skuggor<\/p>\n<p>Produktens egenskaper:<\/p>\n<p>- AC-effekt: 5 kW<\/p>\n<p>- Antal MPPT: 2<\/p>\n<p>- Anslutningens faser: 3<\/p>\n<p>- Gr\u00e4nssnitt: RS485, WiFi, Bluetooth, Ethernet, 4 x dig.in (FRE)<\/p>\n<p>- Anslutningskontakt: MC4<\/p>\n<p>- Skyddsklass: IP 65<\/p>\n<p>- Kylning: passiv<\/p>\n<p>- Dimensioner: 571 x 515 x 264 mm (HxWxD)<\/p>\n<p>- Vikt: 33,0 kg<\/p>\n<p>- Garanti: 5 \u00e5r<\/p>\n<p><a href=\"https:\/\/storeyourownpower.com\/wp-content\/uploads\/2023\/02\/Datasheet-German-Sofar.pdf\" target=\"_blank\" rel=\"noopener\">Datablad Tysk Sofar<\/a><\/p>","protected":false},"excerpt":{"rendered":"<p>V\u00e5rt senaste tillskott i v\u00e4xelriktarsegmentet, den kinesiska tillverkaren Sofar Solar, lanserar ett fullfj\u00e4drat produktsortiment. Hybridomriktarna i HYD KTL-3PH-serien gl\u00e4nser med en bred sp\u00e4nning [...]<\/p>","protected":false},"featured_media":628,"template":"","meta":{"_seopress_robots_primary_cat":"none","_seopress_titles_title":"Sofar Solar HYD 6KTL-3PH: Powerful Hybrid Inverters with Wide Voltage Range and Multiple Battery Connections","_seopress_titles_desc":"Sofar Solar's new product range includes hybrid inverters with wide voltage range, AC + DC overvoltage protection, and shadow management. Find the perfect power class for your needs, ranging from 5 to 20 kW. Compatible with Pylontech Force H1\/H2 and Axitec AXIstorage Li batteries. Don't miss out on the wide MPPT voltage range, integrated overvoltage protection, and active shadow management. Order now and benefit from a 5-year guarantee!","_seopress_robots_index":"","_kad_blocks_custom_css":"","_kad_blocks_head_custom_js":"","_kad_blocks_body_custom_js":"","_kad_blocks_footer_custom_js":""},"product_cat":[18],"product_tag":[],"class_list":{"0":"post-629","1":"product","2":"type-product","3":"status-publish","4":"has-post-thumbnail","6":"product_cat-hybrid-inverters","8":"first","9":"instock","10":"sale","11":"taxable","12":"shipping-taxable","13":"purchasable","14":"product-type-simple"},"taxonomy_info":{"product_cat":[{"value":18,"label":"Hybrid inverters"}]},"featured_image_src_large":["https:\/\/ownpowr.com\/wp-content\/uploads\/2023\/02\/Sofar-inverter.jpeg",672,606,false],"author_info":[],"comment_info":"","_links":{"self":[{"href":"https:\/\/ownpowr.com\/sv\/wp-json\/wp\/v2\/product\/629","targetHints":{"allow":["GET"]}}],"collection":[{"href":"https:\/\/ownpowr.com\/sv\/wp-json\/wp\/v2\/product"}],"about":[{"href":"https:\/\/ownpowr.com\/sv\/wp-json\/wp\/v2\/types\/product"}],"wp:featuredmedia":[{"embeddable":true,"href":"https:\/\/ownpowr.com\/sv\/wp-json\/wp\/v2\/media\/628"}],"wp:attachment":[{"href":"https:\/\/ownpowr.com\/sv\/wp-json\/wp\/v2\/media?parent=629"}],"wp:term":[{"taxonomy":"product_cat","embeddable":true,"href":"https:\/\/ownpowr.com\/sv\/wp-json\/wp\/v2\/product_cat?post=629"},{"taxonomy":"product_tag","embeddable":true,"href":"https:\/\/ownpowr.com\/sv\/wp-json\/wp\/v2\/product_tag?post=629"}],"curies":[{"name":"wp","href":"https:\/\/api.w.org\/{rel}","templated":true}]}}