{"id":652,"date":"2023-10-05T01:03:14","date_gmt":"2023-10-04T23:03:14","guid":{"rendered":"https:\/\/ownpowr.com\/product\/alphaess-smile-b3\/"},"modified":"2025-03-27T13:36:41","modified_gmt":"2025-03-27T11:36:41","slug":"alphaess-smile-b3","status":"publish","type":"product","link":"https:\/\/ownpowr.com\/sv\/product\/alfaess-leende-b3\/","title":{"rendered":"AlfaEss Smile B3"},"content":{"rendered":"<ul>\n<li class=\"l_b6bx1li fl slick-slide\" role=\"option\" data-slick-index=\"5\" aria-hidden=\"true\" aria-describedby=\"slick-slide05\">\n<div class=\"l_b6bx1lis\">\n<div class=\"ys_imgbox_cover\">\n<ul>\n<li id=\"\" class=\"l_b6bx1li fl slick-slide slick-cloned\" data-slick-index=\"6\" aria-hidden=\"true\">\n<div class=\"l_b6bx1lis\">\n<p>Vi introducerar energilagringsl\u00f6sningen SMILE-B3<\/p>\n<p>Uppt\u00e4ck kraften i effektiv energilagring med SMILE-B3, ett robust system som \u00e4r utformat f\u00f6r att s\u00f6ml\u00f6st kunna eftermonteras i din befintliga installation. Denna 3 kW-l\u00f6sning erbjuder ett kapacitetsintervall fr\u00e5n 2,9 kWh till 17,2 kWh, vilket s\u00e4kerst\u00e4ller flexibilitet f\u00f6r att m\u00f6ta dina energibehov.<\/p>\n<p>Viktiga egenskaper:<\/p>\n<ul>\n<li>Kompatibilitet med eftermontering<\/li>\n<li>Kapacitet f\u00f6r AC-koppling<\/li>\n<li>Inbyggt batteri f\u00f6r f\u00f6rb\u00e4ttrad prestanda<\/li>\n<li>Modul\u00e4r design f\u00f6r enkel utbyggnad<\/li>\n<li>Enkel installation<\/li>\n<li>24\/7-\u00f6vervakning f\u00f6r sinnesro<\/li>\n<\/ul>\n<p>Specifikationer f\u00f6r SMILE-B3-PLUS:<\/p>\n<ul>\n<li>Max. AC-utg\u00e5ngseffekt: 3 kW<\/li>\n<li>Kapacitetsintervall: 2,9 - 17,2 kWh<\/li>\n<li>Max. laddningsstr\u00f6m Laddnings-\/urladdningsstr\u00f6m: 60 A<\/li>\n<li>Utsl\u00e4ppsdjup (DoD): 96%<\/li>\n<li>M\u00e5tt (B x D x H): 610 x 219 x 650 mm<\/li>\n<li>Driftstemperaturomr\u00e5de: -10\u00b0C till 50\u00b0C<\/li>\n<li>IP skydd: IP65 \/ IP21<\/li>\n<li>Garanti: 5 \u00e5rs produktgaranti, 10 \u00e5rs prestandagaranti<\/li>\n<\/ul>\n<p>SMILE-B3 \u00e4r den perfekta l\u00f6sningen f\u00f6r solcellssystem utan nuvarande batteriintegration. Den kan paras ihop med upp till sex 2,9 kWh-batterier, vilket ut\u00f6kar din lagringskapacitet till imponerande 17,2 kWh. Uppgradera din energilagring med SMILE-B3 och upplev effektiv och tillf\u00f6rlitlig krafthantering.<\/p>\n<\/div>\n<\/li>\n<\/ul>\n<\/div>\n<\/div>\n<\/li>\n<\/ul>\n<p><a href=\"https:\/\/storeyourownpower.com\/wp-content\/uploads\/2023\/02\/Datasheet-Smile-B3.pdf\" target=\"_blank\" rel=\"noopener\">Datablad Smile B3<\/a><\/p>","protected":false},"excerpt":{"rendered":"<p>&nbsp;<\/p>\n<p>&nbsp;<\/p>","protected":false},"featured_media":653,"template":"","meta":{"_seopress_robots_primary_cat":"none","_seopress_titles_title":"Expand Your Solar Storage: SMILE-B3 3kW Retrofit AC-Coupling with Built-in Battery","_seopress_titles_desc":"Upgrade your existing solar system with SMILE-B3, a modular and easy-to-install solution that maximizes your storage capacity to 17.2kWh.","_seopress_robots_index":"","_kad_blocks_custom_css":"","_kad_blocks_head_custom_js":"","_kad_blocks_body_custom_js":"","_kad_blocks_footer_custom_js":""},"product_cat":[17],"product_tag":[],"class_list":{"0":"post-652","1":"product","2":"type-product","3":"status-publish","4":"has-post-thumbnail","6":"product_cat-home-batteries","8":"first","9":"instock","10":"sale","11":"taxable","12":"shipping-taxable","13":"purchasable","14":"product-type-simple"},"taxonomy_info":{"product_cat":[{"value":17,"label":"Home batteries"}]},"featured_image_src_large":["https:\/\/ownpowr.com\/wp-content\/uploads\/2023\/02\/320_320_Product_logo_storage_system_5d3ab2d32f5cd.png",320,286,false],"author_info":[],"comment_info":"","_links":{"self":[{"href":"https:\/\/ownpowr.com\/sv\/wp-json\/wp\/v2\/product\/652","targetHints":{"allow":["GET"]}}],"collection":[{"href":"https:\/\/ownpowr.com\/sv\/wp-json\/wp\/v2\/product"}],"about":[{"href":"https:\/\/ownpowr.com\/sv\/wp-json\/wp\/v2\/types\/product"}],"wp:featuredmedia":[{"embeddable":true,"href":"https:\/\/ownpowr.com\/sv\/wp-json\/wp\/v2\/media\/653"}],"wp:attachment":[{"href":"https:\/\/ownpowr.com\/sv\/wp-json\/wp\/v2\/media?parent=652"}],"wp:term":[{"taxonomy":"product_cat","embeddable":true,"href":"https:\/\/ownpowr.com\/sv\/wp-json\/wp\/v2\/product_cat?post=652"},{"taxonomy":"product_tag","embeddable":true,"href":"https:\/\/ownpowr.com\/sv\/wp-json\/wp\/v2\/product_tag?post=652"}],"curies":[{"name":"wp","href":"https:\/\/api.w.org\/{rel}","templated":true}]}}