{"id":663,"date":"2023-10-05T01:20:48","date_gmt":"2023-10-04T23:20:48","guid":{"rendered":"https:\/\/ownpowr.com\/product\/alphaess-smile-t10-inverter\/"},"modified":"2025-03-27T13:36:53","modified_gmt":"2025-03-27T11:36:53","slug":"alphaess-smile-t10-inverter","status":"publish","type":"product","link":"https:\/\/ownpowr.com\/sv\/product\/alphaess-smile-t10-vaxelriktare\/","title":{"rendered":"AlphaEss Smile T10-HV v\u00e4xelriktare"},"content":{"rendered":"<h3>AlphaEss Smile T10-HV v\u00e4xelriktare<\/h3>\n<ul>\n<li>Klassisk design<img decoding=\"async\" src=\"https:\/\/www.alphaess.com\/Public\/Uploads\/uploadfile\/images\/20220428\/Design.svg\" alt=\"Design.svg\" \/><\/li>\n<li>B\u00e4sts\u00e4ljare <img decoding=\"async\" src=\"https:\/\/www.alphaess.com\/Public\/Uploads\/uploadfile\/images\/20220428\/BestSeller.svg\" alt=\"B\u00e4sts\u00e4ljare.svg\" \/><\/li>\n<li>VPP redo<img decoding=\"async\" src=\"https:\/\/www.alphaess.com\/Public\/Uploads\/uploadfile\/images\/20220428\/VPPReady.svg\" alt=\"VPPRberedd.svg\" \/><\/li>\n<li>UPS f\u00f6rm\u00e5ga<img decoding=\"async\" src=\"https:\/\/www.alphaess.com\/Public\/Uploads\/uploadfile\/images\/20220523\/UPS.svg\" alt=\"UPS.svg\" \/><\/li>\n<li>H\u00f6g kompatibilitet<img decoding=\"async\" class=\"\" src=\"https:\/\/www.alphaess.com\/Public\/Uploads\/uploadfile\/images\/20220523\/HighCompatibility.svg\" alt=\"H\u00f6gkompatibilitet.svg\" width=\"24\" height=\"24\" \/><\/li>\n<\/ul>\n<p>&nbsp;<\/p>\n<p><strong>Mer information<\/strong><\/p>\n<table class=\"enf-compare-pages-table mk-main-table\" width=\"680\">\n<tbody>\n<tr>\n<td class=\"mk-td-visible\">\n<div><\/div>\n<\/td>\n<\/tr>\n<tr class=\"mk-group-title\">\n<th>Specifikation<\/th>\n<td class=\"mk-td-visible\"><\/td>\n<\/tr>\n<tr>\n<th>Produktgaranti (min)<\/th>\n<td class=\"mk-td-visible ar:text-right\">5 \u00e5r<\/td>\n<\/tr>\n<tr>\n<th>Kategori av lagringssystem<\/th>\n<td class=\"mk-td-visible ar:text-right\">Intelligent<\/td>\n<\/tr>\n<tr>\n<th>Teknik f\u00f6r lagringssystem<\/th>\n<td class=\"mk-td-visible ar:text-right\">LFP (LiFePo4)<\/td>\n<\/tr>\n<tr class=\"mk-group-title-storage-system\">\n<th colspan=\"2\">Datablad f\u00f6r batteri<\/th>\n<\/tr>\n<tr class=\"mk-group-title\">\n<th>Elektriska data<\/th>\n<td class=\"mk-td-visible\"><\/td>\n<\/tr>\n<tr>\n<th>Nominell sp\u00e4nning<\/th>\n<td class=\"mk-td-visible\">\n<div>\n<table>\n<tbody>\n<tr>\n<td class=\"enf-api-spec-cell !p-[9px] md:!text-center !text-left ar:text-right active\" data-id=\"15888\">51.2 V<\/td>\n<\/tr>\n<\/tbody>\n<\/table>\n<\/div>\n<\/td>\n<\/tr>\n<tr>\n<th>Max. Laddningsstr\u00f6m<\/th>\n<td class=\"mk-td-visible\">\n<div>\n<table>\n<tbody>\n<tr>\n<td class=\"enf-api-spec-cell !p-[9px] md:!text-center !text-left ar:text-right active\" data-id=\"15888\">56 A<\/td>\n<\/tr>\n<\/tbody>\n<\/table>\n<\/div>\n<\/td>\n<\/tr>\n<tr class=\"mk-group-title\">\n<th>Temperaturparametrar<\/th>\n<td class=\"mk-td-visible\"><\/td>\n<\/tr>\n<tr>\n<th>Drifttemperatur<\/th>\n<td class=\"mk-td-visible ar:text-right\">-10 ~ +50 \u2103<\/td>\n<\/tr>\n<tr class=\"mk-group-title\">\n<th>Allm\u00e4nna uppgifter<\/th>\n<td class=\"mk-td-visible\"><\/td>\n<\/tr>\n<tr>\n<th>Dimension (L\/V\/H)<\/th>\n<td class=\"mk-td-visible\">\n<div>\n<table>\n<tbody>\n<tr>\n<td class=\"enf-api-spec-cell !p-[9px] md:!text-center !text-left ar:text-right active\" data-id=\"15888\">250x600x300 mm<\/td>\n<\/tr>\n<\/tbody>\n<\/table>\n<\/div>\n<\/td>\n<\/tr>\n<tr>\n<th>Vikt<\/th>\n<td class=\"mk-td-visible\">\n<div>\n<table>\n<tbody>\n<tr>\n<td class=\"enf-api-spec-cell !p-[9px] md:!text-center !text-left ar:text-right active\" data-id=\"15888\">35 kg<\/td>\n<\/tr>\n<\/tbody>\n<\/table>\n<\/div>\n<\/td>\n<\/tr>\n<tr class=\"mk-group-title-storage-system\">\n<th colspan=\"2\">Datablad f\u00f6r solcellsv\u00e4xelriktare<\/th>\n<\/tr>\n<tr class=\"mk-group-title\">\n<th>Ing\u00e5ngsdata f\u00f6r v\u00e4xelriktare (DC)<\/th>\n<td class=\"mk-td-visible\"><\/td>\n<\/tr>\n<tr>\n<th>Max. DC effekt<\/th>\n<td class=\"mk-td-visible\">\n<div>\n<table>\n<tbody>\n<tr>\n<td class=\"enf-api-spec-cell !p-[9px] md:!text-center !text-left ar:text-right active\" data-id=\"15888\">10 kW<\/td>\n<\/tr>\n<\/tbody>\n<\/table>\n<\/div>\n<\/td>\n<\/tr>\n<tr>\n<th>Max. DC-sp\u00e4nning<\/th>\n<td class=\"mk-td-visible\">\n<div>\n<table>\n<tbody>\n<tr>\n<td class=\"enf-api-spec-cell !p-[9px] md:!text-center !text-left ar:text-right active\" data-id=\"15888\">900 V<\/td>\n<\/tr>\n<\/tbody>\n<\/table>\n<\/div>\n<\/td>\n<\/tr>\n<tr>\n<th>Max. DC str\u00f6m<\/th>\n<td class=\"mk-td-visible\">\n<div>\n<table>\n<tbody>\n<tr>\n<td class=\"enf-api-spec-cell !p-[9px] md:!text-center !text-left ar:text-right active\" data-id=\"15888\">23 A<\/td>\n<\/tr>\n<\/tbody>\n<\/table>\n<\/div>\n<\/td>\n<\/tr>\n<tr>\n<th>MPP(T) Sp\u00e4nningsintervall<\/th>\n<td class=\"mk-td-visible\">\n<div>\n<table>\n<tbody>\n<tr>\n<td class=\"enf-api-spec-cell !p-[9px] md:!text-center !text-left ar:text-right active\" data-id=\"15888\">250~850 V<\/td>\n<\/tr>\n<\/tbody>\n<\/table>\n<\/div>\n<\/td>\n<\/tr>\n<tr>\n<th>Antal MPP Trackers<\/th>\n<td class=\"mk-td-visible\">\n<div>\n<table>\n<tbody>\n<tr>\n<td class=\"enf-api-spec-cell !p-[9px] md:!text-center !text-left ar:text-right active\" data-id=\"15888\">2<\/td>\n<\/tr>\n<\/tbody>\n<\/table>\n<\/div>\n<\/td>\n<\/tr>\n<tr class=\"mk-group-title\">\n<th>Utg\u00e5ngsdata f\u00f6r v\u00e4xelriktare (AC)<\/th>\n<td class=\"mk-td-visible\"><\/td>\n<\/tr>\n<tr>\n<th>Max. AC effekt<\/th>\n<td class=\"mk-td-visible\">\n<div>\n<table>\n<tbody>\n<tr>\n<td class=\"enf-api-spec-cell !p-[9px] md:!text-center !text-left ar:text-right active\" data-id=\"15888\">10 kW<\/td>\n<\/tr>\n<\/tbody>\n<\/table>\n<\/div>\n<\/td>\n<\/tr>\n<tr>\n<th>Nominell v\u00e4xelstr\u00f6m<\/th>\n<td class=\"mk-td-visible\">\n<div>\n<table>\n<tbody>\n<tr>\n<td class=\"enf-api-spec-cell !p-[9px] md:!text-center !text-left ar:text-right active\" data-id=\"15888\">10 kW<\/td>\n<\/tr>\n<\/tbody>\n<\/table>\n<\/div>\n<\/td>\n<\/tr>\n<tr>\n<th>Nominell v\u00e4xelsp\u00e4nning<\/th>\n<td class=\"mk-td-visible\">\n<div>\n<table>\n<tbody>\n<tr>\n<td class=\"enf-api-spec-cell !p-[9px] md:!text-center !text-left ar:text-right active\" data-id=\"15888\">400 V<\/td>\n<\/tr>\n<\/tbody>\n<\/table>\n<\/div>\n<\/td>\n<\/tr>\n<tr>\n<th>Antal inmatningsfaser<\/th>\n<td class=\"mk-td-visible\">\n<div>\n<table>\n<tbody>\n<tr>\n<td class=\"enf-api-spec-cell !p-[9px] md:!text-center !text-left ar:text-right active\" data-id=\"15888\">3<\/td>\n<\/tr>\n<\/tbody>\n<\/table>\n<\/div>\n<\/td>\n<\/tr>\n<tr class=\"mk-group-title\">\n<th>Allm\u00e4nna data f\u00f6r v\u00e4xelriktare<\/th>\n<td class=\"mk-td-visible\"><\/td>\n<\/tr>\n<tr>\n<th>M\u00e5tt (H\/V\/D)<\/th>\n<td class=\"mk-td-visible\">\n<div>\n<table>\n<tbody>\n<tr>\n<td class=\"enf-api-spec-cell !p-[9px] md:!text-center !text-left ar:text-right active\" data-id=\"15888\">600x460x250 mm<\/td>\n<\/tr>\n<\/tbody>\n<\/table>\n<\/div>\n<\/td>\n<\/tr>\n<tr>\n<th>Vikt<\/th>\n<td class=\"mk-td-visible\">\n<div>\n<table>\n<tbody>\n<tr>\n<td class=\"enf-api-spec-cell !p-[9px] md:!text-center !text-left ar:text-right active\" data-id=\"15888\">29 kg<\/td>\n<\/tr>\n<\/tbody>\n<\/table>\n<\/div>\n<\/td>\n<\/tr>\n<tr>\n<th>Skyddsklass<\/th>\n<td class=\"mk-td-visible ar:text-right\">IP21<\/td>\n<\/tr>\n<tr>\n<th>Luftfuktighet<\/th>\n<td class=\"mk-td-visible ar:text-right\">15-85 %<\/td>\n<\/tr>\n<tr>\n<th>Display<\/th>\n<td class=\"mk-td-visible ar:text-right\">LCD<\/td>\n<\/tr>\n<\/tbody>\n<\/table>\n<p>&nbsp;<\/p>\n<p>&nbsp;<\/p>","protected":false},"excerpt":{"rendered":"<p>AlphaEss Smile T10-HV v\u00e4xelriktare Klassisk design B\u00e4sts\u00e4ljare VPP Ready UPS-f\u00f6rm\u00e5ga H\u00f6g kompatibilitet Mer information Specifikation Produktgaranti (min) 5 \u00e5r Lagringssystem Kategori Intelligent lagringssystem Teknik [...].<\/p>","protected":false},"featured_media":664,"template":"","meta":{"_seopress_robots_primary_cat":"none","_seopress_titles_title":"Alpha ESS SMILE T10 - Intelligent Storage System with LFP Battery","_seopress_titles_desc":"Experience the power of the Alpha ESS SMILE T10 storage system with LFP battery technology. Maximize your energy usage with a sleek design, VPP readiness, and a 5-year warranty.","_seopress_robots_index":"","_kad_blocks_custom_css":"","_kad_blocks_head_custom_js":"","_kad_blocks_body_custom_js":"","_kad_blocks_footer_custom_js":""},"product_cat":[18],"product_tag":[],"class_list":{"0":"post-663","1":"product","2":"type-product","3":"status-publish","4":"has-post-thumbnail","6":"product_cat-hybrid-inverters","8":"first","9":"instock","10":"sale","11":"taxable","12":"shipping-taxable","13":"purchasable","14":"product-type-simple"},"taxonomy_info":{"product_cat":[{"value":18,"label":"Hybrid inverters"}]},"featured_image_src_large":["https:\/\/ownpowr.com\/wp-content\/uploads\/2023\/02\/Smile-T10.png",951,936,false],"author_info":[],"comment_info":"","_links":{"self":[{"href":"https:\/\/ownpowr.com\/sv\/wp-json\/wp\/v2\/product\/663","targetHints":{"allow":["GET"]}}],"collection":[{"href":"https:\/\/ownpowr.com\/sv\/wp-json\/wp\/v2\/product"}],"about":[{"href":"https:\/\/ownpowr.com\/sv\/wp-json\/wp\/v2\/types\/product"}],"wp:featuredmedia":[{"embeddable":true,"href":"https:\/\/ownpowr.com\/sv\/wp-json\/wp\/v2\/media\/664"}],"wp:attachment":[{"href":"https:\/\/ownpowr.com\/sv\/wp-json\/wp\/v2\/media?parent=663"}],"wp:term":[{"taxonomy":"product_cat","embeddable":true,"href":"https:\/\/ownpowr.com\/sv\/wp-json\/wp\/v2\/product_cat?post=663"},{"taxonomy":"product_tag","embeddable":true,"href":"https:\/\/ownpowr.com\/sv\/wp-json\/wp\/v2\/product_tag?post=663"}],"curies":[{"name":"wp","href":"https:\/\/api.w.org\/{rel}","templated":true}]}}