{"id":8075,"date":"2024-04-04T12:26:30","date_gmt":"2024-04-04T10:26:30","guid":{"rendered":"https:\/\/ownpowr.com\/?post_type=product&#038;p=8075"},"modified":"2025-02-27T11:42:05","modified_gmt":"2025-02-27T09:42:05","slug":"deye-ai-w15-3-battery-module","status":"publish","type":"product","link":"https:\/\/ownpowr.com\/sv\/product\/deye-ai-w15-3-batterimodul\/","title":{"rendered":"Deye AI-W5.1-B 15,36kWh Energilagring LiFePO 4"},"content":{"rendered":"<p class=\"product_title entry-title\">Deye AI-W15.3(LV)<\/p>\n<p>Satsen inneh\u00e5ller:<\/p>\n<p>3 x AI-W5.1<\/p>\n<p>1x AI-W5.1-PDU.1<\/p>\n<p>1x AI-W5.1-Bas<\/p>\n<p>&nbsp;<\/p>\n<p class=\"price\">Deye introducerar en s\u00e4krare, mer tillf\u00f6rlitlig och flexibel solcellsdriven batteril\u00f6sning med litiumj\u00e4rnfosfat (LFP) som erbjuder en s\u00e4ker och tillf\u00f6rlitlig energilagringsl\u00f6sning optimerad f\u00f6r bost\u00e4der och kommersiella applikationer som kr\u00e4ver str\u00f6m i tr\u00e5nga utrymmen eller med belastningsbegr\u00e4nsningar.<\/p>\n<p class=\"price\">Deye:s solcellsdrivna litiumj\u00e4rnfosfatbatteripaket \u00e4r en s\u00e4ker och tillf\u00f6rlitlig energilagringsl\u00f6sning f\u00f6r bost\u00e4der och kommersiella applikationer som kr\u00e4ver str\u00f6m i tr\u00e5nga utrymmen eller under belastningsbegr\u00e4nsningar. Det \u00e4r kompakt och l\u00e4tt och l\u00e4mpar sig v\u00e4l f\u00f6r h\u00f6geffektsutrustning som anv\u00e4nds i begr\u00e4nsade utrymmen, och ger l\u00e5ngvarig prestanda tack vare en f\u00f6rl\u00e4ngd cykellivsl\u00e4ngd.<\/p>\n<p class=\"price\">Batteriets koboltfria LFP-kemi ger h\u00f6g effektt\u00e4thet utan att kompromissa med s\u00e4kerheten. Ett intelligent batterihanteringssystem (BMS) \u00f6vervakar kritiska celldatapunkter som sp\u00e4nning, str\u00f6m och temperatur, och balanserar laddning och urladdning f\u00f6r att maximera batteriets livsl\u00e4ngd.<\/p>\n<p class=\"price\">Kapacitet och effekt kan skalas upp genom parallellkoppling av flera batterier beroende p\u00e5 behov. St\u00f6rre batteribanker ger h\u00f6gre energikapacitet och l\u00e4ngre drifttider. Batteriet \u00e4r byggt f\u00f6r tillf\u00f6rlitlighet och klarar h\u00f6g urladdningskapacitet, drift fr\u00e5n -20\u00b0C till 55\u00b0C med IP55-klassning och naturlig kylning.<\/p>\n<p class=\"price\">Modul\u00e4ra och flexibla batterier som enkelt kan ut\u00f6ka kapaciteten upp till 184 kWh genom att kombinera kluster av 36 enheter.<\/p>\n<p class=\"price\">Detta soldrivna batteripaket har en milj\u00f6v\u00e4nlig design med giftfria, f\u00f6roreningsfria material. Installationen f\u00f6renklas genom en stapelbar, golvmonterad design utan extra kablar eller f\u00e4stanordningar. Installation och drifts\u00e4ttning sker snabbt och enkelt.<\/p>\n<p class=\"price\">Bekv\u00e4mlighet levereras via automatiskt moduln\u00e4tverk f\u00f6r fj\u00e4rr\u00f6vervakning, underh\u00e5ll och firmware-uppgraderingar.<\/p>\n<p><a href=\"https:\/\/ownpowr.com\/wp-content\/uploads\/2023\/12\/ai-w5.1-v1.7.pdf\" target=\"_blank\" rel=\"noopener\">Deye AI-W5.1 Datablad<\/a><\/p>","protected":false},"excerpt":{"rendered":"<p>Deye AI-W15.3(LV) Satsen inneh\u00e5ller: 3 x AI-W5.1 1x AI-W5.1-PDU.1 1x AI-W5.1-Base Deye introducerar en s\u00e4krare, mer tillf\u00f6rlitlig och flexibel litiumj\u00e4rnfosfat (LFP) solcellsdriven batteripaketl\u00f6sning som [...].<\/p>","protected":false},"featured_media":10107,"template":"","meta":{"_seopress_robots_primary_cat":"none","_seopress_titles_title":"Deye AI-W15.3 LV: Reliable Compact LFP Solar Powered Battery Pack","_seopress_titles_desc":"Discover Deye AI-W15.3 Lithium Iron Phosphate (LFP) solar powered battery pack. Reliable, scalable, efficient, ideal for residential and commercial applications.","_seopress_robots_index":"","_kad_blocks_custom_css":"","_kad_blocks_head_custom_js":"","_kad_blocks_body_custom_js":"","_kad_blocks_footer_custom_js":""},"product_cat":[17],"product_tag":[],"class_list":{"0":"post-8075","1":"product","2":"type-product","3":"status-publish","4":"has-post-thumbnail","6":"product_cat-home-batteries","8":"first","9":"instock","10":"taxable","11":"shipping-taxable","12":"purchasable","13":"product-type-simple"},"taxonomy_info":{"product_cat":[{"value":17,"label":"Home batteries"}]},"featured_image_src_large":["https:\/\/ownpowr.com\/wp-content\/uploads\/2023\/12\/image-2.png",1000,1000,false],"author_info":[],"comment_info":"","_links":{"self":[{"href":"https:\/\/ownpowr.com\/sv\/wp-json\/wp\/v2\/product\/8075","targetHints":{"allow":["GET"]}}],"collection":[{"href":"https:\/\/ownpowr.com\/sv\/wp-json\/wp\/v2\/product"}],"about":[{"href":"https:\/\/ownpowr.com\/sv\/wp-json\/wp\/v2\/types\/product"}],"wp:featuredmedia":[{"embeddable":true,"href":"https:\/\/ownpowr.com\/sv\/wp-json\/wp\/v2\/media\/10107"}],"wp:attachment":[{"href":"https:\/\/ownpowr.com\/sv\/wp-json\/wp\/v2\/media?parent=8075"}],"wp:term":[{"taxonomy":"product_cat","embeddable":true,"href":"https:\/\/ownpowr.com\/sv\/wp-json\/wp\/v2\/product_cat?post=8075"},{"taxonomy":"product_tag","embeddable":true,"href":"https:\/\/ownpowr.com\/sv\/wp-json\/wp\/v2\/product_tag?post=8075"}],"curies":[{"name":"wp","href":"https:\/\/api.w.org\/{rel}","templated":true}]}}