{"id":82540,"date":"2024-05-30T16:43:42","date_gmt":"2024-05-30T14:43:42","guid":{"rendered":"https:\/\/ownpowr.com\/?post_type=product&#038;p=82540"},"modified":"2025-08-25T14:37:23","modified_gmt":"2025-08-25T12:37:23","slug":"blauhoff-maxus-60k-192kwh-energy-storage-cabinet-liquid-cooling-with-ev-charger","status":"publish","type":"product","link":"https:\/\/ownpowr.com\/sv\/product\/blauhoff-maxus-60k-192kwh-energilagringsskap-vatskekylning-med-ev-laddare\/","title":{"rendered":"Blauhoff Maxus 60K\/192KWh Energilagringssk\u00e5p V\u00e4tskekylning med EV-laddare"},"content":{"rendered":"<p>OBSERVERA!<\/p>\n<p>Monteringen utf\u00f6rs av din lokala installat\u00f6r med hj\u00e4lp av v\u00e5r tekniska personal.<\/p>\n<p>Blauhoff Maxus 96Kwh energilagringssk\u00e5p V\u00e4tskekylt 10 \u00e5rs garanti 8000 cykler med EV-laddare<\/p>\n<p>Subvention m\u00f6jlig<\/p>\n<p>Prismatiska celler f\u00f6r h\u00f6gsta kvalitet och l\u00e4ngsta livsl\u00e4ngd, 8000 cykler och 10 \u00e5rs garanti p\u00e5 cellerna utan extra kostnad och 5 \u00e5r p\u00e5 helheten.<\/p>\n<p>De flesta andra leverant\u00f6rer har 3-5 \u00e5r p\u00e5 hela och celler och d\u00e5 m\u00e5ste du betala extra, detta g\u00e4ller \u00e4ven EMS f\u00f6r Dijkman som vi anv\u00e4nder, inga m\u00e5nadskostnader och kan arbeta med obalansmarknaden.<\/p>\n<p>Helt integrerad ESS f\u00f6r enkel transport och drift och underh\u00e5ll.<\/p>\n<p>Integrerat batteri med EV-laddare och modul\u00e4r design g\u00f6r att den g\u00e5r snabbt att installera och anv\u00e4nda, max 3 timmars arbete.<\/p>\n<p>Blauhoff BLH-96kWh-Maxus, en allt-i-ett kommersiell och industriell ESS med v\u00e4tskekylning, \u00e4r integrerad med energilagringsomvandlare, batteri, BMS, EMS, termisk hantering, kraftdistribution, brandskydd, Ev-laddare etc.<\/p>\n<p>Allt-i-ett-konstruktionen \u00e4r enkel att installera och sk\u00f6ta drift och underh\u00e5ll, har gr\u00e4nssnitt mot alla andra Maxus-produkter och handlar automatiskt med dynamisk elpriss\u00e4ttning via olika EMS-system.<\/p>\n<p>Systemets s\u00e4kerhetsdesign s\u00e4kerst\u00e4ller b\u00e4ttre batteriprestanda och l\u00e4ngre batteritid<br \/>\nliv. Flera sk\u00e5pupps\u00e4ttningar kan direkt parallellkopplas upp till 30 enheter f\u00f6r att realisera energilagring<br \/>\nsystemexpansion. Den \u00e4r mycket l\u00e4ttskalad och portabel.<\/p>\n<p>V\u00e4tskekylning :<br \/>\nBattericellernas temperaturdrift<br \/>\ni hela systemet ligger inom \u00b11,5\u00b0C p\u00e5 grund av<br \/>\nintelligent system f\u00f6r v\u00e4tskekylning. Det kan<br \/>\nf\u00f6rl\u00e4nga systemets livsl\u00e4ngd med upp till<br \/>\n30%, \u00f6ka den l\u00e5ngsiktiga systemeffektiviteten<br \/>\nupp till 88.5%.<\/p>\n<p>Extrautrustning m\u00f6jlig<\/p>\n<p>Reservkraft STS- 2 EV-laddare 20kw - hybridv\u00e4xelriktare f\u00f6r paneler anslutning ipv AC kopplad<\/p>\n<p>S\u00e4ker<br \/>\nSystemet har fyra ledningsniv\u00e5er<br \/>\nstruktur som kan ge exakta<br \/>\nkortslutningsskydd, \u00f6verstr\u00f6m<br \/>\nskydd, \u00f6versp\u00e4nningsskydd,<br \/>\nskydd mot undersp\u00e4nning, \u00f6vertemperatur<br \/>\nskydd, etc.<\/p>\n<p>Obligatoriska s\u00e4kerhets- och europeiska certifikat, v\u00e4xelriktare och batterier :<\/p>\n<p>EN 50549-1 f\u00f6r omriktaren av typen Maxus och \u00e4r till\u00e4mplig p\u00e5 kraftproduktionsenheter anslutna till l\u00e5gsp\u00e4nningsn\u00e4t och EN 50549-2 \u00e4r till\u00e4mplig p\u00e5 kraftproduktionsenheter anslutna till mellansp\u00e4nningsn\u00e4t.<\/p>\n<p>NEN-EN-IEC 62619:2022 - Sekund\u00e4ra celler och batterier inneh\u00e5llande alkaliska eller andra icke-sura elektrolyter - S\u00e4kerhetskrav f\u00f6r sekund\u00e4ra litiumceller och batterier, f\u00f6r anv\u00e4ndning i industriella applikationer<\/p>\n<p>NEN-EN-IEC 61000-6-2\u3001EN IEC 61000-6-4<\/p>\n<p>UL 9540A:2019 utg\u00e5va 4 - Standard f\u00f6r testmetod f\u00f6r utv\u00e4rdering av termisk brandspridning i batterilagringssystem f\u00f6r energi<\/p>\n<p>UN38.3<\/p>\n<p>VDE4100<\/p>","protected":false},"excerpt":{"rendered":"<p>OBSERVERA! Montering g\u00f6rs av din lokala installat\u00f6r med hj\u00e4lp av v\u00e5r tekniska personal. Blauhoff Maxus 96Kwh energilagringssk\u00e5p V\u00e4tskekylt 10 \u00e5rs garanti 8000 cykler med EV [...]]<\/p>","protected":false},"featured_media":82535,"template":"","meta":{"_seopress_robots_primary_cat":"none","_seopress_titles_title":"","_seopress_titles_desc":"","_seopress_robots_index":"","_kad_blocks_custom_css":"","_kad_blocks_head_custom_js":"","_kad_blocks_body_custom_js":"","_kad_blocks_footer_custom_js":""},"product_cat":[17,18,19],"product_tag":[],"class_list":{"0":"post-82540","1":"product","2":"type-product","3":"status-publish","4":"has-post-thumbnail","6":"product_cat-home-batteries","7":"product_cat-hybrid-inverters","8":"product_cat-sets-with-inverters","10":"first","11":"instock","12":"taxable","13":"shipping-taxable","14":"purchasable","15":"product-type-simple"},"taxonomy_info":{"product_cat":[{"value":17,"label":"Home batteries"},{"value":18,"label":"Hybrid inverters"},{"value":19,"label":"Sets with inverters"}]},"featured_image_src_large":["https:\/\/ownpowr.com\/wp-content\/uploads\/2024\/05\/photo-2024-02-21-15-07-10.jpg",800,800,false],"author_info":[],"comment_info":"","_links":{"self":[{"href":"https:\/\/ownpowr.com\/sv\/wp-json\/wp\/v2\/product\/82540","targetHints":{"allow":["GET"]}}],"collection":[{"href":"https:\/\/ownpowr.com\/sv\/wp-json\/wp\/v2\/product"}],"about":[{"href":"https:\/\/ownpowr.com\/sv\/wp-json\/wp\/v2\/types\/product"}],"wp:featuredmedia":[{"embeddable":true,"href":"https:\/\/ownpowr.com\/sv\/wp-json\/wp\/v2\/media\/82535"}],"wp:attachment":[{"href":"https:\/\/ownpowr.com\/sv\/wp-json\/wp\/v2\/media?parent=82540"}],"wp:term":[{"taxonomy":"product_cat","embeddable":true,"href":"https:\/\/ownpowr.com\/sv\/wp-json\/wp\/v2\/product_cat?post=82540"},{"taxonomy":"product_tag","embeddable":true,"href":"https:\/\/ownpowr.com\/sv\/wp-json\/wp\/v2\/product_tag?post=82540"}],"curies":[{"name":"wp","href":"https:\/\/api.w.org\/{rel}","templated":true}]}}