{"id":831,"date":"2023-10-04T16:35:29","date_gmt":"2023-10-04T14:35:29","guid":{"rendered":"https:\/\/ownpowr.com\/product\/blauhoff-bess-all-in-one-10k-10kwh\/"},"modified":"2025-03-27T12:50:48","modified_gmt":"2025-03-27T10:50:48","slug":"k-star-all-in-one-10k-10kwh","status":"publish","type":"product","link":"https:\/\/ownpowr.com\/sv\/product\/blauhoff-bess-allt-i-ett-10k-10kwh\/","title":{"rendered":"K-stars All-in-One trefasig lagringsl\u00f6sning 10K\/10kWh"},"content":{"rendered":"<div class=\"proInfos proInfos2 clearfix\">\n<div class=\"left\">\n<p>K-stars allt-i-ett-l\u00f6sning f\u00f6r trefaslagring (3-fas)<\/p>\n<p>Viktiga f\u00f6rdelar<\/p>\n<ul>\n<li>Anv\u00e4nder CATL h\u00f6gpresterande LFP-batteri, k\u00e4nt f\u00f6r sin kvalitet och \u00e4r bland de fr\u00e4msta cellleverant\u00f6rerna.<\/li>\n<li>Kan hantera en betydande 20KW PV-inmatning, med 10KW f\u00f6r laddning och 10KW f\u00f6r AC-utmatning.<\/li>\n<li>Har en modul\u00e4r design som g\u00f6r det m\u00f6jligt att bygga ut energilagringssystemet med flera 5.12KWH-enheter.<\/li>\n<li>Ger en robust 10KW 3-fas reservutg\u00e5ng, med en omkopplingstid p\u00e5 mindre \u00e4n 20 ms mellan till- och fr\u00e5nkoppling av n\u00e4tet.<\/li>\n<li>Inkluderar ett energihanteringssystem (EMS), vilket g\u00f6r den m\u00e5ngsidig f\u00f6r olika till\u00e4mpningar.<\/li>\n<li>St\u00f6djer maximalt 4 enheter parallellt f\u00f6r reservkraft i off-grid-l\u00e4ge.<\/li>\n<li>Str\u00f6mlinjeformad allt-i-ett-design f\u00f6r bekv\u00e4mlighet och effektivitet.<\/li>\n<li>Har h\u00f6g verkningsgrad och n\u00e5r upp till 97,6%.<\/li>\n<li>IP65-skydd f\u00f6r h\u00e5llbarhet och motst\u00e5ndskraft.<\/li>\n<li>Valfri funktion f\u00f6r \u00f6vervakning av str\u00e4ngar.<\/li>\n<li>F\u00f6renklar installationsf\u00f6rfarandena.<\/li>\n<li>Utrustad med en digital styrenhet.<\/li>\n<li>Med \u00f6versp\u00e4nningsskydd f\u00f6r DC\/AC.<\/li>\n<li>Inneh\u00e5ller en regulator f\u00f6r reaktiv effekt.<\/li>\n<\/ul>\n<p>BluE-S- E10KT<\/p>\n<p>2 x 5.1k Pack<\/p>\n<p>1x anslutningssats f\u00f6r Blue- 2x 5.1-paket<\/p>\n<p>Information om garanti<\/p>\n<ul>\n<li>Levereras med 10 \u00e5rs garanti.<\/li>\n<li>Konstruerad f\u00f6r imponerande 10 000 cykler.<\/li>\n<\/ul>\n<p>S\u00e4rskilt installationserbjudande<\/p>\n<ul>\n<li>Tillg\u00e4nglig f\u00f6r installation i Nederl\u00e4nderna till ett specialpris p\u00e5 endast 750 euro!<\/li>\n<\/ul>\n<p><a href=\"https:\/\/ownpowr.com\/wp-content\/uploads\/2023\/10\/datasheet-k-star-blue.pdf\" target=\"_blank\" rel=\"noopener\">Datablad K-Star BluE<\/a><\/p>\n<\/div>\n<\/div>\n<div class=\"hotBuy hotBuy2 clearfix\">\n<div class=\"left\">\n<div class=\"a\">\n<p>&nbsp;<\/p>\n<\/div>\n<\/div>\n<\/div>","protected":false},"excerpt":{"rendered":"<p>Blauhoff<\/p>\n<p>10 \u00e5rs garanti<\/p>\n<p>10000 cykler<\/p>\n<p>80% DOD<\/p>","protected":false},"featured_media":832,"template":"","meta":{"_seopress_robots_primary_cat":"none","_seopress_titles_title":"K-star All-In-One Three Phase Storage Solution | High Performance LFP Battery","_seopress_titles_desc":"Get the K-star All-In-One Three Phase Storage Solution with CATL high performance LFP battery. 20KW PV input, modular design, easy installation, and more.","_seopress_robots_index":"","_kad_blocks_custom_css":"","_kad_blocks_head_custom_js":"","_kad_blocks_body_custom_js":"","_kad_blocks_footer_custom_js":""},"product_cat":[17,19],"product_tag":[],"class_list":{"0":"post-831","1":"product","2":"type-product","3":"status-publish","4":"has-post-thumbnail","6":"product_cat-home-batteries","7":"product_cat-sets-with-inverters","9":"first","10":"instock","11":"sale","12":"taxable","13":"shipping-taxable","14":"purchasable","15":"product-type-simple"},"taxonomy_info":{"product_cat":[{"value":17,"label":"Home batteries"},{"value":19,"label":"Sets with inverters"}]},"featured_image_src_large":["https:\/\/ownpowr.com\/wp-content\/uploads\/2023\/04\/Ontwerp-zonder-titel-1024x1024.png",1024,1024,true],"author_info":[],"comment_info":"","_links":{"self":[{"href":"https:\/\/ownpowr.com\/sv\/wp-json\/wp\/v2\/product\/831","targetHints":{"allow":["GET"]}}],"collection":[{"href":"https:\/\/ownpowr.com\/sv\/wp-json\/wp\/v2\/product"}],"about":[{"href":"https:\/\/ownpowr.com\/sv\/wp-json\/wp\/v2\/types\/product"}],"wp:featuredmedia":[{"embeddable":true,"href":"https:\/\/ownpowr.com\/sv\/wp-json\/wp\/v2\/media\/832"}],"wp:attachment":[{"href":"https:\/\/ownpowr.com\/sv\/wp-json\/wp\/v2\/media?parent=831"}],"wp:term":[{"taxonomy":"product_cat","embeddable":true,"href":"https:\/\/ownpowr.com\/sv\/wp-json\/wp\/v2\/product_cat?post=831"},{"taxonomy":"product_tag","embeddable":true,"href":"https:\/\/ownpowr.com\/sv\/wp-json\/wp\/v2\/product_tag?post=831"}],"curies":[{"name":"wp","href":"https:\/\/api.w.org\/{rel}","templated":true}]}}