{"id":902,"date":"2023-10-04T16:42:22","date_gmt":"2023-10-04T14:42:22","guid":{"rendered":"https:\/\/ownpowr.com\/product\/koyoe-20kw-three-phase-include-wire-wifi-smart-meter\/"},"modified":"2025-03-27T13:38:52","modified_gmt":"2025-03-27T11:38:52","slug":"koyoe-20kw-three-phase-include-wire-wifi-smart-meter","status":"publish","type":"product","link":"https:\/\/ownpowr.com\/sv\/product\/koyoe-20kw-trefas-inkluderar-trad-wifi-smart-matare\/","title":{"rendered":"Koyoe 20kw trefas v\u00e4xelriktare, inkludera kabel, wifi, smart m\u00e4tare"},"content":{"rendered":"<h1>Koyoe 20kw trefas v\u00e4xelriktare, inkludera kabel, wifi, smart m\u00e4tare<\/h1>\n<p>Varum\u00e4rke: Koyoe<\/p>\n<p>Produktkod \/ SKU: KY-EST20KH<\/p>\n<p>&nbsp;<\/p>\n<h2>Beskrivning<\/h2>\n<p><strong>Modul\u00e4r konstruktion<\/strong><\/p>\n<p>Modul\u00e4r design, staplad installation enkelt utseende de sign, integration av modem hem;<\/p>\n<p><strong>Smar Switch<\/strong><\/p>\n<p>Drift utanf\u00f6r eln\u00e4tet, st\u00f6d f\u00f6r n\u00f6dstr\u00f6mf\u00f6rs\u00f6rjning och s\u00f6ml\u00f6s v\u00e4xling;<\/p>\n<p><strong>Brett ing\u00e5ngsomr\u00e5de f\u00f6r sp\u00e4nning<\/strong><\/p>\n<p>Ultrabrett PV-sp\u00e4nningsintervall 120V-500V, batteri och Ultrabrett sp\u00e4nningsintervall 85V-450V;<\/p>\n<p><strong>S\u00e4ker och tillf\u00f6rlitlig<\/strong><\/p>\n<p>Smart luftkylning, l\u00e5g temperatur\u00f6kning. L\u00e5ng livsl\u00e4ngd, flera skyddsfunktioner;<\/p>\n<p><strong>Smart och enkelt<\/strong><\/p>\n<p>St\u00f6d f\u00f6r GPRS\/WIFI\/RS485\/USBLCD-design, st\u00f6d f\u00f6r fj\u00e4rr\u00f6vervakning;<\/p>\n<p><strong>H\u00f6g energieffektivitet<\/strong><\/p>\n<p>Mindre minskning av uteffekten vid h\u00f6ga temperaturer,<br \/>\nmed f\u00f6rb\u00e4ttrad effektivitet, maximal PV-inmatningseffekt upp till<br \/>\n1,3X nominell effekt<\/p>\n<p>&nbsp;<\/p>\n<p>Nedladdningar<\/p>\n<p><a href=\"https:\/\/storeyourownpower.com\/wp-content\/uploads\/2023\/05\/Templates_cn_file_Ess-Warranty.pdf\">_Templates_cn_file_Ess Garanti<\/a><\/p>\n<p><a href=\"https:\/\/storeyourownpower.com\/wp-content\/uploads\/2023\/05\/Templates_cn_file_energy_10kw.pdf\">_Templates_cn_file_energi_10kw<\/a><\/p>","protected":false},"excerpt":{"rendered":"<p>Koyoe 20kw Inverter Trefas, inkluderar tr\u00e5d, wifi, smart m\u00e4tare M\u00e4rke: Koyoe Produktkod \/ SKU: KY-EST20KH Beskrivning Modul\u00e4r design Modul\u00e4r design, staplad installation enkelt utseende de sign, integration [...]<\/p>","protected":false},"featured_media":903,"template":"","meta":{"_seopress_robots_primary_cat":"none","_seopress_titles_title":"Koyoe 20kw Inverter Three Phase - Wire, WiFi, Smart Meter","_seopress_titles_desc":"Introducing the Koyoe 20kw Inverter Three Phase with modular design for simple installation. Enjoy seamless switching and emergency power supply. Wide voltage input range ensures safe operation. Smart air cooling and multiple protection functions guarantee reliability. Remote monitoring and high power efficiency make this inverter a smart choice for your energy needs.","_seopress_robots_index":"","_kad_blocks_custom_css":"","_kad_blocks_head_custom_js":"","_kad_blocks_body_custom_js":"","_kad_blocks_footer_custom_js":""},"product_cat":[18],"product_tag":[],"class_list":{"0":"post-902","1":"product","2":"type-product","3":"status-publish","4":"has-post-thumbnail","6":"product_cat-hybrid-inverters","8":"first","9":"instock","10":"sale","11":"taxable","12":"shipping-taxable","13":"purchasable","14":"product-type-simple"},"taxonomy_info":{"product_cat":[{"value":18,"label":"Hybrid inverters"}]},"featured_image_src_large":["https:\/\/ownpowr.com\/wp-content\/uploads\/2023\/05\/Koyoe-10kW-3-Phase-Hybrid-Inverter1-1024x1024.png",1024,1024,true],"author_info":[],"comment_info":"","_links":{"self":[{"href":"https:\/\/ownpowr.com\/sv\/wp-json\/wp\/v2\/product\/902","targetHints":{"allow":["GET"]}}],"collection":[{"href":"https:\/\/ownpowr.com\/sv\/wp-json\/wp\/v2\/product"}],"about":[{"href":"https:\/\/ownpowr.com\/sv\/wp-json\/wp\/v2\/types\/product"}],"wp:featuredmedia":[{"embeddable":true,"href":"https:\/\/ownpowr.com\/sv\/wp-json\/wp\/v2\/media\/903"}],"wp:attachment":[{"href":"https:\/\/ownpowr.com\/sv\/wp-json\/wp\/v2\/media?parent=902"}],"wp:term":[{"taxonomy":"product_cat","embeddable":true,"href":"https:\/\/ownpowr.com\/sv\/wp-json\/wp\/v2\/product_cat?post=902"},{"taxonomy":"product_tag","embeddable":true,"href":"https:\/\/ownpowr.com\/sv\/wp-json\/wp\/v2\/product_tag?post=902"}],"curies":[{"name":"wp","href":"https:\/\/api.w.org\/{rel}","templated":true}]}}