{"id":917,"date":"2023-10-04T16:42:59","date_gmt":"2023-10-04T14:42:59","guid":{"rendered":"https:\/\/ownpowr.com\/product\/pylontech-force-h1-bmu-base-v2\/"},"modified":"2025-02-20T12:30:23","modified_gmt":"2025-02-20T10:30:23","slug":"pylontech-force-h1-bmu-v2","status":"publish","type":"product","link":"https:\/\/ownpowr.com\/sv\/product\/pylontech-force-h1-bmu-v2\/","title":{"rendered":"Pylontech kraft H1 BMU bas V2"},"content":{"rendered":"<p>Pylontech Force H1 V2 BMU bas batterihanteringsenhet<\/p>\n<p>Pylontech Force H1 V2 BMU Base Battery Management Unit fungerar som kommunikationsl\u00e4nk mellan Force H1-batteriet och v\u00e4xelriktaren. Observera att det kr\u00e4vs en BMU per batteristapel.<\/p>\n<ul>\n<li>Underl\u00e4ttar kommunikationen mellan Force H1-batteriet och v\u00e4xelriktaren.<\/li>\n<\/ul>\n<p>Pylontech \u00e4r specialiserat p\u00e5 tillverkning av h\u00f6g- och l\u00e5gsp\u00e4nningsbatterier f\u00f6r bost\u00e4der och kommersiella applikationer.<\/p>\n<p>Mer information finns i produktdokumenten.<\/p>\n<ul>\n<li><a title=\"Datablad Pylontech Force H1 yoa2dg9dkeusferjubbq doc l\u00e4nk\" href=\"https:\/\/res.cloudinary.com\/gpceurope\/image\/upload\/v1620655621\/yoa2dg9dkeusferjubbq.pdf\" target=\"_blank\" rel=\"noopener\">\u00a0Datablad Pylontech Force H1<\/a><\/li>\n<li><a title=\"Lista \u00f6ver kompatibla v\u00e4xelriktare Pylontech wnvulbkipwxriesvmtmj doc l\u00e4nk\" href=\"https:\/\/res.cloudinary.com\/gpceurope\/image\/upload\/v1620655628\/wnvulbkipwxriesvmtmj.pdf\" target=\"_blank\" rel=\"noopener\">\u00a0Lista \u00f6ver kompatibla v\u00e4xelriktare Pylontech<\/a><\/li>\n<li><a title=\"Installationshandbok Pylontech Force H1 ndvnntilslprssd02qcw doc l\u00e4nk\" href=\"https:\/\/res.cloudinary.com\/gpceurope\/image\/upload\/v1620655640\/ndvnntilslprssd02qcw.pdf\" target=\"_blank\" rel=\"noopener\">\u00a0Installationshandbok Pylontech Force H1<\/a><\/li>\n<li><a title=\"Begr\u00e4nsad garanti quvv15iw5v0lk6cavph9 dokumentl\u00e4nk\" href=\"https:\/\/res.cloudinary.com\/gpceurope\/image\/upload\/v1645348537\/quvv15iw5v0lk6cavph9.pdf\" target=\"_blank\" rel=\"noopener\">\u00a0Begr\u00e4nsad garanti<\/a><\/li>\n<li><a href=\"https:\/\/storeyourownpower.com\/wp-content\/uploads\/2022\/10\/Datasheet-English-2.pdf\" target=\"_blank\" rel=\"noopener\">Datablad Engelska<\/a><\/li>\n<li><a href=\"https:\/\/storeyourownpower.com\/wp-content\/uploads\/2022\/10\/Compatibility-list-English.pdf\" target=\"_blank\" rel=\"noopener\">Kompatibilitetslista Engelska<\/a><\/li>\n<li><a href=\"https:\/\/storeyourownpower.com\/wp-content\/uploads\/2022\/10\/Operation-manual-English.pdf\" target=\"_blank\" rel=\"noopener\">Bruksanvisning Engelska<\/a><\/li>\n<li><a href=\"https:\/\/storeyourownpower.com\/wp-content\/uploads\/2022\/10\/Consumer-Warranty.pdf\" target=\"_blank\" rel=\"noopener\">Konsumentgaranti<\/a><\/li>\n<\/ul>","protected":false},"excerpt":{"rendered":"<p>Denna basmodul \u00e4r redo f\u00f6r Kostal v\u00e4xelriktare !!!<\/p>","protected":false},"featured_media":425,"template":"","meta":{"_seopress_robots_primary_cat":"none","_seopress_titles_title":"PYLONTECH FORCE H1 V2 BMU Base Battery Management Unit","_seopress_titles_desc":"Communication unit between the Force H1 battery and the inverter. Find product documents, compatibility list, installation manual, and warranty.","_seopress_robots_index":"","_kad_blocks_custom_css":"","_kad_blocks_head_custom_js":"","_kad_blocks_body_custom_js":"","_kad_blocks_footer_custom_js":""},"product_cat":[17],"product_tag":[],"class_list":{"0":"post-917","1":"product","2":"type-product","3":"status-publish","4":"has-post-thumbnail","6":"product_cat-home-batteries","8":"first","9":"instock","10":"sale","11":"taxable","12":"shipping-taxable","13":"purchasable","14":"product-type-simple"},"taxonomy_info":{"product_cat":[{"value":17,"label":"Home batteries"}]},"featured_image_src_large":["https:\/\/ownpowr.com\/wp-content\/uploads\/2023\/05\/IMG_0548.webp",800,408,false],"author_info":[],"comment_info":"","_links":{"self":[{"href":"https:\/\/ownpowr.com\/sv\/wp-json\/wp\/v2\/product\/917","targetHints":{"allow":["GET"]}}],"collection":[{"href":"https:\/\/ownpowr.com\/sv\/wp-json\/wp\/v2\/product"}],"about":[{"href":"https:\/\/ownpowr.com\/sv\/wp-json\/wp\/v2\/types\/product"}],"wp:featuredmedia":[{"embeddable":true,"href":"https:\/\/ownpowr.com\/sv\/wp-json\/wp\/v2\/media\/425"}],"wp:attachment":[{"href":"https:\/\/ownpowr.com\/sv\/wp-json\/wp\/v2\/media?parent=917"}],"wp:term":[{"taxonomy":"product_cat","embeddable":true,"href":"https:\/\/ownpowr.com\/sv\/wp-json\/wp\/v2\/product_cat?post=917"},{"taxonomy":"product_tag","embeddable":true,"href":"https:\/\/ownpowr.com\/sv\/wp-json\/wp\/v2\/product_tag?post=917"}],"curies":[{"name":"wp","href":"https:\/\/api.w.org\/{rel}","templated":true}]}}