{"id":932,"date":"2023-10-04T16:37:39","date_gmt":"2023-10-04T14:37:39","guid":{"rendered":"https:\/\/ownpowr.com\/product\/enphase-encharge-3t-battery-only-15-year-warantee\/"},"modified":"2025-04-02T14:31:50","modified_gmt":"2025-04-02T12:31:50","slug":"enphase-encharge-3t-battery","status":"publish","type":"product","link":"https:\/\/ownpowr.com\/sv\/product\/enphase-encharge-3t-batteri\/","title":{"rendered":"Enphase Encharge 3T-batteri"},"content":{"rendered":"<p>Enphase Encharge 3T med 15 \u00e5rs garanti<\/p>\n<p>Observera: Installat\u00f6rscertifiering kr\u00e4vs! Bes\u00f6k Enphase University f\u00f6r att slutf\u00f6ra din certifiering.<\/p>\n<p>Enphase IQ-batteri 3T\/10T F\u00f6rdelar med Enphase IQ 3T och 10T:<\/p>\n<ul>\n<li>Fullt integrerat AC-batterisystem med integrerade IQ 8X-BAT mikroinverterare<\/li>\n<li>Enkel anslutning till v\u00e4xelstr\u00f6msn\u00e4tet i en vanlig hush\u00e5llsinstallation<\/li>\n<li>Anpassar sig exakt till anv\u00e4ndarens specifika omst\u00e4ndigheter<\/li>\n<li>Anv\u00e4ndarv\u00e4nlig styrning och \u00f6vervakning via en mobilapp<\/li>\n<li>Passivt kylsystem (inga r\u00f6rliga delar eller fl\u00e4ktar)<\/li>\n<li>Exceptionell h\u00e5llbarhet med 10 \u00e5rs garanti<\/li>\n<li>Installat\u00f6rscertifiering \u00e4r obligatorisk f\u00f6r batteriinstallation. Kontakta din Enphase account manager f\u00f6r mer information om certifiering.<\/li>\n<li>Se till att du har Art. 270072 - Enphase - IQ Gateway-S M\u00e4tt enhet.<\/li>\n<li>Enphase IQ 3T har en total lagringskapacitet p\u00e5 3,5 kWh, med fyra integrerade mikroinverterare med en sammanlagd uteffekt p\u00e5 1,28 kW.<\/li>\n<li>Installat\u00f6rerna kan enkelt anpassa systemstorleken f\u00f6r att uppfylla kraven fr\u00e5n nya kunder s\u00e5v\u00e4l som de som har befintliga solpaneler.<\/li>\n<\/ul>\n<p>Encharge 3T batterilagringssystem med integrerade mikroinverterare i Enphase IQ-serien och batterihanteringsenhet (BMU).<\/p>\n<p>Detta set inneh\u00e5ller:<\/p>\n<ul>\n<li>1x Encharge 3T basenhet (ENP-B03-T01-INT00-1-2)<\/li>\n<\/ul>\n<p>Njut av sinnesfriden som kommer med Enphase Encharge 3T, som backas upp av en gener\u00f6s 15-\u00e5rsgaranti. Observera kravet p\u00e5 installat\u00f6rscertifiering f\u00f6r korrekt installation och konfiguration.<\/p>\n<p><strong>Mer information finns h\u00e4r:<\/strong><\/p>\n<ul>\n<li><a href=\"https:\/\/storeyourownpower.com\/wp-content\/uploads\/2022\/12\/Datenblatt-German-Encharge-3T.pdf\" target=\"_blank\" rel=\"noopener\">Datenblatt Tyska Laddning 3T<\/a><\/li>\n<li><a href=\"https:\/\/storeyourownpower.com\/wp-content\/uploads\/2022\/12\/Datasheet-English-Encharge-3T.pdf\" target=\"_blank\" rel=\"noopener\">Datablad Engelska Encharge 3T<\/a><\/li>\n<li><a href=\"https:\/\/storeyourownpower.com\/wp-content\/uploads\/2022\/12\/Warranty-terms-English-Encharge-3T.pdf\" target=\"_blank\" rel=\"noopener\">Garantivillkor Engelska Ladda 3T<\/a><\/li>\n<li><a href=\"https:\/\/storeyourownpower.com\/wp-content\/uploads\/2022\/12\/Warranty-terms-German-Encharge-3T.pdf\" target=\"_blank\" rel=\"noopener\">Garantivillkor tyska Encharge 3T<\/a><\/li>\n<li><a href=\"https:\/\/storeyourownpower.com\/wp-content\/uploads\/2022\/12\/Mounting-instructions-English-Encharge-3T.pdf\" target=\"_blank\" rel=\"noopener\">Monteringsanvisning Engelska Encharge 3T<\/a><\/li>\n<\/ul>","protected":false},"excerpt":{"rendered":"<p>15 \u00e5rs garanti i detta pris!<\/p>","protected":false},"featured_media":39969,"template":"","meta":{"_seopress_robots_primary_cat":"none","_seopress_titles_title":"Enphase Encharge 3T: 15-Year Warranty, Installer Certification Required","_seopress_titles_desc":"Discover the advantages of Enphase IQ Battery 3T\/10T, a fully integrated AC battery system that optimally adjusts to your needs. Get certified at Enphase University.","_seopress_robots_index":"","_kad_blocks_custom_css":"","_kad_blocks_head_custom_js":"","_kad_blocks_body_custom_js":"","_kad_blocks_footer_custom_js":""},"product_cat":[17],"product_tag":[],"class_list":{"0":"post-932","1":"product","2":"type-product","3":"status-publish","4":"has-post-thumbnail","6":"product_cat-home-batteries","8":"first","9":"outofstock","10":"sale","11":"taxable","12":"shipping-taxable","13":"purchasable","14":"product-type-simple"},"taxonomy_info":{"product_cat":[{"value":17,"label":"Home batteries"}]},"featured_image_src_large":["https:\/\/ownpowr.com\/wp-content\/uploads\/2023\/10\/enphase-iq-batterij-3t-achterkant-900x900-2.jpeg",658,658,false],"author_info":[],"comment_info":"","_links":{"self":[{"href":"https:\/\/ownpowr.com\/sv\/wp-json\/wp\/v2\/product\/932","targetHints":{"allow":["GET"]}}],"collection":[{"href":"https:\/\/ownpowr.com\/sv\/wp-json\/wp\/v2\/product"}],"about":[{"href":"https:\/\/ownpowr.com\/sv\/wp-json\/wp\/v2\/types\/product"}],"wp:featuredmedia":[{"embeddable":true,"href":"https:\/\/ownpowr.com\/sv\/wp-json\/wp\/v2\/media\/39969"}],"wp:attachment":[{"href":"https:\/\/ownpowr.com\/sv\/wp-json\/wp\/v2\/media?parent=932"}],"wp:term":[{"taxonomy":"product_cat","embeddable":true,"href":"https:\/\/ownpowr.com\/sv\/wp-json\/wp\/v2\/product_cat?post=932"},{"taxonomy":"product_tag","embeddable":true,"href":"https:\/\/ownpowr.com\/sv\/wp-json\/wp\/v2\/product_tag?post=932"}],"curies":[{"name":"wp","href":"https:\/\/api.w.org\/{rel}","templated":true}]}}